{"id":3033,"date":"2023-09-19T19:35:08","date_gmt":"2023-09-19T17:35:08","guid":{"rendered":"http:\/\/clinicaveterinariaelsllops.com\/?page_id=3033"},"modified":"2026-02-03T20:14:00","modified_gmt":"2026-02-03T19:14:00","slug":"esteriitzacio-mascotes","status":[],"type":"page","link":"https:\/\/clinicaveterinariaelsllops.com\/ca\/esteriitzacio-mascotes\/","title":{"rendered":"Esterilitzaci\u00f3 mascotes"},"content":{"rendered":"<p>[et_pb_section fb_built=&#8221;1&#8243; _builder_version=&#8221;4.16&#8243; background_image=&#8221;http:\/\/clinicaveterinariaelsllops.com\/wp-content\/uploads\/2019\/11\/ElsLlops_Banner_esterilizacion-gata-scaled.jpg&#8221; background_position=&#8221;bottom_center&#8221; min_height=&#8221;250px&#8221; locked=&#8221;off&#8221; global_colors_info=&#8221;{}&#8221;][et_pb_row _builder_version=&#8221;4.16&#8243; global_colors_info=&#8221;{}&#8221;][et_pb_column type=&#8221;4_4&#8243; _builder_version=&#8221;4.16&#8243; global_colors_info=&#8221;{}&#8221;][et_pb_post_title _builder_version=&#8221;4.16&#8243; global_colors_info=&#8221;{}&#8221;][\/et_pb_post_title][\/et_pb_column][\/et_pb_row][\/et_pb_section][et_pb_section fb_built=&#8221;1&#8243; _builder_version=&#8221;4.16&#8243; custom_padding=&#8221;||48px|||&#8221; global_colors_info=&#8221;{}&#8221;][et_pb_row _builder_version=&#8221;4.16&#8243; custom_margin=&#8221;-19px|auto||auto||&#8221; custom_padding=&#8221;||7px|||&#8221; global_colors_info=&#8221;{}&#8221;][et_pb_column type=&#8221;4_4&#8243; _builder_version=&#8221;4.16&#8243; global_colors_info=&#8221;{}&#8221;][et_pb_text _builder_version=&#8221;4.27.4&#8243; hover_enabled=&#8221;0&#8243; locked=&#8221;off&#8221; global_colors_info=&#8221;{}&#8221; sticky_enabled=&#8221;0&#8243; disabled_on=&#8221;on|on|on&#8221; disabled=&#8221;on&#8221;]<\/p>\n<h2 class=\"wsite-content-title\" style=\"text-align: center;\"><span style=\"color: #008c95;\">15% de descompte a l&#8217;octubre<\/span><\/h2>\n<p>[\/et_pb_text][et_pb_text _builder_version=&#8221;4.27.4&#8243; global_colors_info=&#8221;{}&#8221;]<\/p>\n<h3 class=\"wsite-content-title\" style=\"text-align: center;\"><span style=\"color: #008c95;\">Demana&#8217;ns una cita per a l&#8217;esterilitzaci\u00f3 de la teva mascota<\/span><\/h3>\n<p>[\/et_pb_text][et_pb_text _builder_version=&#8221;4.16&#8243; global_colors_info=&#8221;{}&#8221;]<\/p>\n<div class=\"paragraph\" style=\"text-align: center\"><strong>A Els Llops Cl\u00ednica Veterin\u00e0ria de Castelldefels realitzem serveis de cirurgia amb m\u00e9s de 18 anys d&#8217;experi\u00e8ncia.<\/strong><\/div>\n<div><\/div>\n<p>[\/et_pb_text][et_pb_image src=&#8221;http:\/\/clinicaveterinariaelsllops.com\/wp-content\/uploads\/2019\/10\/Separador-els-llops-scaled.jpg&#8221; _builder_version=&#8221;4.16&#8243; global_colors_info=&#8221;{}&#8221;][\/et_pb_image][et_pb_text _builder_version=&#8221;4.21.0&#8243; global_colors_info=&#8221;{}&#8221;]<\/p>\n<h2 class=\"wsite-content-title\" style=\"text-align: center\"><span style=\"color: #008c95\">Per qu\u00e8 \u00e9s millor esterilitzar el teu gos o gat?<\/span><\/h2>\n<p>[\/et_pb_text][\/et_pb_column][\/et_pb_row][et_pb_row column_structure=&#8221;1_2,1_2&#8243; _builder_version=&#8221;4.16&#8243; global_colors_info=&#8221;{}&#8221;][et_pb_column type=&#8221;1_2&#8243; _builder_version=&#8221;4.16&#8243; global_colors_info=&#8221;{}&#8221;][et_pb_image src=&#8221;http:\/\/clinicaveterinariaelsllops.com\/wp-content\/uploads\/2023\/02\/clinicaveteriariaelsllopscastelldefels-perro.jpg&#8221; alt=&#8221;veterinario con gato y propietario&#8221; title_text=&#8221;clinicaveteriariaelsllopscastelldefels-perro&#8221; _builder_version=&#8221;4.21.0&#8243; global_colors_info=&#8221;{}&#8221;][\/et_pb_image][\/et_pb_column][et_pb_column type=&#8221;1_2&#8243; _builder_version=&#8221;4.16&#8243; global_colors_info=&#8221;{}&#8221;][et_pb_text _builder_version=&#8221;4.21.0&#8243; custom_margin=&#8221;32px|||||&#8221; global_colors_info=&#8221;{}&#8221;]<\/p>\n<p><span>L&#8217;esterilitzaci\u00f3 de les mascotes al nostre centre veterinari de Castelldefels permet allargar la seva vida perqu\u00e8 redueix la possibilitat de desenvolupar greus malalties. En eliminar l&#8217;aparell reproductor eliminem d&#8217;una sola vegada la possibilitat de desenvolupar qualsevol malaltia d&#8217;aquesta i altres el detonant s\u00f3n les hormones sexuals com, per exemple, molts tumors mamaris. L&#8217;esterilitzaci\u00f3 afavoreix la interacci\u00f3 del propietari amb la seva mascota, ja que baixa l&#8217;estr\u00e8s que causa el canvi hormonal.<\/span><\/p>\n<p><span>\u200bUn animal esterilitzat en sortir al carrer i creuar-se amb altres de la seva esp\u00e8cie, t\u00e9 menys ganes de barallar-se, estira menys de la corretja en donar el passeig, marca menys i est\u00e0 m\u00e9s tranquil.<\/span><\/p>\n<p>[\/et_pb_text][\/et_pb_column][\/et_pb_row][et_pb_row column_structure=&#8221;1_2,1_2&#8243; _builder_version=&#8221;4.16&#8243; global_colors_info=&#8221;{}&#8221;][et_pb_column type=&#8221;1_2&#8243; _builder_version=&#8221;4.16&#8243; global_colors_info=&#8221;{}&#8221;][et_pb_text _builder_version=&#8221;4.16&#8243; global_colors_info=&#8221;{}&#8221;]<\/p>\n<h2 class=\"wsite-content-title\">Serveis inclosos:<\/h2>\n<div class=\"paragraph\">\n<p><strong>Consulta preoperat\u00f2ria<\/strong><\/p>\n<ul>\n<li><span style=\"font-size: 16px\">Perfil preanest\u00e8sic (opcional)<\/span><\/li>\n<li><span style=\"font-size: 16px\">Exploraci\u00f3 completa<\/span><\/li>\n<\/ul>\n<p><strong>Anest\u00e8sia<\/strong><\/p>\n<ul>\n<li>Intubaci\u00f3 i oxigen<\/li>\n<li>Anest\u00e8sic inhalatori: isoflurans<\/li>\n<li>Seroter\u00e0pia durant la intervenci\u00f3<\/li>\n<li>Analg\u00e8sics intra-operatoris<\/li>\n<\/ul>\n<p><strong>M\u00e0xim control monitorat<\/strong><\/p>\n<ul>\n<li>Temperatura corporal<\/li>\n<li>Freq\u00fc\u00e8ncia respirat\u00f2ria i card\u00edaca<\/li>\n<li>Arr\u00edtmies card\u00edaques<\/li>\n<\/ul>\n<p><strong>Control post anest\u00e8sic<\/strong><\/p>\n<ul>\n<li>Hospitalitzaci\u00f3 de dia<\/li>\n<li>Seguiment i control evolutiu<\/li>\n<\/ul>\n<p><strong>Consulta post operat\u00f2ria<\/strong><\/p>\n<ul>\n<li>Revisions de seguiment i control (2 dies)<\/li>\n<li>Revisions de control punts de sutura (10 dies)\u00a0<\/li>\n<\/ul>\n<\/div>\n<div class=\"paragraph\">\n<ul><\/ul>\n<\/div>\n<p>[\/et_pb_text][\/et_pb_column][et_pb_column type=&#8221;1_2&#8243; _builder_version=&#8221;4.16&#8243; global_colors_info=&#8221;{}&#8221;][et_pb_text _builder_version=&#8221;4.16&#8243; global_colors_info=&#8221;{}&#8221;]<\/p>\n<h2 class=\"wsite-content-title\">T\u00e8cnica quir\u00fargica<\/h2>\n<div class=\"paragraph\">En el cas de l&#8217;esterilitzaci\u00f3 de les femelles s&#8217;extirpen els ovaris i la matriu, i en els mascles s&#8217;extirpen els testicles (\u00e9s el que es denomina com castraci\u00f3).<\/p>\n<p>\u200bEn els dos casos l&#8217;anest\u00e8sia \u00e9s inhalat\u00f2ria i l&#8217;animal romandr\u00e0 en tot moment monitoritzat i sota supervisi\u00f3 de les seves constants vitals.<\/p><\/div>\n<p>[\/et_pb_text][et_pb_text _builder_version=&#8221;4.16&#8243; global_colors_info=&#8221;{}&#8221;]<\/p>\n<h2 class=\"wsite-content-title\">Cures postoperat\u00f2ries<\/h2>\n<div class=\"paragraph\">Consisteix en la desinfecci\u00f3 de la zona d&#8217;incisi\u00f3 on hi ha la sutura i en l&#8217;administraci\u00f3 d&#8217;antibi\u00f2tics i anti inflamatoris durant uns pocs dies.<\/p>\n<p>Nosaltres supervisarem la correcta evoluci\u00f3 de la cicatritzaci\u00f3 les vegades que sigui necessari.<\/p><\/div>\n<p>[\/et_pb_text][et_pb_text disabled_on=&#8221;on|on|on&#8221; _builder_version=&#8221;4.19.4&#8243; custom_padding=&#8221;||6px|||&#8221; disabled=&#8221;on&#8221; global_colors_info=&#8221;{}&#8221;]<\/p>\n<h2 class=\"wsite-content-title\"><span style=\"color: #008c95\">Preus<\/span><\/h2>\n<p>[\/et_pb_text][et_pb_text disabled_on=&#8221;on|on|on&#8221; _builder_version=&#8221;4.19.4&#8243; disabled=&#8221;on&#8221; global_colors_info=&#8221;{}&#8221;]<\/p>\n<table class=\"simple-table style-basic\">\n<tbody>\n<tr>\n<td class=\"cell\" style=\"width: 229.266px\">\n<div class=\"paragraph\">\n<p><span style=\"color: #008f98\"><strong>Preu esterilitzaci\u00f3 gata<\/strong><\/span><\/p>\n<div class=\"paragraph\"><span>Preu sense dte: 220\u20ac (IVA INCL\u00d2S)<\/span><\/div>\n<\/div>\n<\/td>\n<td class=\"cell\" style=\"width: 63.7344px\">\n<div class=\"paragraph\"><strong><span style=\"color: #008f98\">187\u20ac<\/span><\/strong><\/div>\n<\/td>\n<\/tr>\n<tr>\n<td class=\"cell\" style=\"width: 229.266px\">\n<div class=\"paragraph\">\n<p><span style=\"color: #008f98\"><b>Perfil preanest\u00e8sic (opcional)<\/b><\/span><\/p>\n<div class=\"paragraph\"><span>Preu sense dte: 56\u20ac (IVA INCL\u00d2S)<\/span><\/div>\n<\/div>\n<\/td>\n<td class=\"cell\" style=\"width: 63.7344px\">\n<div class=\"paragraph\"><strong><span style=\"color: #008f98\">47,6\u20ac<\/span><\/strong><\/div>\n<\/td>\n<\/tr>\n<\/tbody>\n<\/table>\n<p>[\/et_pb_text][\/et_pb_column][\/et_pb_row][et_pb_row _builder_version=&#8221;4.16&#8243; custom_padding=&#8221;29px||69px|||&#8221; global_colors_info=&#8221;{}&#8221;][et_pb_column type=&#8221;4_4&#8243; _builder_version=&#8221;4.16&#8243; global_colors_info=&#8221;{}&#8221;][et_pb_button button_url=&#8221;@ET-DC@eyJkeW5hbWljIjp0cnVlLCJjb250ZW50IjoicG9zdF9saW5rX3VybF9wb3N0Iiwic2V0dGluZ3MiOnsicG9zdF9pZCI6IjE0OTEiLCJlbmFibGVfaHRtbCI6Im9mZiJ9fQ==@&#8221; button_text=&#8221;Llegir sobre els beneficis d&#8217;esterilitzar la teva mascota&#8221; button_alignment=&#8221;center&#8221; _builder_version=&#8221;4.16&#8243; _dynamic_attributes=&#8221;button_url&#8221; custom_margin=&#8221;||47px|||&#8221; global_colors_info=&#8221;{}&#8221;][\/et_pb_button][et_pb_text _builder_version=&#8221;4.21.0&#8243; global_colors_info=&#8221;{}&#8221;]<\/p>\n<div class=\"paragraph\" style=\"text-align: center\"><strong><span style=\"color: #008f98;font-size: x-large\">L&#8217;esterilitzaci\u00f3 de la teva mascota a Castelldefels permet allargar la seva vida perqu\u00e8 redueix la possibilitat de desenvolupar greus malalties.<\/span><\/strong><\/div>\n<p>[\/et_pb_text][et_pb_divider _builder_version=&#8221;4.16&#8243; global_colors_info=&#8221;{}&#8221;][\/et_pb_divider][et_pb_text _builder_version=&#8221;4.16&#8243; global_colors_info=&#8221;{}&#8221;]<\/p>\n<div class=\"paragraph\" style=\"text-align: center\">\n<div class=\"paragraph\"><span>Ara tenir cura de la teva mascota \u00e9s m\u00e9s f\u00e0cil. Ja pots fraccionar els pagaments dels productes i serveis veterinaris que facis al nostre centre. T&#8217;ajudem a cuidar de la teva mascota amb el\u00a0<\/span><strong>PAGAMENT FRACCIONAT FRAKMENTA.\u00a0<\/strong>\u200b<span><\/span><\/div>\n<div><\/div>\n<\/div>\n<div><\/div>\n<p>[\/et_pb_text][et_pb_button button_url=&#8221;@ET-DC@eyJkeW5hbWljIjp0cnVlLCJjb250ZW50IjoicG9zdF9saW5rX3VybF9wYWdlIiwic2V0dGluZ3MiOnsicG9zdF9pZCI6IjEwNzEiLCJlbmFibGVfaHRtbCI6Im9mZiJ9fQ==@&#8221; button_text=&#8221;Frakmenta&#8221; button_alignment=&#8221;center&#8221; _builder_version=&#8221;4.16&#8243; _dynamic_attributes=&#8221;button_url&#8221; global_colors_info=&#8221;{}&#8221;][\/et_pb_button][\/et_pb_column][\/et_pb_row][\/et_pb_section]<\/p>\n","protected":false},"excerpt":{"rendered":"<p>15% de descompte a l&#8217;octubreDemana&#8217;ns una cita per a l&#8217;esterilitzaci\u00f3 de la teva mascotaA Els Llops Cl\u00ednica Veterin\u00e0ria de Castelldefels realitzem serveis de cirurgia amb m\u00e9s de 18 anys d&#8217;experi\u00e8ncia. Per qu\u00e8 \u00e9s millor esterilitzar el teu gos o gat?L&#8217;esterilitzaci\u00f3 de les mascotes al nostre centre veterinari de Castelldefels permet allargar la seva vida perqu\u00e8 [&hellip;]<\/p>\n","protected":false},"author":2,"featured_media":0,"parent":0,"menu_order":0,"comment_status":"closed","ping_status":"closed","template":"","meta":{"_et_pb_use_builder":"on","_et_pb_old_content":"","_et_gb_content_width":"","footnotes":""},"class_list":["post-3033","page","type-page","status-publish","hentry"],"yoast_head":"<!-- This site is optimized with the Yoast SEO plugin v27.5 - https:\/\/yoast.com\/product\/yoast-seo-wordpress\/ -->\n<title>Esterilitzaci\u00f3 mascotes - Llops Cl\u00ednica Veterin\u00e0ria de Castelldefels<\/title>\n<meta name=\"description\" content=\"Esterilitza el teu gos o gat al nostre centre veterinari de Castelldefels per evitar malalties i cuidar la seva salut.\" \/>\n<meta name=\"robots\" content=\"index, follow, max-snippet:-1, max-image-preview:large, max-video-preview:-1\" \/>\n<link rel=\"canonical\" href=\"https:\/\/clinicaveterinariaelsllops.com\/ca\/esteriitzacio-mascotes\/\" \/>\n<meta property=\"og:locale\" content=\"ca_ES\" \/>\n<meta property=\"og:type\" content=\"article\" \/>\n<meta property=\"og:title\" content=\"Esterilitzaci\u00f3 mascotes - Llops Cl\u00ednica Veterin\u00e0ria de Castelldefels\" \/>\n<meta property=\"og:description\" content=\"Esterilitza el teu gos o gat al nostre centre veterinari de Castelldefels per evitar malalties i cuidar la seva salut.\" \/>\n<meta property=\"og:url\" content=\"https:\/\/clinicaveterinariaelsllops.com\/ca\/esteriitzacio-mascotes\/\" \/>\n<meta property=\"og:site_name\" content=\"Els Llops Cl\u00ednica Veterin\u00e0ria\" \/>\n<meta property=\"article:modified_time\" content=\"2026-02-03T19:14:00+00:00\" \/>\n<meta name=\"twitter:card\" content=\"summary_large_image\" \/>\n<meta name=\"twitter:label1\" content=\"Temps estimat de lectura\" \/>\n\t<meta name=\"twitter:data1\" content=\"3 minuts\" \/>\n<script type=\"application\/ld+json\" class=\"yoast-schema-graph\">{\"@context\":\"https:\\\/\\\/schema.org\",\"@graph\":[{\"@type\":\"WebPage\",\"@id\":\"https:\\\/\\\/clinicaveterinariaelsllops.com\\\/ca\\\/esteriitzacio-mascotes\\\/\",\"url\":\"https:\\\/\\\/clinicaveterinariaelsllops.com\\\/ca\\\/esteriitzacio-mascotes\\\/\",\"name\":\"Esterilitzaci\u00f3 mascotes - Llops Cl\u00ednica Veterin\u00e0ria de Castelldefels\",\"isPartOf\":{\"@id\":\"https:\\\/\\\/clinicaveterinariaelsllops.com\\\/ca\\\/#website\"},\"datePublished\":\"2023-09-19T17:35:08+00:00\",\"dateModified\":\"2026-02-03T19:14:00+00:00\",\"description\":\"Esterilitza el teu gos o gat al nostre centre veterinari de Castelldefels per evitar malalties i cuidar la seva salut.\",\"breadcrumb\":{\"@id\":\"https:\\\/\\\/clinicaveterinariaelsllops.com\\\/ca\\\/esteriitzacio-mascotes\\\/#breadcrumb\"},\"inLanguage\":\"ca\",\"potentialAction\":[{\"@type\":\"ReadAction\",\"target\":[\"https:\\\/\\\/clinicaveterinariaelsllops.com\\\/ca\\\/esteriitzacio-mascotes\\\/\"]}]},{\"@type\":\"BreadcrumbList\",\"@id\":\"https:\\\/\\\/clinicaveterinariaelsllops.com\\\/ca\\\/esteriitzacio-mascotes\\\/#breadcrumb\",\"itemListElement\":[{\"@type\":\"ListItem\",\"position\":1,\"name\":\"Home\",\"item\":\"https:\\\/\\\/clinicaveterinariaelsllops.com\\\/ca\\\/\"},{\"@type\":\"ListItem\",\"position\":2,\"name\":\"Esterilitzaci\u00f3 mascotes\"}]},{\"@type\":\"WebSite\",\"@id\":\"https:\\\/\\\/clinicaveterinariaelsllops.com\\\/ca\\\/#website\",\"url\":\"https:\\\/\\\/clinicaveterinariaelsllops.com\\\/ca\\\/\",\"name\":\"Els Llops Cl\u00ednica Veterin\u00e0ria\",\"description\":\"Els Llops Cl\u00ednica Veterin\u00e0ria de Castelldefels\",\"potentialAction\":[{\"@type\":\"SearchAction\",\"target\":{\"@type\":\"EntryPoint\",\"urlTemplate\":\"https:\\\/\\\/clinicaveterinariaelsllops.com\\\/ca\\\/?s={search_term_string}\"},\"query-input\":{\"@type\":\"PropertyValueSpecification\",\"valueRequired\":true,\"valueName\":\"search_term_string\"}}],\"inLanguage\":\"ca\"}]}<\/script>\n<!-- \/ Yoast SEO plugin. -->","yoast_head_json":{"title":"Esterilitzaci\u00f3 mascotes - Llops Cl\u00ednica Veterin\u00e0ria de Castelldefels","description":"Esterilitza el teu gos o gat al nostre centre veterinari de Castelldefels per evitar malalties i cuidar la seva salut.","robots":{"index":"index","follow":"follow","max-snippet":"max-snippet:-1","max-image-preview":"max-image-preview:large","max-video-preview":"max-video-preview:-1"},"canonical":"https:\/\/clinicaveterinariaelsllops.com\/ca\/esteriitzacio-mascotes\/","og_locale":"ca_ES","og_type":"article","og_title":"Esterilitzaci\u00f3 mascotes - Llops Cl\u00ednica Veterin\u00e0ria de Castelldefels","og_description":"Esterilitza el teu gos o gat al nostre centre veterinari de Castelldefels per evitar malalties i cuidar la seva salut.","og_url":"https:\/\/clinicaveterinariaelsllops.com\/ca\/esteriitzacio-mascotes\/","og_site_name":"Els Llops Cl\u00ednica Veterin\u00e0ria","article_modified_time":"2026-02-03T19:14:00+00:00","twitter_card":"summary_large_image","twitter_misc":{"Temps estimat de lectura":"3 minuts"},"schema":{"@context":"https:\/\/schema.org","@graph":[{"@type":"WebPage","@id":"https:\/\/clinicaveterinariaelsllops.com\/ca\/esteriitzacio-mascotes\/","url":"https:\/\/clinicaveterinariaelsllops.com\/ca\/esteriitzacio-mascotes\/","name":"Esterilitzaci\u00f3 mascotes - Llops Cl\u00ednica Veterin\u00e0ria de Castelldefels","isPartOf":{"@id":"https:\/\/clinicaveterinariaelsllops.com\/ca\/#website"},"datePublished":"2023-09-19T17:35:08+00:00","dateModified":"2026-02-03T19:14:00+00:00","description":"Esterilitza el teu gos o gat al nostre centre veterinari de Castelldefels per evitar malalties i cuidar la seva salut.","breadcrumb":{"@id":"https:\/\/clinicaveterinariaelsllops.com\/ca\/esteriitzacio-mascotes\/#breadcrumb"},"inLanguage":"ca","potentialAction":[{"@type":"ReadAction","target":["https:\/\/clinicaveterinariaelsllops.com\/ca\/esteriitzacio-mascotes\/"]}]},{"@type":"BreadcrumbList","@id":"https:\/\/clinicaveterinariaelsllops.com\/ca\/esteriitzacio-mascotes\/#breadcrumb","itemListElement":[{"@type":"ListItem","position":1,"name":"Home","item":"https:\/\/clinicaveterinariaelsllops.com\/ca\/"},{"@type":"ListItem","position":2,"name":"Esterilitzaci\u00f3 mascotes"}]},{"@type":"WebSite","@id":"https:\/\/clinicaveterinariaelsllops.com\/ca\/#website","url":"https:\/\/clinicaveterinariaelsllops.com\/ca\/","name":"Els Llops Cl\u00ednica Veterin\u00e0ria","description":"Els Llops Cl\u00ednica Veterin\u00e0ria de Castelldefels","potentialAction":[{"@type":"SearchAction","target":{"@type":"EntryPoint","urlTemplate":"https:\/\/clinicaveterinariaelsllops.com\/ca\/?s={search_term_string}"},"query-input":{"@type":"PropertyValueSpecification","valueRequired":true,"valueName":"search_term_string"}}],"inLanguage":"ca"}]}},"_links":{"self":[{"href":"https:\/\/clinicaveterinariaelsllops.com\/ca\/wp-json\/wp\/v2\/pages\/3033","targetHints":{"allow":["GET"]}}],"collection":[{"href":"https:\/\/clinicaveterinariaelsllops.com\/ca\/wp-json\/wp\/v2\/pages"}],"about":[{"href":"https:\/\/clinicaveterinariaelsllops.com\/ca\/wp-json\/wp\/v2\/types\/page"}],"author":[{"embeddable":true,"href":"https:\/\/clinicaveterinariaelsllops.com\/ca\/wp-json\/wp\/v2\/users\/2"}],"replies":[{"embeddable":true,"href":"https:\/\/clinicaveterinariaelsllops.com\/ca\/wp-json\/wp\/v2\/comments?post=3033"}],"version-history":[{"count":8,"href":"https:\/\/clinicaveterinariaelsllops.com\/ca\/wp-json\/wp\/v2\/pages\/3033\/revisions"}],"predecessor-version":[{"id":3358,"href":"https:\/\/clinicaveterinariaelsllops.com\/ca\/wp-json\/wp\/v2\/pages\/3033\/revisions\/3358"}],"wp:attachment":[{"href":"https:\/\/clinicaveterinariaelsllops.com\/ca\/wp-json\/wp\/v2\/media?parent=3033"}],"wp:term":[{"taxonomy":"status","embeddable":true,"href":"https:\/\/clinicaveterinariaelsllops.com\/ca\/wp-json\/wp\/v2\/status?post=3033"}],"curies":[{"name":"wp","href":"https:\/\/api.w.org\/{rel}","templated":true}]}}