{"id":2771,"date":"2022-05-12T18:38:03","date_gmt":"2022-05-12T16:38:03","guid":{"rendered":"http:\/\/clinicaveterinariaelsllops.com\/?page_id=2771"},"modified":"2022-05-18T11:21:21","modified_gmt":"2022-05-18T09:21:21","slug":"por-als-petards","status":[],"type":"page","link":"https:\/\/clinicaveterinariaelsllops.com\/ca\/por-als-petards\/","title":{"rendered":"Por als petards"},"content":{"rendered":"<p>[et_pb_section fb_built=&#8221;1&#8243; next_background_color=&#8221;#ffffff&#8221; _builder_version=&#8221;4.17.3&#8243; use_background_color_gradient=&#8221;on&#8221; background_color_gradient_direction=&#8221;100deg&#8221; background_color_gradient_stops=&#8221;#686868 0%|rgba(0,0,0,0) 82%&#8221; background_color_gradient_overlays_image=&#8221;on&#8221; background_color_gradient_start=&#8221;#686868&#8243; background_color_gradient_end=&#8221;rgba(0,0,0,0)&#8221; background_color_gradient_end_position=&#8221;82%&#8221; background_image=&#8221;http:\/\/clinicaveterinariaelsllops.com\/wp-content\/uploads\/2022\/05\/perro-miedo.jpeg&#8221; min_height=&#8221;250px&#8221; bottom_divider_style=&#8221;wave&#8221; bottom_divider_height=&#8221;60px&#8221; locked=&#8221;off&#8221; global_colors_info=&#8221;{}&#8221;][et_pb_row _builder_version=&#8221;4.16&#8243; global_colors_info=&#8221;{}&#8221;][et_pb_column type=&#8221;4_4&#8243; _builder_version=&#8221;4.16&#8243; global_colors_info=&#8221;{}&#8221;][et_pb_post_title _builder_version=&#8221;4.16&#8243; global_colors_info=&#8221;{}&#8221;][\/et_pb_post_title][\/et_pb_column][\/et_pb_row][\/et_pb_section][et_pb_section fb_built=&#8221;1&#8243; _builder_version=&#8221;4.16&#8243; custom_padding=&#8221;||48px|||&#8221; global_colors_info=&#8221;{}&#8221;][et_pb_row _builder_version=&#8221;4.16&#8243; custom_margin=&#8221;-19px|auto||auto||&#8221; custom_padding=&#8221;||28px|||&#8221; global_colors_info=&#8221;{}&#8221;][et_pb_column type=&#8221;4_4&#8243; _builder_version=&#8221;4.16&#8243; global_colors_info=&#8221;{}&#8221;][et_pb_text _builder_version=&#8221;4.17.3&#8243; global_colors_info=&#8221;{}&#8221;]<\/p>\n<h2 class=\"wsite-content-title\" style=\"text-align: center\">Ajuda la teva mascota a superar la seva por als petards<\/h2>\n<p>[\/et_pb_text][et_pb_text _builder_version=&#8221;4.17.3&#8243; global_colors_info=&#8221;{}&#8221;]<\/p>\n<p style=\"text-align: center\">La teva mascota s&#8217;espanta amb facilitat quan escolta petards i focs artificials? La revetlla de Sant Joan suposa un malson per a la teva mascota? Anticipa&#8217;t per prevenir el p\u00e0nic i l&#8217;estr\u00e8s causats pels petats a la teva mascota.<\/p>\n<p>[\/et_pb_text][et_pb_image src=&#8221;http:\/\/clinicaveterinariaelsllops.com\/wp-content\/uploads\/2019\/10\/Separador-els-llops.jpg&#8221; _builder_version=&#8221;4.16&#8243; global_colors_info=&#8221;{}&#8221;][\/et_pb_image][\/et_pb_column][\/et_pb_row][et_pb_row column_structure=&#8221;1_2,1_2&#8243; _builder_version=&#8221;4.17.3&#8243; custom_padding=&#8221;18px|||||&#8221; global_colors_info=&#8221;{}&#8221;][et_pb_column type=&#8221;1_2&#8243; _builder_version=&#8221;4.16&#8243; global_colors_info=&#8221;{}&#8221;][et_pb_image src=&#8221;http:\/\/clinicaveterinariaelsllops.com\/wp-content\/uploads\/2022\/05\/gato-miedo.jpeg&#8221; alt=&#8221;gato con miedo&#8221; title_text=&#8221;gato-miedo&#8221; _builder_version=&#8221;4.17.3&#8243; hover_enabled=&#8221;0&#8243; global_colors_info=&#8221;{}&#8221; sticky_enabled=&#8221;0&#8243;][\/et_pb_image][\/et_pb_column][et_pb_column type=&#8221;1_2&#8243; _builder_version=&#8221;4.16&#8243; global_colors_info=&#8221;{}&#8221;][et_pb_text _builder_version=&#8221;4.17.3&#8243; custom_margin=&#8221;0px|||||&#8221; global_colors_info=&#8221;{}&#8221; custom_padding=&#8221;40px|||||&#8221;]<\/p>\n<p>Alguns animals no s&#8217;ho passen gens b\u00e9 amb tant de soroll. Si el teu gos o gat t\u00e9 p\u00e0nic als petards, no hi deixis per al darrer moment.<strong><\/strong><\/p>\n<p><strong>A Els Llops Cl\u00ednica Veterin\u00e0ria de Castelldefels t&#8217;oferim ASSESSORAMENT i el TRACTAMENT m\u00e9s adequat per a la teva mascota.<\/strong><\/p>\n<p><strong><\/strong><\/p>\n<div class=\"paragraph\"><\/div>\n<p>[\/et_pb_text][et_pb_text _builder_version=&#8221;4.17.3&#8243; custom_margin=&#8221;0px|||||&#8221; global_colors_info=&#8221;{}&#8221;]<\/p>\n<p><strong style=\"color: #333333;font-size: 22px\">No et demoris! El tractament ha de comen\u00e7ar almenys amb 20 dies d&#8217;antelaci\u00f3.<\/strong><\/p>\n<div class=\"paragraph\"><\/div>\n<p>[\/et_pb_text][\/et_pb_column][\/et_pb_row][et_pb_row _builder_version=&#8221;4.17.3&#8243; _module_preset=&#8221;default&#8221; global_colors_info=&#8221;{}&#8221;][et_pb_column type=&#8221;4_4&#8243; _builder_version=&#8221;4.17.3&#8243; _module_preset=&#8221;default&#8221; global_colors_info=&#8221;{}&#8221;][et_pb_text _builder_version=&#8221;4.17.3&#8243; global_colors_info=&#8221;{}&#8221;]<\/p>\n<h2 class=\"wsite-content-title\" style=\"text-align: center\">Per qu\u00e8 i com prevenir la por als sorolls i els petards<\/h2>\n<p>[\/et_pb_text][\/et_pb_column][\/et_pb_row][et_pb_row column_structure=&#8221;1_2,1_2&#8243; _builder_version=&#8221;4.17.3&#8243; global_colors_info=&#8221;{}&#8221;][et_pb_column type=&#8221;1_2&#8243; _builder_version=&#8221;4.16&#8243; global_colors_info=&#8221;{}&#8221;][et_pb_text _builder_version=&#8221;4.17.3&#8243; custom_margin=&#8221;0px|||||&#8221; global_colors_info=&#8221;{}&#8221;]<\/p>\n<p><span style=\"font-size: 16px\">\u00c9s important posar remei a temps per evitar problemes majors en la salut de la teva mascota.<\/span><\/p>\n<p><span style=\"font-size: 16px\"><\/span><\/p>\n<div class=\"paragraph\">\n<p>Aquesta por irracional a situacions de soroll intens pot convertir-se en una f\u00f2bia i causar serioses complicacions que podrien afectar la qualitat de vida del teu animal de companyia.<\/p>\n<p>El p\u00e0nic als sorolls pot tenir una implicaci\u00f3 gen\u00e8tica, ja que hi ha races de gossos i gats de car\u00e0cter t\u00edmid que tenen m\u00e9s predisposici\u00f3 a presentar f\u00f2bies davant aquest tipus de situacions.<\/p>\n<p>Es tracta d&#8217;una por que cada animal va adquirint progressivament i pot tenir el seu origen en una socialitzaci\u00f3 primerenca deficient.<\/p>\n<p>Vine al nostre centre veterinari de Castelldefels i t&#8217;ajudarem a aconseguir que el teu company redueixi les seves pors amb els sorolls i petards.<\/p>\n<\/div>\n<p>[\/et_pb_text][\/et_pb_column][et_pb_column type=&#8221;1_2&#8243; _builder_version=&#8221;4.16&#8243; global_colors_info=&#8221;{}&#8221;][et_pb_image src=&#8221;http:\/\/clinicaveterinariaelsllops.com\/wp-content\/uploads\/2022\/05\/pastor-aleman-asustado-1.jpg&#8221; alt=&#8221;perro pastor aleman asustado&#8221; title_text=&#8221;pastor-aleman-asustado&#8221; _builder_version=&#8221;4.17.3&#8243; global_colors_info=&#8221;{}&#8221;][\/et_pb_image][\/et_pb_column][\/et_pb_row][et_pb_row _builder_version=&#8221;4.17.3&#8243; _module_preset=&#8221;default&#8221; global_colors_info=&#8221;{}&#8221;][et_pb_column type=&#8221;4_4&#8243; _builder_version=&#8221;4.17.3&#8243; _module_preset=&#8221;default&#8221; global_colors_info=&#8221;{}&#8221;][et_pb_text _builder_version=&#8221;4.17.3&#8243; _module_preset=&#8221;default&#8221; global_colors_info=&#8221;{}&#8221;]<\/p>\n<h2 style=\"text-align: center\"><span>No deixis que la nit de Sant Joan es converteixi en un malson per a la teva mascota. Consulta&#8217;ns i t&#8217;assessorarem.<\/span><\/h2>\n<p>[\/et_pb_text][\/et_pb_column][\/et_pb_row][et_pb_row _builder_version=&#8221;4.17.3&#8243; _module_preset=&#8221;default&#8221; global_colors_info=&#8221;{}&#8221;][et_pb_column type=&#8221;4_4&#8243; _builder_version=&#8221;4.17.3&#8243; _module_preset=&#8221;default&#8221; global_colors_info=&#8221;{}&#8221;][et_pb_button button_url=&#8221;@ET-DC@eyJkeW5hbWljIjp0cnVlLCJjb250ZW50IjoicG9zdF9saW5rX3VybF9wb3N0Iiwic2V0dGluZ3MiOnsicG9zdF9pZCI6IjI3ODIifX0=@&#8221; button_text=&#8221;Llegeix m\u00e9s sobre com ajudar la teva mascota a mantenir la calma amb els petards&#8221; button_alignment=&#8221;center&#8221; _builder_version=&#8221;4.17.3&#8243; _dynamic_attributes=&#8221;button_url&#8221; _module_preset=&#8221;default&#8221; global_colors_info=&#8221;{}&#8221;][\/et_pb_button][\/et_pb_column][\/et_pb_row][\/et_pb_section]<\/p>\n","protected":false},"excerpt":{"rendered":"<p>Ajuda la teva mascota a superar la seva por als petardsLa teva mascota s&#8217;espanta amb facilitat quan escolta petards i focs artificials? La revetlla de Sant Joan suposa un malson per a la teva mascota? Anticipa&#8217;t per prevenir el p\u00e0nic i l&#8217;estr\u00e8s causats pels petats a la teva mascota.Alguns animals no s&#8217;ho passen gens b\u00e9 [&hellip;]<\/p>\n","protected":false},"author":2,"featured_media":2792,"parent":0,"menu_order":0,"comment_status":"closed","ping_status":"closed","template":"","meta":{"_et_pb_use_builder":"on","_et_pb_old_content":"","_et_gb_content_width":"","footnotes":""},"class_list":["post-2771","page","type-page","status-publish","has-post-thumbnail","hentry"],"yoast_head":"<!-- This site is optimized with the Yoast SEO plugin v27.4 - https:\/\/yoast.com\/product\/yoast-seo-wordpress\/ -->\n<title>Por als petards - Els Llops Cl\u00ednica Veterin\u00e0ria<\/title>\n<meta name=\"description\" content=\"A Els Llops Cl\u00ednica Veterin\u00e0ria de Castelldefels ajudem la teva mascota a superar la seva por als petards.\" \/>\n<meta name=\"robots\" content=\"index, follow, max-snippet:-1, max-image-preview:large, max-video-preview:-1\" \/>\n<link rel=\"canonical\" href=\"https:\/\/clinicaveterinariaelsllops.com\/ca\/por-als-petards\/\" \/>\n<meta property=\"og:locale\" content=\"ca_ES\" \/>\n<meta property=\"og:type\" content=\"article\" \/>\n<meta property=\"og:title\" content=\"Por als petards - Els Llops Cl\u00ednica Veterin\u00e0ria\" \/>\n<meta property=\"og:description\" content=\"A Els Llops Cl\u00ednica Veterin\u00e0ria de Castelldefels ajudem la teva mascota a superar la seva por als petards.\" \/>\n<meta property=\"og:url\" content=\"https:\/\/clinicaveterinariaelsllops.com\/ca\/por-als-petards\/\" \/>\n<meta property=\"og:site_name\" content=\"Els Llops Cl\u00ednica Veterin\u00e0ria\" \/>\n<meta property=\"article:modified_time\" content=\"2022-05-18T09:21:21+00:00\" \/>\n<meta property=\"og:image\" content=\"https:\/\/clinicaveterinariaelsllops.com\/wp-content\/uploads\/2022\/05\/perro-escondido-manta-1.jpeg\" \/>\n\t<meta property=\"og:image:width\" content=\"700\" \/>\n\t<meta property=\"og:image:height\" content=\"418\" \/>\n\t<meta property=\"og:image:type\" content=\"image\/jpeg\" \/>\n<meta name=\"twitter:card\" content=\"summary_large_image\" \/>\n<meta name=\"twitter:label1\" content=\"Temps estimat de lectura\" \/>\n\t<meta name=\"twitter:data1\" content=\"3 minuts\" \/>\n<script type=\"application\/ld+json\" class=\"yoast-schema-graph\">{\"@context\":\"https:\\\/\\\/schema.org\",\"@graph\":[{\"@type\":\"WebPage\",\"@id\":\"https:\\\/\\\/clinicaveterinariaelsllops.com\\\/ca\\\/por-als-petards\\\/\",\"url\":\"https:\\\/\\\/clinicaveterinariaelsllops.com\\\/ca\\\/por-als-petards\\\/\",\"name\":\"Por als petards - Els Llops Cl\u00ednica Veterin\u00e0ria\",\"isPartOf\":{\"@id\":\"https:\\\/\\\/clinicaveterinariaelsllops.com\\\/ca\\\/#website\"},\"primaryImageOfPage\":{\"@id\":\"https:\\\/\\\/clinicaveterinariaelsllops.com\\\/ca\\\/por-als-petards\\\/#primaryimage\"},\"image\":{\"@id\":\"https:\\\/\\\/clinicaveterinariaelsllops.com\\\/ca\\\/por-als-petards\\\/#primaryimage\"},\"thumbnailUrl\":\"https:\\\/\\\/clinicaveterinariaelsllops.com\\\/wp-content\\\/uploads\\\/2022\\\/05\\\/perro-escondido-manta-1.jpeg\",\"datePublished\":\"2022-05-12T16:38:03+00:00\",\"dateModified\":\"2022-05-18T09:21:21+00:00\",\"description\":\"A Els Llops Cl\u00ednica Veterin\u00e0ria de Castelldefels ajudem la teva mascota a superar la seva por als petards.\",\"breadcrumb\":{\"@id\":\"https:\\\/\\\/clinicaveterinariaelsllops.com\\\/ca\\\/por-als-petards\\\/#breadcrumb\"},\"inLanguage\":\"ca\",\"potentialAction\":[{\"@type\":\"ReadAction\",\"target\":[\"https:\\\/\\\/clinicaveterinariaelsllops.com\\\/ca\\\/por-als-petards\\\/\"]}]},{\"@type\":\"ImageObject\",\"inLanguage\":\"ca\",\"@id\":\"https:\\\/\\\/clinicaveterinariaelsllops.com\\\/ca\\\/por-als-petards\\\/#primaryimage\",\"url\":\"https:\\\/\\\/clinicaveterinariaelsllops.com\\\/wp-content\\\/uploads\\\/2022\\\/05\\\/perro-escondido-manta-1.jpeg\",\"contentUrl\":\"https:\\\/\\\/clinicaveterinariaelsllops.com\\\/wp-content\\\/uploads\\\/2022\\\/05\\\/perro-escondido-manta-1.jpeg\",\"width\":700,\"height\":418,\"caption\":\"perro escondido bajo manta\"},{\"@type\":\"BreadcrumbList\",\"@id\":\"https:\\\/\\\/clinicaveterinariaelsllops.com\\\/ca\\\/por-als-petards\\\/#breadcrumb\",\"itemListElement\":[{\"@type\":\"ListItem\",\"position\":1,\"name\":\"Home\",\"item\":\"https:\\\/\\\/clinicaveterinariaelsllops.com\\\/ca\\\/\"},{\"@type\":\"ListItem\",\"position\":2,\"name\":\"Por als petards\"}]},{\"@type\":\"WebSite\",\"@id\":\"https:\\\/\\\/clinicaveterinariaelsllops.com\\\/ca\\\/#website\",\"url\":\"https:\\\/\\\/clinicaveterinariaelsllops.com\\\/ca\\\/\",\"name\":\"Els Llops Cl\u00ednica Veterin\u00e0ria\",\"description\":\"Els Llops Cl\u00ednica Veterin\u00e0ria de Castelldefels\",\"potentialAction\":[{\"@type\":\"SearchAction\",\"target\":{\"@type\":\"EntryPoint\",\"urlTemplate\":\"https:\\\/\\\/clinicaveterinariaelsllops.com\\\/ca\\\/?s={search_term_string}\"},\"query-input\":{\"@type\":\"PropertyValueSpecification\",\"valueRequired\":true,\"valueName\":\"search_term_string\"}}],\"inLanguage\":\"ca\"}]}<\/script>\n<!-- \/ Yoast SEO plugin. -->","yoast_head_json":{"title":"Por als petards - Els Llops Cl\u00ednica Veterin\u00e0ria","description":"A Els Llops Cl\u00ednica Veterin\u00e0ria de Castelldefels ajudem la teva mascota a superar la seva por als petards.","robots":{"index":"index","follow":"follow","max-snippet":"max-snippet:-1","max-image-preview":"max-image-preview:large","max-video-preview":"max-video-preview:-1"},"canonical":"https:\/\/clinicaveterinariaelsllops.com\/ca\/por-als-petards\/","og_locale":"ca_ES","og_type":"article","og_title":"Por als petards - Els Llops Cl\u00ednica Veterin\u00e0ria","og_description":"A Els Llops Cl\u00ednica Veterin\u00e0ria de Castelldefels ajudem la teva mascota a superar la seva por als petards.","og_url":"https:\/\/clinicaveterinariaelsllops.com\/ca\/por-als-petards\/","og_site_name":"Els Llops Cl\u00ednica Veterin\u00e0ria","article_modified_time":"2022-05-18T09:21:21+00:00","og_image":[{"width":700,"height":418,"url":"https:\/\/clinicaveterinariaelsllops.com\/wp-content\/uploads\/2022\/05\/perro-escondido-manta-1.jpeg","type":"image\/jpeg"}],"twitter_card":"summary_large_image","twitter_misc":{"Temps estimat de lectura":"3 minuts"},"schema":{"@context":"https:\/\/schema.org","@graph":[{"@type":"WebPage","@id":"https:\/\/clinicaveterinariaelsllops.com\/ca\/por-als-petards\/","url":"https:\/\/clinicaveterinariaelsllops.com\/ca\/por-als-petards\/","name":"Por als petards - Els Llops Cl\u00ednica Veterin\u00e0ria","isPartOf":{"@id":"https:\/\/clinicaveterinariaelsllops.com\/ca\/#website"},"primaryImageOfPage":{"@id":"https:\/\/clinicaveterinariaelsllops.com\/ca\/por-als-petards\/#primaryimage"},"image":{"@id":"https:\/\/clinicaveterinariaelsllops.com\/ca\/por-als-petards\/#primaryimage"},"thumbnailUrl":"https:\/\/clinicaveterinariaelsllops.com\/wp-content\/uploads\/2022\/05\/perro-escondido-manta-1.jpeg","datePublished":"2022-05-12T16:38:03+00:00","dateModified":"2022-05-18T09:21:21+00:00","description":"A Els Llops Cl\u00ednica Veterin\u00e0ria de Castelldefels ajudem la teva mascota a superar la seva por als petards.","breadcrumb":{"@id":"https:\/\/clinicaveterinariaelsllops.com\/ca\/por-als-petards\/#breadcrumb"},"inLanguage":"ca","potentialAction":[{"@type":"ReadAction","target":["https:\/\/clinicaveterinariaelsllops.com\/ca\/por-als-petards\/"]}]},{"@type":"ImageObject","inLanguage":"ca","@id":"https:\/\/clinicaveterinariaelsllops.com\/ca\/por-als-petards\/#primaryimage","url":"https:\/\/clinicaveterinariaelsllops.com\/wp-content\/uploads\/2022\/05\/perro-escondido-manta-1.jpeg","contentUrl":"https:\/\/clinicaveterinariaelsllops.com\/wp-content\/uploads\/2022\/05\/perro-escondido-manta-1.jpeg","width":700,"height":418,"caption":"perro escondido bajo manta"},{"@type":"BreadcrumbList","@id":"https:\/\/clinicaveterinariaelsllops.com\/ca\/por-als-petards\/#breadcrumb","itemListElement":[{"@type":"ListItem","position":1,"name":"Home","item":"https:\/\/clinicaveterinariaelsllops.com\/ca\/"},{"@type":"ListItem","position":2,"name":"Por als petards"}]},{"@type":"WebSite","@id":"https:\/\/clinicaveterinariaelsllops.com\/ca\/#website","url":"https:\/\/clinicaveterinariaelsllops.com\/ca\/","name":"Els Llops Cl\u00ednica Veterin\u00e0ria","description":"Els Llops Cl\u00ednica Veterin\u00e0ria de Castelldefels","potentialAction":[{"@type":"SearchAction","target":{"@type":"EntryPoint","urlTemplate":"https:\/\/clinicaveterinariaelsllops.com\/ca\/?s={search_term_string}"},"query-input":{"@type":"PropertyValueSpecification","valueRequired":true,"valueName":"search_term_string"}}],"inLanguage":"ca"}]}},"_links":{"self":[{"href":"https:\/\/clinicaveterinariaelsllops.com\/ca\/wp-json\/wp\/v2\/pages\/2771","targetHints":{"allow":["GET"]}}],"collection":[{"href":"https:\/\/clinicaveterinariaelsllops.com\/ca\/wp-json\/wp\/v2\/pages"}],"about":[{"href":"https:\/\/clinicaveterinariaelsllops.com\/ca\/wp-json\/wp\/v2\/types\/page"}],"author":[{"embeddable":true,"href":"https:\/\/clinicaveterinariaelsllops.com\/ca\/wp-json\/wp\/v2\/users\/2"}],"replies":[{"embeddable":true,"href":"https:\/\/clinicaveterinariaelsllops.com\/ca\/wp-json\/wp\/v2\/comments?post=2771"}],"version-history":[{"count":0,"href":"https:\/\/clinicaveterinariaelsllops.com\/ca\/wp-json\/wp\/v2\/pages\/2771\/revisions"}],"wp:featuredmedia":[{"embeddable":true,"href":"https:\/\/clinicaveterinariaelsllops.com\/ca\/wp-json\/wp\/v2\/media\/2792"}],"wp:attachment":[{"href":"https:\/\/clinicaveterinariaelsllops.com\/ca\/wp-json\/wp\/v2\/media?parent=2771"}],"wp:term":[{"taxonomy":"status","embeddable":true,"href":"https:\/\/clinicaveterinariaelsllops.com\/ca\/wp-json\/wp\/v2\/status?post=2771"}],"curies":[{"name":"wp","href":"https:\/\/api.w.org\/{rel}","templated":true}]}}