{"id":2359,"date":"2021-11-20T10:00:10","date_gmt":"2021-11-20T09:00:10","guid":{"rendered":"http:\/\/clinicaveterinariaelsllops.com\/?page_id=2359"},"modified":"2021-11-26T03:23:20","modified_gmt":"2021-11-26T02:23:20","slug":"3r-concurs-fotografic","status":[],"type":"page","link":"https:\/\/clinicaveterinariaelsllops.com\/ca\/3r-concurs-fotografic\/","title":{"rendered":"3r Concurs fotogr\u00e0fic"},"content":{"rendered":"\n[et_pb_section fb_built=&#8221;1&#8243; _builder_version=&#8221;4.0.3&#8243; background_image=&#8221;http:\/\/clinicaveterinariaelsllops.com\/wp-content\/uploads\/2019\/10\/ElsLlops_Banner_fotogaleria-scaled.jpg&#8221; background_position=&#8221;bottom_center&#8221; locked=&#8221;off&#8221; global_colors_info=&#8221;{}&#8221;][et_pb_row _builder_version=&#8221;4.0.2&#8243; global_colors_info=&#8221;{}&#8221;][et_pb_column type=&#8221;4_4&#8243; _builder_version=&#8221;4.0.2&#8243; global_colors_info=&#8221;{}&#8221;][et_pb_post_title _builder_version=&#8221;4.4.0&#8243; global_colors_info=&#8221;{}&#8221;][\/et_pb_post_title][\/et_pb_column][\/et_pb_row][\/et_pb_section][et_pb_section fb_built=&#8221;1&#8243; _builder_version=&#8221;4.0.3&#8243; custom_padding=&#8221;||48px|||&#8221; global_colors_info=&#8221;{}&#8221;][et_pb_row _builder_version=&#8221;4.0.3&#8243; custom_margin=&#8221;-19px|auto||auto||&#8221; custom_padding=&#8221;||28px|||&#8221; global_colors_info=&#8221;{}&#8221;][et_pb_column type=&#8221;4_4&#8243; _builder_version=&#8221;4.0.3&#8243; global_colors_info=&#8221;{}&#8221;][et_pb_text _builder_version=&#8221;4.3.4&#8243; global_colors_info=&#8221;{}&#8221;]<h2 style=\"text-align: center\"><strong><span style=\"color: #008f98\">Ja tenim aqu\u00ed els guanyadors i finalistes del concurs fotogr\u00e0fic de Cl\u00ednica Veterin\u00e0ria Els Llops.<\/span><\/strong><\/h2>[\/et_pb_text][et_pb_text _builder_version=&#8221;4.13.1&#8243; _module_preset=&#8221;default&#8221; hover_enabled=&#8221;0&#8243; sticky_enabled=&#8221;0&#8243;]<p style=\"text-align: center\">Ja tenim aqu\u00ed els guanyadors de la primera edici\u00f3 del nostre concurs fotogr\u00e0fic amb la millor foto de l\u2019estiu de les vostres mascotes. La selecci\u00f3 sempre \u00e9s molt dif\u00edcil, ens enamorem de tots! Els finalistes passen a formar part del nostre \u00e0lbum de fotos familiar de la web i ja poden recollir el seu bonus descompte per cuidar el m\u00e9s important, la salut.<\/p>\n<p style=\"text-align: center\">Gr\u00e0cies a tots per participar!<\/p>[\/et_pb_text][et_pb_text _builder_version=&#8221;4.13.1&#8243; hover_enabled=&#8221;0&#8243; global_colors_info=&#8221;{}&#8221; disabled_on=&#8221;on|on|on&#8221; disabled=&#8221;on&#8221; sticky_enabled=&#8221;0&#8243;]<div class=\"paragraph\" style=\"text-align: center\">\n<p><span>Us deixem una bonica foto dels concursants guanyadors amb el bonus descompte que han passat a recollir.<\/span><br \/><span>Ens hem quedat amb ganes de m\u00e9s i ja estem pensant en el proper.<br \/>Moltes gr\u00e0cies per participar i felicitats als afortunats!\u00a0<\/span><\/p>\n<\/div>\n<div><\/div>[\/et_pb_text][\/et_pb_column][\/et_pb_row][et_pb_row column_structure=&#8221;1_3,1_3,1_3&#8243; _builder_version=&#8221;4.13.1&#8243; hover_enabled=&#8221;0&#8243; global_colors_info=&#8221;{}&#8221; disabled_on=&#8221;on|on|on&#8221; disabled=&#8221;on&#8221; sticky_enabled=&#8221;0&#8243;][et_pb_column type=&#8221;1_3&#8243; _builder_version=&#8221;4.3.4&#8243; global_colors_info=&#8221;{}&#8221;][et_pb_image src=&#8221;http:\/\/clinicaveterinariaelsllops.com\/wp-content\/uploads\/2020\/03\/cvetelsllops-1erpremi.png&#8221; _builder_version=&#8221;4.3.4&#8243; global_colors_info=&#8221;{}&#8221;][\/et_pb_image][et_pb_text _builder_version=&#8221;4.4.0&#8243; global_colors_info=&#8221;{}&#8221;]<p style=\"text-align: center\"><span>Primer Premi<\/span><\/p>[\/et_pb_text][\/et_pb_column][et_pb_column type=&#8221;1_3&#8243; _builder_version=&#8221;4.3.4&#8243; global_colors_info=&#8221;{}&#8221;][et_pb_image src=&#8221;http:\/\/clinicaveterinariaelsllops.com\/wp-content\/uploads\/2020\/03\/cvetelsllops-2onpremi.jpg&#8221; _builder_version=&#8221;4.3.4&#8243; global_colors_info=&#8221;{}&#8221;][\/et_pb_image][et_pb_text _builder_version=&#8221;4.4.0&#8243; global_colors_info=&#8221;{}&#8221;]<p style=\"text-align: center\"><span>Segon Premi<\/span><\/p>[\/et_pb_text][\/et_pb_column][et_pb_column type=&#8221;1_3&#8243; _builder_version=&#8221;4.3.4&#8243; global_colors_info=&#8221;{}&#8221;][et_pb_image src=&#8221;http:\/\/clinicaveterinariaelsllops.com\/wp-content\/uploads\/2020\/03\/cvetelsllops-3erpremi.png&#8221; _builder_version=&#8221;4.3.4&#8243; global_colors_info=&#8221;{}&#8221;][\/et_pb_image][et_pb_text _builder_version=&#8221;4.4.0&#8243; global_colors_info=&#8221;{}&#8221;]<p style=\"text-align: center\"><span>Tercer Premi<\/span><\/p>[\/et_pb_text][\/et_pb_column][\/et_pb_row][et_pb_row _builder_version=&#8221;4.0.3&#8243; global_colors_info=&#8221;{}&#8221;][et_pb_column type=&#8221;4_4&#8243; _builder_version=&#8221;4.0.3&#8243; global_colors_info=&#8221;{}&#8221;][et_pb_image src=&#8221;http:\/\/clinicaveterinariaelsllops.com\/wp-content\/uploads\/2019\/10\/Separador-els-llops-scaled.jpg&#8221; _builder_version=&#8221;4.0.3&#8243; global_colors_info=&#8221;{}&#8221;][\/et_pb_image][et_pb_text _builder_version=&#8221;4.13.1&#8243; hover_enabled=&#8221;0&#8243; global_colors_info=&#8221;{}&#8221; sticky_enabled=&#8221;0&#8243;]<h2 style=\"text-align: center\"><strong><span style=\"color: #008f98\">PRIMERS PREMIS<\/span><\/strong><\/h2>[\/et_pb_text][\/et_pb_column][\/et_pb_row][et_pb_row column_structure=&#8221;1_3,1_3,1_3&#8243; _builder_version=&#8221;4.3.4&#8243; hover_enabled=&#8221;0&#8243; global_colors_info=&#8221;{}&#8221; sticky_enabled=&#8221;0&#8243;][et_pb_column type=&#8221;1_3&#8243; _builder_version=&#8221;4.3.4&#8243; global_colors_info=&#8221;{}&#8221;][et_pb_text _builder_version=&#8221;4.13.1&#8243; hover_enabled=&#8221;0&#8243; global_colors_info=&#8221;{}&#8221; sticky_enabled=&#8221;0&#8243;]<h3 style=\"text-align: center\"><span>PRIMER PREMI: BRUNETTE<\/span><\/h3>[\/et_pb_text][et_pb_image src=&#8221;http:\/\/clinicaveterinariaelsllops.com\/wp-content\/uploads\/2021\/11\/BRUNETTE-MartaAmaro-1.jpg&#8221; _builder_version=&#8221;4.13.1&#8243; hover_enabled=&#8221;0&#8243; global_colors_info=&#8221;{}&#8221; title_text=&#8221;BRUNETTE-MartaAmaro (1)&#8221; sticky_enabled=&#8221;0&#8243;][\/et_pb_image][\/et_pb_column][et_pb_column type=&#8221;1_3&#8243; _builder_version=&#8221;4.3.4&#8243; global_colors_info=&#8221;{}&#8221;][et_pb_text _builder_version=&#8221;4.13.1&#8243; hover_enabled=&#8221;0&#8243; global_colors_info=&#8221;{}&#8221; sticky_enabled=&#8221;0&#8243;]<h3 style=\"text-align: center\"><span>SEGON PREMI: THOR<\/span><\/h3>[\/et_pb_text][et_pb_image src=&#8221;http:\/\/clinicaveterinariaelsllops.com\/wp-content\/uploads\/2021\/11\/THOR-AlexandraBonafe-1-e1637891608551.jpg&#8221; _builder_version=&#8221;4.13.1&#8243; hover_enabled=&#8221;0&#8243; global_colors_info=&#8221;{}&#8221; title_text=&#8221;THOR-AlexandraBonafe (1)&#8221; sticky_enabled=&#8221;0&#8243;][\/et_pb_image][\/et_pb_column][et_pb_column type=&#8221;1_3&#8243; _builder_version=&#8221;4.3.4&#8243; global_colors_info=&#8221;{}&#8221;][et_pb_text _builder_version=&#8221;4.13.1&#8243; hover_enabled=&#8221;0&#8243; global_colors_info=&#8221;{}&#8221; sticky_enabled=&#8221;0&#8243;]<h3 style=\"text-align: center\"><span>TERCER PREMI: SASHA<\/span><\/h3>[\/et_pb_text][et_pb_image src=&#8221;http:\/\/clinicaveterinariaelsllops.com\/wp-content\/uploads\/2021\/11\/SASHA-NatyPavone-1-e1637891264251.jpg&#8221; _builder_version=&#8221;4.13.1&#8243; hover_enabled=&#8221;0&#8243; global_colors_info=&#8221;{}&#8221; sticky_enabled=&#8221;0&#8243; title_text=&#8221;SASHA-NatyPavone (1)&#8221;][\/et_pb_image][\/et_pb_column][\/et_pb_row][et_pb_row _builder_version=&#8221;4.0.3&#8243; global_colors_info=&#8221;{}&#8221;][et_pb_column type=&#8221;4_4&#8243; _builder_version=&#8221;4.0.3&#8243; global_colors_info=&#8221;{}&#8221;][et_pb_image src=&#8221;http:\/\/clinicaveterinariaelsllops.com\/wp-content\/uploads\/2019\/10\/Separador-els-llops-scaled.jpg&#8221; _builder_version=&#8221;4.0.3&#8243; global_colors_info=&#8221;{}&#8221;][\/et_pb_image][et_pb_text _builder_version=&#8221;4.13.1&#8243; hover_enabled=&#8221;0&#8243; global_colors_info=&#8221;{}&#8221; sticky_enabled=&#8221;0&#8243;]<h2 style=\"text-align: center\"><strong><span style=\"color: #008f98\">FINALISTES<\/span><\/strong><\/h2>[\/et_pb_text][\/et_pb_column][\/et_pb_row][et_pb_row _builder_version=&#8221;4.13.1&#8243; _module_preset=&#8221;default&#8221; hover_enabled=&#8221;0&#8243; sticky_enabled=&#8221;0&#8243;][et_pb_column _builder_version=&#8221;4.13.1&#8243; _module_preset=&#8221;default&#8221; type=&#8221;4_4&#8243; hover_enabled=&#8221;0&#8243; sticky_enabled=&#8221;0&#8243;][et_pb_gallery _builder_version=&#8221;4.13.1&#8243; _module_preset=&#8221;default&#8221; posts_number=&#8221;9&#8243; show_title_and_caption=&#8221;off&#8221; show_pagination=&#8221;off&#8221; gallery_ids=&#8221;2375,2383,2381,2369,2379,2377,2387,2367,2385&#8243; orientation=&#8221;portrait&#8221; hover_enabled=&#8221;0&#8243; sticky_enabled=&#8221;0&#8243;][\/et_pb_gallery][\/et_pb_column][\/et_pb_row][\/et_pb_section][et_pb_section fb_built=&#8221;1&#8243; _builder_version=&#8221;4.3.4&#8243; custom_padding=&#8221;||15px|||&#8221; global_colors_info=&#8221;{}&#8221;][et_pb_row _builder_version=&#8221;4.3.4&#8243; global_colors_info=&#8221;{}&#8221;][et_pb_column type=&#8221;4_4&#8243; _builder_version=&#8221;4.3.4&#8243; global_colors_info=&#8221;{}&#8221;][et_pb_text _builder_version=&#8221;4.13.1&#8243; hover_enabled=&#8221;0&#8243; global_colors_info=&#8221;{}&#8221; sticky_enabled=&#8221;0&#8243;]<h2 class=\"wsite-content-title\" style=\"text-align: center\"><span style=\"color: #008f98\">Moltes gr\u00e0cies per la vostra participaci\u00f3!<\/span><\/h2>[\/et_pb_text][\/et_pb_column][\/et_pb_row][\/et_pb_section]\n","protected":false},"excerpt":{"rendered":"<p>Ja tenim aqu\u00ed els guanyadors i finalistes del concurs fotogr\u00e0fic de Cl\u00ednica Veterin\u00e0ria Els Llops.Ja tenim aqu\u00ed els guanyadors de la primera edici\u00f3 del nostre concurs fotogr\u00e0fic amb la millor foto de l\u2019estiu de les vostres mascotes. La selecci\u00f3 sempre \u00e9s molt dif\u00edcil, ens enamorem de tots! Els finalistes passen a formar part del nostre [&hellip;]<\/p>\n","protected":false},"author":2,"featured_media":0,"parent":0,"menu_order":0,"comment_status":"closed","ping_status":"closed","template":"","meta":{"_et_pb_use_builder":"on","_et_pb_old_content":"","_et_gb_content_width":"","footnotes":""},"class_list":["post-2359","page","type-page","status-publish","hentry"],"yoast_head":"<!-- This site is optimized with the Yoast SEO plugin v27.4 - https:\/\/yoast.com\/product\/yoast-seo-wordpress\/ -->\n<title>Guanyadors concurs fotogr\u00e0fic de Cl\u00ednica Veterin\u00e0ria Els Llops<\/title>\n<meta name=\"description\" content=\"Aqu\u00ed estan els guanyadors del tercer concurs fotogr\u00e0fic de mascotes de Cl\u00ednica Veterin\u00e0ria Els Llops de Castelldefels.\" \/>\n<meta name=\"robots\" content=\"index, follow, max-snippet:-1, max-image-preview:large, max-video-preview:-1\" \/>\n<link rel=\"canonical\" href=\"https:\/\/clinicaveterinariaelsllops.com\/ca\/3r-concurs-fotografic\/\" \/>\n<meta property=\"og:locale\" content=\"ca_ES\" \/>\n<meta property=\"og:type\" content=\"article\" \/>\n<meta property=\"og:title\" content=\"Guanyadors concurs fotogr\u00e0fic de Cl\u00ednica Veterin\u00e0ria Els Llops\" \/>\n<meta property=\"og:description\" content=\"Aqu\u00ed estan els guanyadors del tercer concurs fotogr\u00e0fic de mascotes de Cl\u00ednica Veterin\u00e0ria Els Llops de Castelldefels.\" \/>\n<meta property=\"og:url\" content=\"https:\/\/clinicaveterinariaelsllops.com\/ca\/3r-concurs-fotografic\/\" \/>\n<meta property=\"og:site_name\" content=\"Els Llops Cl\u00ednica Veterin\u00e0ria\" \/>\n<meta property=\"article:modified_time\" content=\"2021-11-26T02:23:20+00:00\" \/>\n<meta name=\"twitter:card\" content=\"summary_large_image\" \/>\n<meta name=\"twitter:label1\" content=\"Temps estimat de lectura\" \/>\n\t<meta name=\"twitter:data1\" content=\"2 minuts\" \/>\n<script type=\"application\/ld+json\" class=\"yoast-schema-graph\">{\"@context\":\"https:\\\/\\\/schema.org\",\"@graph\":[{\"@type\":\"WebPage\",\"@id\":\"https:\\\/\\\/clinicaveterinariaelsllops.com\\\/ca\\\/3r-concurs-fotografic\\\/\",\"url\":\"https:\\\/\\\/clinicaveterinariaelsllops.com\\\/ca\\\/3r-concurs-fotografic\\\/\",\"name\":\"Guanyadors concurs fotogr\u00e0fic de Cl\u00ednica Veterin\u00e0ria Els Llops\",\"isPartOf\":{\"@id\":\"https:\\\/\\\/clinicaveterinariaelsllops.com\\\/ca\\\/#website\"},\"datePublished\":\"2021-11-20T09:00:10+00:00\",\"dateModified\":\"2021-11-26T02:23:20+00:00\",\"description\":\"Aqu\u00ed estan els guanyadors del tercer concurs fotogr\u00e0fic de mascotes de Cl\u00ednica Veterin\u00e0ria Els Llops de Castelldefels.\",\"breadcrumb\":{\"@id\":\"https:\\\/\\\/clinicaveterinariaelsllops.com\\\/ca\\\/3r-concurs-fotografic\\\/#breadcrumb\"},\"inLanguage\":\"ca\",\"potentialAction\":[{\"@type\":\"ReadAction\",\"target\":[\"https:\\\/\\\/clinicaveterinariaelsllops.com\\\/ca\\\/3r-concurs-fotografic\\\/\"]}]},{\"@type\":\"BreadcrumbList\",\"@id\":\"https:\\\/\\\/clinicaveterinariaelsllops.com\\\/ca\\\/3r-concurs-fotografic\\\/#breadcrumb\",\"itemListElement\":[{\"@type\":\"ListItem\",\"position\":1,\"name\":\"Home\",\"item\":\"https:\\\/\\\/clinicaveterinariaelsllops.com\\\/ca\\\/\"},{\"@type\":\"ListItem\",\"position\":2,\"name\":\"3r Concurs fotogr\u00e0fic\"}]},{\"@type\":\"WebSite\",\"@id\":\"https:\\\/\\\/clinicaveterinariaelsllops.com\\\/ca\\\/#website\",\"url\":\"https:\\\/\\\/clinicaveterinariaelsllops.com\\\/ca\\\/\",\"name\":\"Els Llops Cl\u00ednica Veterin\u00e0ria\",\"description\":\"Els Llops Cl\u00ednica Veterin\u00e0ria de Castelldefels\",\"potentialAction\":[{\"@type\":\"SearchAction\",\"target\":{\"@type\":\"EntryPoint\",\"urlTemplate\":\"https:\\\/\\\/clinicaveterinariaelsllops.com\\\/ca\\\/?s={search_term_string}\"},\"query-input\":{\"@type\":\"PropertyValueSpecification\",\"valueRequired\":true,\"valueName\":\"search_term_string\"}}],\"inLanguage\":\"ca\"}]}<\/script>\n<!-- \/ Yoast SEO plugin. -->","yoast_head_json":{"title":"Guanyadors concurs fotogr\u00e0fic de Cl\u00ednica Veterin\u00e0ria Els Llops","description":"Aqu\u00ed estan els guanyadors del tercer concurs fotogr\u00e0fic de mascotes de Cl\u00ednica Veterin\u00e0ria Els Llops de Castelldefels.","robots":{"index":"index","follow":"follow","max-snippet":"max-snippet:-1","max-image-preview":"max-image-preview:large","max-video-preview":"max-video-preview:-1"},"canonical":"https:\/\/clinicaveterinariaelsllops.com\/ca\/3r-concurs-fotografic\/","og_locale":"ca_ES","og_type":"article","og_title":"Guanyadors concurs fotogr\u00e0fic de Cl\u00ednica Veterin\u00e0ria Els Llops","og_description":"Aqu\u00ed estan els guanyadors del tercer concurs fotogr\u00e0fic de mascotes de Cl\u00ednica Veterin\u00e0ria Els Llops de Castelldefels.","og_url":"https:\/\/clinicaveterinariaelsllops.com\/ca\/3r-concurs-fotografic\/","og_site_name":"Els Llops Cl\u00ednica Veterin\u00e0ria","article_modified_time":"2021-11-26T02:23:20+00:00","twitter_card":"summary_large_image","twitter_misc":{"Temps estimat de lectura":"2 minuts"},"schema":{"@context":"https:\/\/schema.org","@graph":[{"@type":"WebPage","@id":"https:\/\/clinicaveterinariaelsllops.com\/ca\/3r-concurs-fotografic\/","url":"https:\/\/clinicaveterinariaelsllops.com\/ca\/3r-concurs-fotografic\/","name":"Guanyadors concurs fotogr\u00e0fic de Cl\u00ednica Veterin\u00e0ria Els Llops","isPartOf":{"@id":"https:\/\/clinicaveterinariaelsllops.com\/ca\/#website"},"datePublished":"2021-11-20T09:00:10+00:00","dateModified":"2021-11-26T02:23:20+00:00","description":"Aqu\u00ed estan els guanyadors del tercer concurs fotogr\u00e0fic de mascotes de Cl\u00ednica Veterin\u00e0ria Els Llops de Castelldefels.","breadcrumb":{"@id":"https:\/\/clinicaveterinariaelsllops.com\/ca\/3r-concurs-fotografic\/#breadcrumb"},"inLanguage":"ca","potentialAction":[{"@type":"ReadAction","target":["https:\/\/clinicaveterinariaelsllops.com\/ca\/3r-concurs-fotografic\/"]}]},{"@type":"BreadcrumbList","@id":"https:\/\/clinicaveterinariaelsllops.com\/ca\/3r-concurs-fotografic\/#breadcrumb","itemListElement":[{"@type":"ListItem","position":1,"name":"Home","item":"https:\/\/clinicaveterinariaelsllops.com\/ca\/"},{"@type":"ListItem","position":2,"name":"3r Concurs fotogr\u00e0fic"}]},{"@type":"WebSite","@id":"https:\/\/clinicaveterinariaelsllops.com\/ca\/#website","url":"https:\/\/clinicaveterinariaelsllops.com\/ca\/","name":"Els Llops Cl\u00ednica Veterin\u00e0ria","description":"Els Llops Cl\u00ednica Veterin\u00e0ria de Castelldefels","potentialAction":[{"@type":"SearchAction","target":{"@type":"EntryPoint","urlTemplate":"https:\/\/clinicaveterinariaelsllops.com\/ca\/?s={search_term_string}"},"query-input":{"@type":"PropertyValueSpecification","valueRequired":true,"valueName":"search_term_string"}}],"inLanguage":"ca"}]}},"_links":{"self":[{"href":"https:\/\/clinicaveterinariaelsllops.com\/ca\/wp-json\/wp\/v2\/pages\/2359","targetHints":{"allow":["GET"]}}],"collection":[{"href":"https:\/\/clinicaveterinariaelsllops.com\/ca\/wp-json\/wp\/v2\/pages"}],"about":[{"href":"https:\/\/clinicaveterinariaelsllops.com\/ca\/wp-json\/wp\/v2\/types\/page"}],"author":[{"embeddable":true,"href":"https:\/\/clinicaveterinariaelsllops.com\/ca\/wp-json\/wp\/v2\/users\/2"}],"replies":[{"embeddable":true,"href":"https:\/\/clinicaveterinariaelsllops.com\/ca\/wp-json\/wp\/v2\/comments?post=2359"}],"version-history":[{"count":0,"href":"https:\/\/clinicaveterinariaelsllops.com\/ca\/wp-json\/wp\/v2\/pages\/2359\/revisions"}],"wp:attachment":[{"href":"https:\/\/clinicaveterinariaelsllops.com\/ca\/wp-json\/wp\/v2\/media?parent=2359"}],"wp:term":[{"taxonomy":"status","embeddable":true,"href":"https:\/\/clinicaveterinariaelsllops.com\/ca\/wp-json\/wp\/v2\/status?post=2359"}],"curies":[{"name":"wp","href":"https:\/\/api.w.org\/{rel}","templated":true}]}}