{"id":170,"date":"2019-10-25T14:16:11","date_gmt":"2019-10-25T12:16:11","guid":{"rendered":"http:\/\/clinicaveterinariaelsllops.com\/?page_id=170"},"modified":"2020-03-20T20:27:46","modified_gmt":"2020-03-20T19:27:46","slug":"1er-concurs-fotografic","status":[],"type":"page","link":"https:\/\/clinicaveterinariaelsllops.com\/ca\/1er-concurs-fotografic\/","title":{"rendered":"1er Concurs fotogr\u00e0fic"},"content":{"rendered":"<p>[et_pb_section fb_built=&#8221;1&#8243; _builder_version=&#8221;4.0.3&#8243; background_image=&#8221;http:\/\/clinicaveterinariaelsllops.com\/wp-content\/uploads\/2019\/10\/ElsLlops_Banner_fotogaleria.jpg&#8221; background_position=&#8221;bottom_center&#8221; locked=&#8221;off&#8221;][et_pb_row _builder_version=&#8221;4.0.2&#8243;][et_pb_column type=&#8221;4_4&#8243; _builder_version=&#8221;4.0.2&#8243;][et_pb_text _builder_version=&#8221;4.4.1&#8243; header_text_color=&#8221;#ffffff&#8221; header_font_size=&#8221;50px&#8221;]<\/p>\n<h1 class=\"raleway default-transform desktop\" style=\"text-align: center\">Fotogaleria<\/h1>\n<p>[\/et_pb_text][\/et_pb_column][\/et_pb_row][\/et_pb_section][et_pb_section fb_built=&#8221;1&#8243; _builder_version=&#8221;4.0.3&#8243; custom_padding=&#8221;||48px|||&#8221;][et_pb_row _builder_version=&#8221;4.0.3&#8243; custom_margin=&#8221;-19px|auto||auto||&#8221; custom_padding=&#8221;||28px|||&#8221;][et_pb_column type=&#8221;4_4&#8243; _builder_version=&#8221;4.0.3&#8243;][et_pb_text _builder_version=&#8221;4.0.3&#8243;]<\/p>\n<h2 style=\"text-align: center\"><span style=\"color: #008f98\">1er Concurs fotogr\u00e0fic de mascotes<\/span><\/h2>\n<p>[\/et_pb_text][et_pb_text _builder_version=&#8221;4.4.1&#8243; hover_enabled=&#8221;0&#8243;]<\/p>\n<div class=\"paragraph\" style=\"text-align: center\">\n<p>Tot l&#8217;equip d&#8217;Els Llops Cl\u00ednica Veterin\u00e0ria de Castelldefels us agraeix la vostra participaci\u00f3.<\/p>\n<p><strong>Felicitats als premiats i finalistes!<\/strong><\/p>\n<\/div>\n<div><\/div>\n<p>[\/et_pb_text][et_pb_image src=&#8221;http:\/\/clinicaveterinariaelsllops.com\/wp-content\/uploads\/2019\/10\/Separador-els-llops.jpg&#8221; _builder_version=&#8221;4.0.3&#8243;][\/et_pb_image][\/et_pb_column][\/et_pb_row][et_pb_row _builder_version=&#8221;4.0.3&#8243;][et_pb_column type=&#8221;4_4&#8243; _builder_version=&#8221;4.0.3&#8243;][et_pb_gallery gallery_ids=&#8221;174,178,180,182,184,186,188,192,194,196,190,176&#8243; posts_number=&#8221;12&#8243; show_title_and_caption=&#8221;off&#8221; show_pagination=&#8221;off&#8221; _builder_version=&#8221;4.4.1&#8243;][\/et_pb_gallery][\/et_pb_column][\/et_pb_row][\/et_pb_section]<\/p>\n","protected":false},"excerpt":{"rendered":"<p>Fotogaleria1er Concurs fotogr\u00e0fic de mascotes Tot l&#8217;equip d&#8217;Els Llops Cl\u00ednica Veterin\u00e0ria de Castelldefels us agraeix la vostra participaci\u00f3. Felicitats als premiats i finalistes!<\/p>\n","protected":false},"author":4,"featured_media":0,"parent":0,"menu_order":0,"comment_status":"closed","ping_status":"closed","template":"","meta":{"_et_pb_use_builder":"on","_et_pb_old_content":"","_et_gb_content_width":"","footnotes":""},"class_list":["post-170","page","type-page","status-publish","hentry"],"yoast_head":"<!-- This site is optimized with the Yoast SEO plugin v27.4 - https:\/\/yoast.com\/product\/yoast-seo-wordpress\/ -->\n<title>Primer concurs fortogr\u00e0fic de Cl\u00ednica Veterin\u00e0ria Els Llops<\/title>\n<meta name=\"description\" content=\"Ja podeu veure els guanyadors del primer concurs fotogr\u00e0fic de mascotes de Cl\u00ednica Veterin\u00e0ria Els Llops. Moltes felicitats!\" \/>\n<meta name=\"robots\" content=\"index, follow, max-snippet:-1, max-image-preview:large, max-video-preview:-1\" \/>\n<link rel=\"canonical\" href=\"https:\/\/clinicaveterinariaelsllops.com\/ca\/1er-concurs-fotografic\/\" \/>\n<meta property=\"og:locale\" content=\"ca_ES\" \/>\n<meta property=\"og:type\" content=\"article\" \/>\n<meta property=\"og:title\" content=\"Primer concurs fortogr\u00e0fic de Cl\u00ednica Veterin\u00e0ria Els Llops\" \/>\n<meta property=\"og:description\" content=\"Ja podeu veure els guanyadors del primer concurs fotogr\u00e0fic de mascotes de Cl\u00ednica Veterin\u00e0ria Els Llops. Moltes felicitats!\" \/>\n<meta property=\"og:url\" content=\"https:\/\/clinicaveterinariaelsllops.com\/ca\/1er-concurs-fotografic\/\" \/>\n<meta property=\"og:site_name\" content=\"Els Llops Cl\u00ednica Veterin\u00e0ria\" \/>\n<meta property=\"article:modified_time\" content=\"2020-03-20T19:27:46+00:00\" \/>\n<meta name=\"twitter:card\" content=\"summary_large_image\" \/>\n<meta name=\"twitter:label1\" content=\"Temps estimat de lectura\" \/>\n\t<meta name=\"twitter:data1\" content=\"1 minut\" \/>\n<script type=\"application\/ld+json\" class=\"yoast-schema-graph\">{\"@context\":\"https:\\\/\\\/schema.org\",\"@graph\":[{\"@type\":\"WebPage\",\"@id\":\"https:\\\/\\\/clinicaveterinariaelsllops.com\\\/ca\\\/1er-concurs-fotografic\\\/\",\"url\":\"https:\\\/\\\/clinicaveterinariaelsllops.com\\\/ca\\\/1er-concurs-fotografic\\\/\",\"name\":\"Primer concurs fortogr\u00e0fic de Cl\u00ednica Veterin\u00e0ria Els Llops\",\"isPartOf\":{\"@id\":\"https:\\\/\\\/clinicaveterinariaelsllops.com\\\/ca\\\/#website\"},\"datePublished\":\"2019-10-25T12:16:11+00:00\",\"dateModified\":\"2020-03-20T19:27:46+00:00\",\"description\":\"Ja podeu veure els guanyadors del primer concurs fotogr\u00e0fic de mascotes de Cl\u00ednica Veterin\u00e0ria Els Llops. Moltes felicitats!\",\"breadcrumb\":{\"@id\":\"https:\\\/\\\/clinicaveterinariaelsllops.com\\\/ca\\\/1er-concurs-fotografic\\\/#breadcrumb\"},\"inLanguage\":\"ca\",\"potentialAction\":[{\"@type\":\"ReadAction\",\"target\":[\"https:\\\/\\\/clinicaveterinariaelsllops.com\\\/ca\\\/1er-concurs-fotografic\\\/\"]}]},{\"@type\":\"BreadcrumbList\",\"@id\":\"https:\\\/\\\/clinicaveterinariaelsllops.com\\\/ca\\\/1er-concurs-fotografic\\\/#breadcrumb\",\"itemListElement\":[{\"@type\":\"ListItem\",\"position\":1,\"name\":\"Home\",\"item\":\"https:\\\/\\\/clinicaveterinariaelsllops.com\\\/ca\\\/\"},{\"@type\":\"ListItem\",\"position\":2,\"name\":\"1er Concurs fotogr\u00e0fic\"}]},{\"@type\":\"WebSite\",\"@id\":\"https:\\\/\\\/clinicaveterinariaelsllops.com\\\/ca\\\/#website\",\"url\":\"https:\\\/\\\/clinicaveterinariaelsllops.com\\\/ca\\\/\",\"name\":\"Els Llops Cl\u00ednica Veterin\u00e0ria\",\"description\":\"Els Llops Cl\u00ednica Veterin\u00e0ria de Castelldefels\",\"potentialAction\":[{\"@type\":\"SearchAction\",\"target\":{\"@type\":\"EntryPoint\",\"urlTemplate\":\"https:\\\/\\\/clinicaveterinariaelsllops.com\\\/ca\\\/?s={search_term_string}\"},\"query-input\":{\"@type\":\"PropertyValueSpecification\",\"valueRequired\":true,\"valueName\":\"search_term_string\"}}],\"inLanguage\":\"ca\"}]}<\/script>\n<!-- \/ Yoast SEO plugin. -->","yoast_head_json":{"title":"Primer concurs fortogr\u00e0fic de Cl\u00ednica Veterin\u00e0ria Els Llops","description":"Ja podeu veure els guanyadors del primer concurs fotogr\u00e0fic de mascotes de Cl\u00ednica Veterin\u00e0ria Els Llops. Moltes felicitats!","robots":{"index":"index","follow":"follow","max-snippet":"max-snippet:-1","max-image-preview":"max-image-preview:large","max-video-preview":"max-video-preview:-1"},"canonical":"https:\/\/clinicaveterinariaelsllops.com\/ca\/1er-concurs-fotografic\/","og_locale":"ca_ES","og_type":"article","og_title":"Primer concurs fortogr\u00e0fic de Cl\u00ednica Veterin\u00e0ria Els Llops","og_description":"Ja podeu veure els guanyadors del primer concurs fotogr\u00e0fic de mascotes de Cl\u00ednica Veterin\u00e0ria Els Llops. Moltes felicitats!","og_url":"https:\/\/clinicaveterinariaelsllops.com\/ca\/1er-concurs-fotografic\/","og_site_name":"Els Llops Cl\u00ednica Veterin\u00e0ria","article_modified_time":"2020-03-20T19:27:46+00:00","twitter_card":"summary_large_image","twitter_misc":{"Temps estimat de lectura":"1 minut"},"schema":{"@context":"https:\/\/schema.org","@graph":[{"@type":"WebPage","@id":"https:\/\/clinicaveterinariaelsllops.com\/ca\/1er-concurs-fotografic\/","url":"https:\/\/clinicaveterinariaelsllops.com\/ca\/1er-concurs-fotografic\/","name":"Primer concurs fortogr\u00e0fic de Cl\u00ednica Veterin\u00e0ria Els Llops","isPartOf":{"@id":"https:\/\/clinicaveterinariaelsllops.com\/ca\/#website"},"datePublished":"2019-10-25T12:16:11+00:00","dateModified":"2020-03-20T19:27:46+00:00","description":"Ja podeu veure els guanyadors del primer concurs fotogr\u00e0fic de mascotes de Cl\u00ednica Veterin\u00e0ria Els Llops. Moltes felicitats!","breadcrumb":{"@id":"https:\/\/clinicaveterinariaelsllops.com\/ca\/1er-concurs-fotografic\/#breadcrumb"},"inLanguage":"ca","potentialAction":[{"@type":"ReadAction","target":["https:\/\/clinicaveterinariaelsllops.com\/ca\/1er-concurs-fotografic\/"]}]},{"@type":"BreadcrumbList","@id":"https:\/\/clinicaveterinariaelsllops.com\/ca\/1er-concurs-fotografic\/#breadcrumb","itemListElement":[{"@type":"ListItem","position":1,"name":"Home","item":"https:\/\/clinicaveterinariaelsllops.com\/ca\/"},{"@type":"ListItem","position":2,"name":"1er Concurs fotogr\u00e0fic"}]},{"@type":"WebSite","@id":"https:\/\/clinicaveterinariaelsllops.com\/ca\/#website","url":"https:\/\/clinicaveterinariaelsllops.com\/ca\/","name":"Els Llops Cl\u00ednica Veterin\u00e0ria","description":"Els Llops Cl\u00ednica Veterin\u00e0ria de Castelldefels","potentialAction":[{"@type":"SearchAction","target":{"@type":"EntryPoint","urlTemplate":"https:\/\/clinicaveterinariaelsllops.com\/ca\/?s={search_term_string}"},"query-input":{"@type":"PropertyValueSpecification","valueRequired":true,"valueName":"search_term_string"}}],"inLanguage":"ca"}]}},"_links":{"self":[{"href":"https:\/\/clinicaveterinariaelsllops.com\/ca\/wp-json\/wp\/v2\/pages\/170","targetHints":{"allow":["GET"]}}],"collection":[{"href":"https:\/\/clinicaveterinariaelsllops.com\/ca\/wp-json\/wp\/v2\/pages"}],"about":[{"href":"https:\/\/clinicaveterinariaelsllops.com\/ca\/wp-json\/wp\/v2\/types\/page"}],"author":[{"embeddable":true,"href":"https:\/\/clinicaveterinariaelsllops.com\/ca\/wp-json\/wp\/v2\/users\/4"}],"replies":[{"embeddable":true,"href":"https:\/\/clinicaveterinariaelsllops.com\/ca\/wp-json\/wp\/v2\/comments?post=170"}],"version-history":[{"count":0,"href":"https:\/\/clinicaveterinariaelsllops.com\/ca\/wp-json\/wp\/v2\/pages\/170\/revisions"}],"wp:attachment":[{"href":"https:\/\/clinicaveterinariaelsllops.com\/ca\/wp-json\/wp\/v2\/media?parent=170"}],"wp:term":[{"taxonomy":"status","embeddable":true,"href":"https:\/\/clinicaveterinariaelsllops.com\/ca\/wp-json\/wp\/v2\/status?post=170"}],"curies":[{"name":"wp","href":"https:\/\/api.w.org\/{rel}","templated":true}]}}