{"id":1404,"date":"2020-07-02T10:00:04","date_gmt":"2020-07-02T08:00:04","guid":{"rendered":"http:\/\/clinicaveterinariaelsllops.com\/chequeo-perros\/"},"modified":"2026-03-25T19:06:11","modified_gmt":"2026-03-25T18:06:11","slug":"revisio-gossos","status":[],"type":"page","link":"https:\/\/clinicaveterinariaelsllops.com\/ca\/revisio-gossos\/","title":{"rendered":"Revisi\u00f3 gossos"},"content":{"rendered":"<p>[et_pb_section fb_built=&#8221;1&#8243; _builder_version=&#8221;4.16&#8243; background_image=&#8221;http:\/\/clinicaveterinariaelsllops.com\/wp-content\/uploads\/2019\/11\/Plantilla01-chequeo-perro-header-scaled.jpg&#8221; background_position=&#8221;bottom_center&#8221; locked=&#8221;off&#8221; global_colors_info=&#8221;{}&#8221;][et_pb_row _builder_version=&#8221;4.16&#8243; global_colors_info=&#8221;{}&#8221;][et_pb_column type=&#8221;4_4&#8243; _builder_version=&#8221;4.16&#8243; global_colors_info=&#8221;{}&#8221;][et_pb_post_title _builder_version=&#8221;4.16&#8243; custom_margin=&#8221;0px|||||&#8221; global_colors_info=&#8221;{}&#8221;][\/et_pb_post_title][\/et_pb_column][\/et_pb_row][\/et_pb_section][et_pb_section fb_built=&#8221;1&#8243; _builder_version=&#8221;4.16&#8243; custom_padding=&#8221;||0px|||&#8221; global_colors_info=&#8221;{}&#8221;][et_pb_row _builder_version=&#8221;4.16&#8243; global_colors_info=&#8221;{}&#8221;][et_pb_column type=&#8221;4_4&#8243; _builder_version=&#8221;4.16&#8243; global_colors_info=&#8221;{}&#8221;][et_pb_text _builder_version=&#8221;4.27.4&#8243; hover_enabled=&#8221;0&#8243; global_colors_info=&#8221;{}&#8221; sticky_enabled=&#8221;0&#8243;]<\/p>\n<h2 class=\"wsite-content-title\" style=\"text-align: center;\"><span>20% de descompte el mes d&#8217;abril<\/span><\/h2>\n<p>[\/et_pb_text][et_pb_text _builder_version=&#8221;4.17.4&#8243; global_colors_info=&#8221;{}&#8221;]<\/p>\n<h3 class=\"wsite-content-title\" style=\"text-align: center\">Fes una revisi\u00f3 al teu gos per cuidar el m\u00e9s important, la seva salut<\/h3>\n<p>[\/et_pb_text][\/et_pb_column][\/et_pb_row][et_pb_row _builder_version=&#8221;4.16&#8243; custom_padding=&#8221;11px|||||&#8221; global_colors_info=&#8221;{}&#8221;][et_pb_column type=&#8221;4_4&#8243; _builder_version=&#8221;4.16&#8243; global_colors_info=&#8221;{}&#8221;][et_pb_image src=&#8221;http:\/\/clinicaveterinariaelsllops.com\/wp-content\/uploads\/2019\/10\/Separador-els-llops-scaled.jpg&#8221; _builder_version=&#8221;4.16&#8243; global_colors_info=&#8221;{}&#8221;][\/et_pb_image][\/et_pb_column][\/et_pb_row][et_pb_row column_structure=&#8221;1_2,1_2&#8243; _builder_version=&#8221;4.16&#8243; custom_padding=&#8221;||3px|||&#8221; global_colors_info=&#8221;{}&#8221;][et_pb_column type=&#8221;1_2&#8243; _builder_version=&#8221;4.16&#8243; global_colors_info=&#8221;{}&#8221;][et_pb_text _builder_version=&#8221;4.17.3&#8243; custom_margin=&#8221;38px|||||&#8221; global_colors_info=&#8221;{}&#8221;]<\/p>\n<div class=\"paragraph\">\n<div class=\"paragraph\"><span>La teva mascota ha complert vuit anys i comen\u00e7a una etapa nova per a ella. En aquesta fase de la seva vida \u00e9s m\u00e9s vulnerable, disminueixen les seves capacitats funcionals i augmenta el risc de patir certes malalties.<\/span>\u00a0Moltes malalties s\u00f3n asimptom\u00e0tiques i passen desapercebudes fins que aquesta ja est\u00e0 molt avan\u00e7ada. Una revisi\u00f3 anual ens ajuda a detectar a temps i prevenir malalties o problemes de salut de les nostres mascotes, garantint al nostre fidel amic una bona qualitat de vida.<\/div>\n<\/div>\n<p>[\/et_pb_text][et_pb_text _builder_version=&#8221;4.16&#8243; global_colors_info=&#8221;{}&#8221;]<\/p>\n<p><strong><span style=\"color: #0098a1;font-size: x-large\">Reserva una revisi\u00f3 veterin\u00e0ria a la teva mascota a Els Llops Cl\u00ednica Veterin\u00e0ria de\u00a0 Castelldefels<\/span><\/strong><\/p>\n<p>[\/et_pb_text][\/et_pb_column][et_pb_column type=&#8221;1_2&#8243; _builder_version=&#8221;4.16&#8243; global_colors_info=&#8221;{}&#8221;][et_pb_image src=&#8221;http:\/\/clinicaveterinariaelsllops.com\/wp-content\/uploads\/2025\/08\/elsllops-clinica-veterinaria-castelldefels-visita-perro.webp&#8221; title_text=&#8221;elsllops-clinica-veterinaria-castelldefels-visita-perro&#8221; _builder_version=&#8221;4.27.4&#8243; global_colors_info=&#8221;{}&#8221;][\/et_pb_image][\/et_pb_column][\/et_pb_row][et_pb_row column_structure=&#8221;1_2,1_2&#8243; _builder_version=&#8221;4.16&#8243; global_colors_info=&#8221;{}&#8221;][et_pb_column type=&#8221;1_2&#8243; _builder_version=&#8221;4.16&#8243; global_colors_info=&#8221;{}&#8221;][et_pb_text _builder_version=&#8221;4.16&#8243; global_colors_info=&#8221;{}&#8221;]<\/p>\n<h2 class=\"wsite-content-title\">Quines proves inclou la revisi\u00f3 veterin\u00e0ria anual?<\/h2>\n<p><span style=\"font-size: x-large\"><\/span><\/p>\n<p><span style=\"font-size: x-large\"><\/span><\/p>\n<div class=\"paragraph\">\n<p><span>La revisi\u00f3 anual inclou les seg\u00fcents proves:\u00a0<\/span><br \/><span>\u200b<\/span><\/p>\n<ul>\n<li><span><strong>Anamnesi<\/strong>:<\/span>\u00a0analitzem l&#8217;historial de la teva mascota, vacunacions i desparasitacions. Tamb\u00e9 tractem de con\u00e8ixer el seu comportament i els seus h\u00e0bits de vida per detectar possibles canvis o anomalies, ja que poden ser el primer indici d&#8217;una malaltia.\u00a0<\/li>\n<li><span><strong>Exploraci\u00f3 general<\/strong>:<\/span>\u00a0observem l&#8217;estat general de la teva mascota, posant especial atenci\u00f3 al seu pes i condici\u00f3 corporal. Qualsevol variaci\u00f3 de registres poden ser reveladors i posar-nos en alerta.<\/li>\n<li><span><strong>Examen f\u00edsic<\/strong>:\u00a0<\/span>comprovem l&#8217;estat de tots els \u00f2rgans visibles i \/ o palpables externament com ulls, orelles, boca i dents, nas, coll, columna, extremitats, pell, ungles, pelatge, aparell genitourinari, ganglis limf\u00e0tics, etc. Auscultem el cor i els pulmons per comprovar el seu correcte funcionament i mesurem la tensi\u00f3 arterial.\u00a0<\/li>\n<li><span><strong>Anal\u00edtica de sang general<\/strong>:\u00a0<\/span>ens indica quin \u00e9s l&#8217;estat general de l&#8217;animal i la funcionalitat d&#8217;\u00f2rgans interns importants com el rony\u00f3 i fetge.\u00a0<\/li>\n<li><span><strong>Diagn\u00f2stic<\/strong>:<\/span>\u00a0recollim el resultat de totes les proves per obtenir un diagn\u00f2stic sobre l&#8217;estat de salut de la teva mascota. Si detectem alguna irregularitat, proposarem les proves i el tractament a seguir.<\/li>\n<\/ul>\n<\/div>\n<p>[\/et_pb_text][\/et_pb_column][et_pb_column type=&#8221;1_2&#8243; _builder_version=&#8221;4.16&#8243; global_colors_info=&#8221;{}&#8221;][et_pb_text _builder_version=&#8221;4.17.3&#8243; global_colors_info=&#8221;{}&#8221;]<\/p>\n<h2 class=\"wsite-content-title\">Proves addicionals per a gossos geri\u00e0trics<\/h2>\n<p><span style=\"font-size: x-large\"><\/span><\/p>\n<ul>\n<li><strong>Radiografia de t\u00f2rax:\u00a0<\/strong>proves d&#8217;imatge molt \u00fatils per valorar l&#8217;estat dels ossos de la teva mascota, aix\u00ed com la mida i forma dels \u00f2rgans interns. S\u00f3n necess\u00e0ries per valorar met\u00e0stasis pulmonars o tumors abdominals.<\/li>\n<li><strong>Anal\u00edtica de tiroides:\u00a0<\/strong>An\u00e0lisis de sang que inclou l&#8217;estudio de l&#8217;hormona de la tiroide.<\/li>\n<li><strong>Diagn\u00f2stic i assessorament preventiu:\u00a0<\/strong>recollim el resultat de totes les proves per obtenir un diagn\u00f2stic sobre l&#8217;estat de salut de la teva mascota i t&#8217;assessorem sobre les cures que necessita la teva mascota en edat geri\u00e0trica. Si detectem alguna irregularitat, proposarem les proves i el tractament a seguir.<\/li>\n<\/ul>\n<p><span>Si els nostres veterinaris de Castelldefels el consideren necessari, tamb\u00e9 es poden realitzar les seg\u00fcents proves:<\/span><\/p>\n<p><strong><\/strong><\/p>\n<ul>\n<li><strong>Ecografia abdominal:\u00a0<\/strong>podem valorar l&#8217;estat de salut veient els \u00f2rgans abdominals com els ronyons, melsa, fetge i gl\u00e0ndules adrenals.<\/li>\n<\/ul>\n<div class=\"paragraph\">\n<ul>\n<li><strong>Electrocardiograma:<\/strong>\u00a0valorem l&#8217;estat del cor i vam detectar patologies card\u00edaques de forma no invasiva.<\/li>\n<\/ul>\n<\/div>\n<p>[\/et_pb_text][\/et_pb_column][\/et_pb_row][et_pb_row _builder_version=&#8221;4.16&#8243; global_colors_info=&#8221;{}&#8221;][et_pb_column type=&#8221;4_4&#8243; _builder_version=&#8221;4.16&#8243; global_colors_info=&#8221;{}&#8221;][et_pb_image src=&#8221;http:\/\/clinicaveterinariaelsllops.com\/wp-content\/uploads\/2019\/10\/Separador-els-llops-scaled.jpg&#8221; _builder_version=&#8221;4.16&#8243; global_colors_info=&#8221;{}&#8221;][\/et_pb_image][\/et_pb_column][\/et_pb_row][et_pb_row column_structure=&#8221;1_2,1_2&#8243; _builder_version=&#8221;4.16&#8243; global_colors_info=&#8221;{}&#8221;][et_pb_column type=&#8221;1_2&#8243; _builder_version=&#8221;4.16&#8243; global_colors_info=&#8221;{}&#8221;][et_pb_image src=&#8221;http:\/\/clinicaveterinariaelsllops.com\/wp-content\/uploads\/2020\/02\/els_llops_servicio_ecografia.jpg&#8221; title_text=&#8221;els_llops_servicio_ecografia&#8221; _builder_version=&#8221;4.16&#8243; global_colors_info=&#8221;{}&#8221;][\/et_pb_image][et_pb_text _builder_version=&#8221;4.16&#8243; global_colors_info=&#8221;{}&#8221;]<\/p>\n<h2 class=\"wsite-content-title\">Un m\u00e8tode preventiu i efica\u00e7 pel teu gos<\/h2>\n<div class=\"paragraph\">La revisi\u00f3 al teu gos anual \u00e9s un m\u00e8tode preventiu clau per garantir la qualitat de vida que desitges per la teva mascota. Recorda que, a m\u00e9s de realitzar una revisi\u00f3 a l&#8217;any, \u00e9s important complir de forma estricta amb el programa de vacunacions i desparasitacions, aix\u00ed com cuidar la seva alimentaci\u00f3 i assegurar-li una activitat f\u00edsica adequada.<\/div>\n<p>[\/et_pb_text][\/et_pb_column][et_pb_column type=&#8221;1_2&#8243; _builder_version=&#8221;4.16&#8243; global_colors_info=&#8221;{}&#8221;][et_pb_text _builder_version=&#8221;4.16&#8243; global_colors_info=&#8221;{}&#8221;]<\/p>\n<h2 class=\"wsite-content-title\">Per qu\u00e8 \u00e9s important una revisi\u00f3 veterin\u00e0ria anual?<\/h2>\n<div class=\"paragraph\">Amb les revisions peri\u00f2diques podem detectar alteracions en la salut del teu gos que d&#8217;altra manera podrien passar-nos desapercebudes. Recorda que algunes malalties no presenten s\u00edmptomes evidents, com \u00e9s el cas dels tumors cancerosos i els problemes card\u00edacs i si els descobrim en estat avan\u00e7at, en moltes ocasions el diagn\u00f2stic ja \u00e9s irreversible. <br \/>\u200b<br \/>Els cadells i els animals m\u00e9s grans s\u00f3n els que solen sotmetre a aquestes revisions amb m\u00e9s freq\u00fc\u00e8ncia perqu\u00e8 durant aquestes etapes la seva salut sol ser m\u00e9s vulnerable. No obstant aix\u00f2, qualsevol gos, sigui quina sigui la seva ra\u00e7a i edat, hauria de visitar la nostra cl\u00ednica veterin\u00e0ria de Castelldefels almenys un cop l&#8217;any per fer-se una revisi\u00f3 completa. No oblidis que la detecci\u00f3 preco\u00e7 d&#8217;una malaltia \u00e9s clau per realitzar un diagn\u00f2stic encertat i poder actuar amb rapidesa per aplicar el millor tractament m\u00e8dic.<\/div>\n<p>[\/et_pb_text][et_pb_text _builder_version=&#8221;4.16&#8243; global_colors_info=&#8221;{}&#8221;]<\/p>\n<h3 style=\"text-align: left\">La salut del teu gos \u00e9s el m\u00e9s important. A la nostra cl\u00ednica veterin\u00e0ria de Castelldefels cuidem del seu benestar, cuidem el que m\u00e9s t&#8217;importa.<\/h3>\n<p>[\/et_pb_text][\/et_pb_column][\/et_pb_row][et_pb_row _builder_version=&#8221;4.17.3&#8243; _module_preset=&#8221;default&#8221; custom_padding=&#8221;10px||0px|||&#8221; global_colors_info=&#8221;{}&#8221;][et_pb_column type=&#8221;4_4&#8243; _builder_version=&#8221;4.17.3&#8243; _module_preset=&#8221;default&#8221; global_colors_info=&#8221;{}&#8221;][et_pb_text _builder_version=&#8221;4.17.3&#8243; _module_preset=&#8221;default&#8221; global_colors_info=&#8221;{}&#8221;]<\/p>\n<h4 style=\"text-align: center\">Llegir m\u00e9s sobre:<\/h4>\n<p>[\/et_pb_text][\/et_pb_column][\/et_pb_row][et_pb_row _builder_version=&#8221;4.16&#8243; custom_padding=&#8221;29px||69px|||&#8221; locked=&#8221;off&#8221; global_colors_info=&#8221;{}&#8221;][et_pb_column type=&#8221;4_4&#8243; _builder_version=&#8221;4.16&#8243; global_colors_info=&#8221;{}&#8221;][et_pb_button button_url=&#8221;@ET-DC@eyJkeW5hbWljIjp0cnVlLCJjb250ZW50IjoicG9zdF9saW5rX3VybF9wb3N0Iiwic2V0dGluZ3MiOnsicG9zdF9pZCI6IjI4MjcifX0=@&#8221; button_text=&#8221;Com cuidar la teva mascota s\u00e8nior&#8221; button_alignment=&#8221;center&#8221; _builder_version=&#8221;4.17.3&#8243; _dynamic_attributes=&#8221;button_url&#8221; custom_margin=&#8221;||20px|||&#8221; global_colors_info=&#8221;{}&#8221;][\/et_pb_button][et_pb_button button_url=&#8221;@ET-DC@eyJkeW5hbWljIjp0cnVlLCJjb250ZW50IjoicG9zdF9saW5rX3VybF9wb3N0Iiwic2V0dGluZ3MiOnsicG9zdF9pZCI6IjExODYifX0=@&#8221; button_text=&#8221;Fes una revisi\u00f3 a la teva mascota para evitar malalties&#8221; button_alignment=&#8221;center&#8221; _builder_version=&#8221;4.17.3&#8243; _dynamic_attributes=&#8221;button_url&#8221; custom_margin=&#8221;||47px|||&#8221; global_colors_info=&#8221;{}&#8221;][\/et_pb_button][et_pb_divider _builder_version=&#8221;4.16&#8243; global_colors_info=&#8221;{}&#8221;][\/et_pb_divider][et_pb_text _builder_version=&#8221;4.16&#8243; global_colors_info=&#8221;{}&#8221;]<\/p>\n<div class=\"paragraph\" style=\"text-align: center\">Ara tenir cura de la teva mascota \u00e9s m\u00e9s f\u00e0cil. Ja pots fraccionar els pagaments dels productes i serveis veterinaris que facis al nostre centre. T&#8217;ajudem a cuidar de la teva mascota amb el <strong>PAGAMENT FRACCIONAT FRAKMENTA<\/strong>.<\/div>\n<div><\/div>\n<p>[\/et_pb_text][et_pb_button button_url=&#8221;@ET-DC@eyJkeW5hbWljIjp0cnVlLCJjb250ZW50IjoicG9zdF9saW5rX3VybF9wYWdlIiwic2V0dGluZ3MiOnsicG9zdF9pZCI6IjEwNzEifX0=@&#8221; button_text=&#8221;Frakmenta&#8221; button_alignment=&#8221;center&#8221; _builder_version=&#8221;4.16&#8243; _dynamic_attributes=&#8221;button_url&#8221; global_colors_info=&#8221;{}&#8221;][\/et_pb_button][\/et_pb_column][\/et_pb_row][\/et_pb_section]<\/p>\n","protected":false},"excerpt":{"rendered":"<p>20% de descompte el mes d&#8217;abrilFes una revisi\u00f3 al teu gos per cuidar el m\u00e9s important, la seva salut La teva mascota ha complert vuit anys i comen\u00e7a una etapa nova per a ella. En aquesta fase de la seva vida \u00e9s m\u00e9s vulnerable, disminueixen les seves capacitats funcionals i augmenta el risc de patir [&hellip;]<\/p>\n","protected":false},"author":4,"featured_media":0,"parent":0,"menu_order":0,"comment_status":"closed","ping_status":"closed","template":"","meta":{"_et_pb_use_builder":"on","_et_pb_old_content":"","_et_gb_content_width":"","footnotes":""},"class_list":["post-1404","page","type-page","status-publish","hentry"],"yoast_head":"<!-- This site is optimized with the Yoast SEO plugin v27.4 - https:\/\/yoast.com\/product\/yoast-seo-wordpress\/ -->\n<title>Revisi\u00f3 gossos - Els Llops Cl\u00ednica Veterin\u00e0ria de Castelldefels<\/title>\n<meta name=\"description\" content=\"Realitza una revisi\u00f3 al teu gos aquest estiu en el nostre centre veterinari Castelldefels per assegurar una bona salut al teu gos.\" \/>\n<meta name=\"robots\" content=\"index, follow, max-snippet:-1, max-image-preview:large, max-video-preview:-1\" \/>\n<link rel=\"canonical\" href=\"https:\/\/clinicaveterinariaelsllops.com\/ca\/revisio-gossos\/\" \/>\n<meta property=\"og:locale\" content=\"ca_ES\" \/>\n<meta property=\"og:type\" content=\"article\" \/>\n<meta property=\"og:title\" content=\"Revisi\u00f3 gossos - Els Llops Cl\u00ednica Veterin\u00e0ria de Castelldefels\" \/>\n<meta property=\"og:description\" content=\"Realitza una revisi\u00f3 al teu gos aquest estiu en el nostre centre veterinari Castelldefels per assegurar una bona salut al teu gos.\" \/>\n<meta property=\"og:url\" content=\"https:\/\/clinicaveterinariaelsllops.com\/ca\/revisio-gossos\/\" \/>\n<meta property=\"og:site_name\" content=\"Els Llops Cl\u00ednica Veterin\u00e0ria\" \/>\n<meta property=\"article:modified_time\" content=\"2026-03-25T18:06:11+00:00\" \/>\n<meta name=\"twitter:card\" content=\"summary_large_image\" \/>\n<meta name=\"twitter:label1\" content=\"Temps estimat de lectura\" \/>\n\t<meta name=\"twitter:data1\" content=\"7 minuts\" \/>\n<script type=\"application\/ld+json\" class=\"yoast-schema-graph\">{\"@context\":\"https:\\\/\\\/schema.org\",\"@graph\":[{\"@type\":\"WebPage\",\"@id\":\"https:\\\/\\\/clinicaveterinariaelsllops.com\\\/ca\\\/revisio-gossos\\\/\",\"url\":\"https:\\\/\\\/clinicaveterinariaelsllops.com\\\/ca\\\/revisio-gossos\\\/\",\"name\":\"Revisi\u00f3 gossos - Els Llops Cl\u00ednica Veterin\u00e0ria de Castelldefels\",\"isPartOf\":{\"@id\":\"https:\\\/\\\/clinicaveterinariaelsllops.com\\\/ca\\\/#website\"},\"datePublished\":\"2020-07-02T08:00:04+00:00\",\"dateModified\":\"2026-03-25T18:06:11+00:00\",\"description\":\"Realitza una revisi\u00f3 al teu gos aquest estiu en el nostre centre veterinari Castelldefels per assegurar una bona salut al teu gos.\",\"breadcrumb\":{\"@id\":\"https:\\\/\\\/clinicaveterinariaelsllops.com\\\/ca\\\/revisio-gossos\\\/#breadcrumb\"},\"inLanguage\":\"ca\",\"potentialAction\":[{\"@type\":\"ReadAction\",\"target\":[\"https:\\\/\\\/clinicaveterinariaelsllops.com\\\/ca\\\/revisio-gossos\\\/\"]}]},{\"@type\":\"BreadcrumbList\",\"@id\":\"https:\\\/\\\/clinicaveterinariaelsllops.com\\\/ca\\\/revisio-gossos\\\/#breadcrumb\",\"itemListElement\":[{\"@type\":\"ListItem\",\"position\":1,\"name\":\"Home\",\"item\":\"https:\\\/\\\/clinicaveterinariaelsllops.com\\\/ca\\\/\"},{\"@type\":\"ListItem\",\"position\":2,\"name\":\"Revisi\u00f3 gossos\"}]},{\"@type\":\"WebSite\",\"@id\":\"https:\\\/\\\/clinicaveterinariaelsllops.com\\\/ca\\\/#website\",\"url\":\"https:\\\/\\\/clinicaveterinariaelsllops.com\\\/ca\\\/\",\"name\":\"Els Llops Cl\u00ednica Veterin\u00e0ria\",\"description\":\"Els Llops Cl\u00ednica Veterin\u00e0ria de Castelldefels\",\"potentialAction\":[{\"@type\":\"SearchAction\",\"target\":{\"@type\":\"EntryPoint\",\"urlTemplate\":\"https:\\\/\\\/clinicaveterinariaelsllops.com\\\/ca\\\/?s={search_term_string}\"},\"query-input\":{\"@type\":\"PropertyValueSpecification\",\"valueRequired\":true,\"valueName\":\"search_term_string\"}}],\"inLanguage\":\"ca\"}]}<\/script>\n<!-- \/ Yoast SEO plugin. -->","yoast_head_json":{"title":"Revisi\u00f3 gossos - Els Llops Cl\u00ednica Veterin\u00e0ria de Castelldefels","description":"Realitza una revisi\u00f3 al teu gos aquest estiu en el nostre centre veterinari Castelldefels per assegurar una bona salut al teu gos.","robots":{"index":"index","follow":"follow","max-snippet":"max-snippet:-1","max-image-preview":"max-image-preview:large","max-video-preview":"max-video-preview:-1"},"canonical":"https:\/\/clinicaveterinariaelsllops.com\/ca\/revisio-gossos\/","og_locale":"ca_ES","og_type":"article","og_title":"Revisi\u00f3 gossos - Els Llops Cl\u00ednica Veterin\u00e0ria de Castelldefels","og_description":"Realitza una revisi\u00f3 al teu gos aquest estiu en el nostre centre veterinari Castelldefels per assegurar una bona salut al teu gos.","og_url":"https:\/\/clinicaveterinariaelsllops.com\/ca\/revisio-gossos\/","og_site_name":"Els Llops Cl\u00ednica Veterin\u00e0ria","article_modified_time":"2026-03-25T18:06:11+00:00","twitter_card":"summary_large_image","twitter_misc":{"Temps estimat de lectura":"7 minuts"},"schema":{"@context":"https:\/\/schema.org","@graph":[{"@type":"WebPage","@id":"https:\/\/clinicaveterinariaelsllops.com\/ca\/revisio-gossos\/","url":"https:\/\/clinicaveterinariaelsllops.com\/ca\/revisio-gossos\/","name":"Revisi\u00f3 gossos - Els Llops Cl\u00ednica Veterin\u00e0ria de Castelldefels","isPartOf":{"@id":"https:\/\/clinicaveterinariaelsllops.com\/ca\/#website"},"datePublished":"2020-07-02T08:00:04+00:00","dateModified":"2026-03-25T18:06:11+00:00","description":"Realitza una revisi\u00f3 al teu gos aquest estiu en el nostre centre veterinari Castelldefels per assegurar una bona salut al teu gos.","breadcrumb":{"@id":"https:\/\/clinicaveterinariaelsllops.com\/ca\/revisio-gossos\/#breadcrumb"},"inLanguage":"ca","potentialAction":[{"@type":"ReadAction","target":["https:\/\/clinicaveterinariaelsllops.com\/ca\/revisio-gossos\/"]}]},{"@type":"BreadcrumbList","@id":"https:\/\/clinicaveterinariaelsllops.com\/ca\/revisio-gossos\/#breadcrumb","itemListElement":[{"@type":"ListItem","position":1,"name":"Home","item":"https:\/\/clinicaveterinariaelsllops.com\/ca\/"},{"@type":"ListItem","position":2,"name":"Revisi\u00f3 gossos"}]},{"@type":"WebSite","@id":"https:\/\/clinicaveterinariaelsllops.com\/ca\/#website","url":"https:\/\/clinicaveterinariaelsllops.com\/ca\/","name":"Els Llops Cl\u00ednica Veterin\u00e0ria","description":"Els Llops Cl\u00ednica Veterin\u00e0ria de Castelldefels","potentialAction":[{"@type":"SearchAction","target":{"@type":"EntryPoint","urlTemplate":"https:\/\/clinicaveterinariaelsllops.com\/ca\/?s={search_term_string}"},"query-input":{"@type":"PropertyValueSpecification","valueRequired":true,"valueName":"search_term_string"}}],"inLanguage":"ca"}]}},"_links":{"self":[{"href":"https:\/\/clinicaveterinariaelsllops.com\/ca\/wp-json\/wp\/v2\/pages\/1404","targetHints":{"allow":["GET"]}}],"collection":[{"href":"https:\/\/clinicaveterinariaelsllops.com\/ca\/wp-json\/wp\/v2\/pages"}],"about":[{"href":"https:\/\/clinicaveterinariaelsllops.com\/ca\/wp-json\/wp\/v2\/types\/page"}],"author":[{"embeddable":true,"href":"https:\/\/clinicaveterinariaelsllops.com\/ca\/wp-json\/wp\/v2\/users\/4"}],"replies":[{"embeddable":true,"href":"https:\/\/clinicaveterinariaelsllops.com\/ca\/wp-json\/wp\/v2\/comments?post=1404"}],"version-history":[{"count":2,"href":"https:\/\/clinicaveterinariaelsllops.com\/ca\/wp-json\/wp\/v2\/pages\/1404\/revisions"}],"predecessor-version":[{"id":3376,"href":"https:\/\/clinicaveterinariaelsllops.com\/ca\/wp-json\/wp\/v2\/pages\/1404\/revisions\/3376"}],"wp:attachment":[{"href":"https:\/\/clinicaveterinariaelsllops.com\/ca\/wp-json\/wp\/v2\/media?parent=1404"}],"wp:term":[{"taxonomy":"status","embeddable":true,"href":"https:\/\/clinicaveterinariaelsllops.com\/ca\/wp-json\/wp\/v2\/status?post=1404"}],"curies":[{"name":"wp","href":"https:\/\/api.w.org\/{rel}","templated":true}]}}