{"id":1402,"date":"2020-07-02T10:00:56","date_gmt":"2020-07-02T08:00:56","guid":{"rendered":"http:\/\/clinicaveterinariaelsllops.com\/chequeo-gatos\/"},"modified":"2026-03-25T19:05:58","modified_gmt":"2026-03-25T18:05:58","slug":"revisio-gats","status":[],"type":"page","link":"https:\/\/clinicaveterinariaelsllops.com\/ca\/revisio-gats\/","title":{"rendered":"Revisi\u00f3 gats"},"content":{"rendered":"<p>[et_pb_section fb_built=&#8221;1&#8243; _builder_version=&#8221;4.16&#8243; background_image=&#8221;http:\/\/clinicaveterinariaelsllops.com\/wp-content\/uploads\/2019\/11\/Plantilla01-chequeo-gato-header-scaled.jpg&#8221; background_position=&#8221;bottom_center&#8221; locked=&#8221;off&#8221; global_colors_info=&#8221;{}&#8221;][et_pb_row _builder_version=&#8221;4.16&#8243; global_colors_info=&#8221;{}&#8221;][et_pb_column type=&#8221;4_4&#8243; _builder_version=&#8221;4.16&#8243; global_colors_info=&#8221;{}&#8221;][et_pb_post_title _builder_version=&#8221;4.16&#8243; custom_margin=&#8221;-6px|||||&#8221; global_colors_info=&#8221;{}&#8221;][\/et_pb_post_title][\/et_pb_column][\/et_pb_row][\/et_pb_section][et_pb_section fb_built=&#8221;1&#8243; _builder_version=&#8221;4.16&#8243; custom_padding=&#8221;||48px|||&#8221; global_colors_info=&#8221;{}&#8221;][et_pb_row _builder_version=&#8221;4.16&#8243; custom_margin=&#8221;-19px|auto||auto||&#8221; custom_padding=&#8221;||28px|||&#8221; global_colors_info=&#8221;{}&#8221;][et_pb_column type=&#8221;4_4&#8243; _builder_version=&#8221;4.16&#8243; global_colors_info=&#8221;{}&#8221;][et_pb_text _builder_version=&#8221;4.27.4&#8243; hover_enabled=&#8221;0&#8243; global_colors_info=&#8221;{}&#8221; sticky_enabled=&#8221;0&#8243;]<\/p>\n<h2 class=\"wsite-content-title\" style=\"text-align: center;\"><span>20% de descompte el mes d&#8217;abril<\/span><\/h2>\n<p>[\/et_pb_text][et_pb_text _builder_version=&#8221;4.17.4&#8243; global_colors_info=&#8221;{}&#8221;]<\/p>\n<h3 class=\"wsite-content-title\" style=\"text-align: center\">Fes una revisi\u00f3 al teu gat per cuidar el m\u00e9s important, la seva salut<\/h3>\n<p>[\/et_pb_text][et_pb_text _builder_version=&#8221;4.17.3&#8243; global_colors_info=&#8221;{}&#8221;]<\/p>\n<p class=\"wsite-content-title\" style=\"text-align: center\">Els moments viscuts aquests anys pel coronavirus ens han fet entendre encara m\u00e9s l&#8217;important que \u00e9s tenir cura de la salut. Els gats s\u00f3n asimptom\u00e0tics i moltes malalties passen desapercebudes fins que ja estan molt avan\u00e7ades. Una revisi\u00f3 anual ens ajuda a detectar a temps i prevenir malalties o problemes de salut de les nostres mascotes, garantint al nostre fidel amic una bona qualitat de vida.<\/p>\n<p>[\/et_pb_text][\/et_pb_column][\/et_pb_row][et_pb_row _builder_version=&#8221;4.16&#8243; custom_padding=&#8221;11px|||||&#8221; global_colors_info=&#8221;{}&#8221;][et_pb_column type=&#8221;4_4&#8243; _builder_version=&#8221;4.16&#8243; global_colors_info=&#8221;{}&#8221;][et_pb_image src=&#8221;http:\/\/clinicaveterinariaelsllops.com\/wp-content\/uploads\/2019\/10\/Separador-els-llops-scaled.jpg&#8221; _builder_version=&#8221;4.16&#8243; global_colors_info=&#8221;{}&#8221;][\/et_pb_image][\/et_pb_column][\/et_pb_row][et_pb_row _builder_version=&#8221;4.16&#8243; global_colors_info=&#8221;{}&#8221;][et_pb_column type=&#8221;4_4&#8243; _builder_version=&#8221;4.16&#8243; global_colors_info=&#8221;{}&#8221;][et_pb_text _builder_version=&#8221;4.16&#8243; global_colors_info=&#8221;{}&#8221;]<\/p>\n<p style=\"text-align: center\"><strong><span>Reserva una revisi\u00f3 veterin\u00e0ria a la teva mascota a Els Llops Cl\u00ednica Veterin\u00e0ria de Castelldefels<\/span><\/strong><\/p>\n<p>[\/et_pb_text][\/et_pb_column][\/et_pb_row][et_pb_row column_structure=&#8221;1_2,1_2&#8243; _builder_version=&#8221;4.16&#8243; custom_padding=&#8221;||3px|||&#8221; global_colors_info=&#8221;{}&#8221;][et_pb_column type=&#8221;1_2&#8243; _builder_version=&#8221;4.16&#8243; global_colors_info=&#8221;{}&#8221;][et_pb_text disabled_on=&#8221;on|on|on&#8221; _builder_version=&#8221;4.17.3&#8243; disabled=&#8221;on&#8221; global_colors_info=&#8221;{}&#8221;]<\/p>\n<p class=\"wsite-content-title\"><strong><span style=\"color: #0098a1\">XEQUEIG GATS MENORS DE 7 ANYS<\/span><\/strong><\/p>\n<ul>\n<li><span style=\"color: #2a2a2a\">Visita<\/span><\/li>\n<li><span style=\"color: #2a2a2a\">Anal\u00edtica general b\u00e0sica<\/span><\/li>\n<li><span style=\"color: #2a2a2a\">Anal\u00edtica d&#8217;orina<\/span><\/li>\n<li><span style=\"color: #2a2a2a\">Assessorament nutricional<\/span><\/li>\n<\/ul>\n<p class=\"wsite-content-title\"><span>\u200b<\/span><br \/><strong><span style=\"color: #0098a1\">XEQUEIG GATS A PARTIR DE 7 ANYS<\/span><\/strong><\/p>\n<ul>\n<li><span style=\"color: #2a2a2a\">Visita<\/span><\/li>\n<li><span style=\"color: #2a2a2a\">Anal\u00edtica general felina + T4 + Fructosamina + SDMA<\/span><\/li>\n<li><span style=\"color: #2a2a2a\">Anal\u00edtica d&#8217;orina<\/span><\/li>\n<li><span style=\"color: #2a2a2a\">Medici\u00f3 pressi\u00f3 arterial<\/span><\/li>\n<li><span style=\"color: #2a2a2a\">Assessorament nutricional<\/span><\/li>\n<\/ul>\n<div class=\"paragraph\">\n<ul><\/ul>\n<\/div>\n<p>[\/et_pb_text][et_pb_text _builder_version=&#8221;4.16&#8243; custom_padding=&#8221;3px|||||&#8221; global_colors_info=&#8221;{}&#8221;]<\/p>\n<p class=\"wsite-content-title\"><strong><span style=\"color: #0098a1\">XEQUEIG GERI\u00c0TRIC PER GATS<\/span><\/strong><\/p>\n<p class=\"wsite-content-title\"><strong><span style=\"color: #0098a1\"><\/span><\/strong><\/p>\n<ul>\n<li><span style=\"color: #2a2a2a\">Visita<\/span><\/li>\n<li><span style=\"color: #2a2a2a\">Anal\u00edtica general felina + T4 + Fructosamina + SDMA<\/span><\/li>\n<li><span style=\"color: #2a2a2a\">Anal\u00edtica d&#8217;orina<\/span><\/li>\n<li><span style=\"color: #2a2a2a\">Medici\u00f3 pressi\u00f3 arterial<\/span><\/li>\n<li><span style=\"color: #2a2a2a\">Assessorament nutricional<\/span><\/li>\n<\/ul>\n<div class=\"paragraph\">\n<ul><\/ul>\n<\/div>\n<p>[\/et_pb_text][\/et_pb_column][et_pb_column type=&#8221;1_2&#8243; _builder_version=&#8221;4.16&#8243; global_colors_info=&#8221;{}&#8221;][et_pb_image src=&#8221;http:\/\/clinicaveterinariaelsllops.com\/wp-content\/uploads\/2019\/10\/gatosenior.jpg&#8221; alt=&#8221;gato senior con propietarios&#8221; title_text=&#8221;gatosenior&#8221; _builder_version=&#8221;4.17.3&#8243; global_colors_info=&#8221;{}&#8221;][\/et_pb_image][\/et_pb_column][\/et_pb_row][et_pb_row column_structure=&#8221;1_2,1_2&#8243; _builder_version=&#8221;4.16&#8243; global_colors_info=&#8221;{}&#8221;][et_pb_column type=&#8221;1_2&#8243; _builder_version=&#8221;4.16&#8243; global_colors_info=&#8221;{}&#8221;][et_pb_text _builder_version=&#8221;4.17.3&#8243; global_colors_info=&#8221;{}&#8221;]<\/p>\n<h2 class=\"paragraph\"><span>Principals patologies greus<\/span><\/h2>\n<div class=\"paragraph\"><span><\/span><\/div>\n<div class=\"paragraph\"><span>Encara que el teu gat no surti de casa i evitis el contagi de malalties, els gats adults i d&#8217;edat avan\u00e7ada tenen una major tend\u00e8ncia a desenvolupar certes patologies, de les que destaquem hipertiro\u00efdisme, hipertensi\u00f3 i insufici\u00e8ncia renal cr\u00f2nica (ERC). La hipertensi\u00f3 arterial \u00e9s molt freq\u00fcent en aquells gats majors de 7 anys d&#8217;edat, amb diagn\u00f2stics de patologies greus irreversibles en \u00f2rgans diana (fetge, cor, rony\u00f3, ulls i cervell).<\/span><\/div>\n<p>[\/et_pb_text][et_pb_video src=&#8221;https:\/\/youtu.be\/ZJw1_oUxlGw&#8221; _builder_version=&#8221;4.16&#8243; global_colors_info=&#8221;{}&#8221;][\/et_pb_video][\/et_pb_column][et_pb_column type=&#8221;1_2&#8243; _builder_version=&#8221;4.16&#8243; global_colors_info=&#8221;{}&#8221;][et_pb_text _builder_version=&#8221;4.16&#8243; global_colors_info=&#8221;{}&#8221;]<\/p>\n<h2 class=\"wsite-content-title\">Com podem saber si el nostre gat \u00e9s hipertens?<\/h2>\n<div class=\"paragraph\">Els principals s\u00edmptomes d&#8217;un gat hipertens poden arribar a ser, hemorr\u00e0gies nasals, anomalies oculars, convulsions, alteracions en el rony\u00f3, desorientaci\u00f3, fins i tot par\u00e0lisi d&#8217;extremitats posteriors, totes elles de car\u00e0cter greu. El principal problema \u00e9s que quan aquests s\u00edmptomes es fan visibles la malaltia estigui avan\u00e7ada amb conseq\u00fc\u00e8ncies a vegades irreversibles.<\/div>\n<p>[\/et_pb_text][et_pb_text _builder_version=&#8221;4.16&#8243; custom_margin=&#8221;65px|||||&#8221; global_colors_info=&#8221;{}&#8221;]<\/p>\n<h2 class=\"wsite-content-title\">Podem prevenir la hipertensi\u00f3 felina?<\/h2>\n<div class=\"paragraph\">A aquesta malaltia se l&#8217;anomena &#8220;assass\u00ed silenci\u00f3s&#8221;, perqu\u00e8 tots els s\u00edmptomes de car\u00e0cter greu no es poden apreciar externament. Per aquest motiu, si volem evitar-la, \u00e9s molt important fer una visita al nostre centre veterinari de Castelldefels com a m\u00ednim un cop l&#8217;any. D&#8217;altra banda, si el teu gat ja \u00e9s hipertens, podrem donar-li tractaments espec\u00edfics per evitar les greus conseq\u00fc\u00e8ncies d&#8217;aquesta malaltia.\u200b<\/div>\n<p>[\/et_pb_text][et_pb_text _builder_version=&#8221;4.16&#8243; custom_padding=&#8221;4px|||||&#8221; global_colors_info=&#8221;{}&#8221;]<\/p>\n<h3><strong>La salut de la teva mascota \u00e9s el m\u00e9s important. A la nostra cl\u00ednica veterin\u00e0ria de Castelldefels cuidem del seu benestar, cuidem el que m\u00e9s t&#8217;importa.<\/strong><\/h3>\n<p>[\/et_pb_text][\/et_pb_column][\/et_pb_row][et_pb_row _builder_version=&#8221;4.16&#8243; global_colors_info=&#8221;{}&#8221;][et_pb_column type=&#8221;4_4&#8243; _builder_version=&#8221;4.16&#8243; global_colors_info=&#8221;{}&#8221;][et_pb_image src=&#8221;http:\/\/clinicaveterinariaelsllops.com\/wp-content\/uploads\/2019\/10\/Separador-els-llops-scaled.jpg&#8221; _builder_version=&#8221;4.16&#8243; global_colors_info=&#8221;{}&#8221;][\/et_pb_image][\/et_pb_column][\/et_pb_row][et_pb_row column_structure=&#8221;1_2,1_2&#8243; _builder_version=&#8221;4.16&#8243; global_colors_info=&#8221;{}&#8221;][et_pb_column type=&#8221;1_2&#8243; _builder_version=&#8221;4.16&#8243; global_colors_info=&#8221;{}&#8221;][et_pb_text _builder_version=&#8221;4.16&#8243; global_colors_info=&#8221;{}&#8221;]<\/p>\n<h2 class=\"wsite-content-title\">\u00c9s molt com\u00fa la insufici\u00e8ncia renal?<\/h2>\n<div class=\"paragraph\"><span>La insufici\u00e8ncia renal cr\u00f2nica pot produir-se en gats de totes les edats, per\u00f2 generalment \u00e9s m\u00e9s com\u00fa a mesura que augmenta l&#8217;edat. S&#8217;estima que al voltant d&#8217;un de cada 5 gats de m\u00e9s de 15 anys presenta insufici\u00e8ncia renal. En general, la insufici\u00e8ncia renal, es d\u00f3na fins a tres vegades m\u00e9s en gats que en gossos.<\/span><\/div>\n<p>[\/et_pb_text][et_pb_text _builder_version=&#8221;4.16&#8243; global_colors_info=&#8221;{}&#8221;]<\/p>\n<h2 class=\"wsite-content-title\">Quins s\u00f3n els s\u00edmptomes i complicacions de la fallada renal cr\u00f2nica?<\/h2>\n<div class=\"paragraph\">\n<p>En la majoria dels casos la insufici\u00e8ncia renal cr\u00f2nica \u00e9s una malaltia de progressi\u00f3 lenta i insidiosa, tot i que en determinats casos els s\u00edmptomes podrien apar\u00e8ixer sobtadament. Els s\u00edmptomes m\u00e9s comuns que trobem en gats afectats s\u00f3n:<\/p>\n<ul>\n<li>Falta de gana<\/li>\n<li>P\u00e8rdua de pes<\/li>\n<li>Deshidrataci\u00f3<\/li>\n<li>Depressi\u00f3<\/li>\n<\/ul>\n<p>Solen tenir molta set i produir molta m\u00e9s orina (a causa de la incapacitat de concentrar-la). Altres s\u00edmptomes poden ser: pelatge espatllat, v\u00f2mits, halitosi, \u00falceres a la boca i debilitat. A mesura que la insufici\u00e8ncia renal va progressant (independentment del tractament) aquests s\u00edmptomes tendeixen a empitjorar amb el temps.<\/p>\n<\/div>\n<p>[\/et_pb_text][\/et_pb_column][et_pb_column type=&#8221;1_2&#8243; _builder_version=&#8221;4.16&#8243; global_colors_info=&#8221;{}&#8221;][et_pb_text _builder_version=&#8221;4.16&#8243; global_colors_info=&#8221;{}&#8221;]<\/p>\n<h2 class=\"wsite-content-title\">Es pot tractar la insufici\u00e8ncia renal? \u200b<\/h2>\n<div class=\"paragraph\">Alguns casos en qu\u00e8 es troba la causa espec\u00edfica, com la infecci\u00f3 bacteriana en ronyons, es pot tractar. Per\u00f2 en la majoria dels casos no \u00e9s aix\u00ed, i, per tant, el tractament se centra en els s\u00edmptomes. Alguns gats al principi necessitaran flu\u00efdoter\u00e0pia intravenosa per corregir la deshidrataci\u00f3 (i probablement les anomalies electrol\u00edtiques). Un cop estabilitzats, el tractament anir\u00e0 dirigit a mantenir la funci\u00f3 renal i minimitzar les complicacions de la fallada renal. La insufici\u00e8ncia renal cr\u00f2nica \u00e9s irreversible i, en la majoria dels casos, no s&#8217;aconseguir\u00e0 una millora malgrat un tractament apropiat.<\/div>\n<p>[\/et_pb_text][et_pb_video src=&#8221;https:\/\/youtu.be\/vpwDOsYb1N4&#8243; _builder_version=&#8221;4.16&#8243; global_colors_info=&#8221;{}&#8221;][\/et_pb_video][\/et_pb_column][\/et_pb_row][et_pb_row _builder_version=&#8221;4.17.3&#8243; _module_preset=&#8221;default&#8221; custom_padding=&#8221;22px||1px|||&#8221; global_colors_info=&#8221;{}&#8221;][et_pb_column type=&#8221;4_4&#8243; _builder_version=&#8221;4.17.3&#8243; _module_preset=&#8221;default&#8221; global_colors_info=&#8221;{}&#8221;][et_pb_text _builder_version=&#8221;4.17.3&#8243; _module_preset=&#8221;default&#8221; global_colors_info=&#8221;{}&#8221;]<\/p>\n<h4 style=\"text-align: center\">Llegir m\u00e9s sobre:<\/h4>\n<p>[\/et_pb_text][\/et_pb_column][\/et_pb_row][et_pb_row _builder_version=&#8221;4.16&#8243; custom_padding=&#8221;29px||69px|||&#8221; locked=&#8221;off&#8221; global_colors_info=&#8221;{}&#8221;][et_pb_column type=&#8221;4_4&#8243; _builder_version=&#8221;4.16&#8243; global_colors_info=&#8221;{}&#8221;][et_pb_button button_url=&#8221;@ET-DC@eyJkeW5hbWljIjp0cnVlLCJjb250ZW50IjoicG9zdF9saW5rX3VybF9wb3N0Iiwic2V0dGluZ3MiOnsicG9zdF9pZCI6IjI4MjcifX0=@&#8221; button_text=&#8221;Com cuidar la teva mascota s\u00e8nior&#8221; button_alignment=&#8221;center&#8221; _builder_version=&#8221;4.17.3&#8243; _dynamic_attributes=&#8221;button_url&#8221; custom_margin=&#8221;||20px|||&#8221; global_colors_info=&#8221;{}&#8221;][\/et_pb_button][et_pb_button button_url=&#8221;@ET-DC@eyJkeW5hbWljIjp0cnVlLCJjb250ZW50IjoicG9zdF9saW5rX3VybF9wb3N0Iiwic2V0dGluZ3MiOnsicG9zdF9pZCI6IjExODYifX0=@&#8221; button_text=&#8221;Fes una revisi\u00f3 a la teva mascota para evitar malalties&#8221; button_alignment=&#8221;center&#8221; _builder_version=&#8221;4.17.3&#8243; _dynamic_attributes=&#8221;button_url&#8221; custom_margin=&#8221;||47px|||&#8221; global_colors_info=&#8221;{}&#8221;][\/et_pb_button][et_pb_divider _builder_version=&#8221;4.16&#8243; global_colors_info=&#8221;{}&#8221;][\/et_pb_divider][et_pb_text _builder_version=&#8221;4.16&#8243; global_colors_info=&#8221;{}&#8221;]<\/p>\n<div class=\"paragraph\" style=\"text-align: center\">Ara tenir cura de la teva mascota \u00e9s m\u00e9s f\u00e0cil. Ja pots fraccionar els pagaments dels productes i serveis veterinaris que facis al nostre centre. T&#8217;ajudem a cuidar de la teva mascota amb el <strong>PAGAMENT FRACCIONAT FRAKMENTA<\/strong>.<\/div>\n<div><\/div>\n<p>[\/et_pb_text][et_pb_button button_url=&#8221;@ET-DC@eyJkeW5hbWljIjp0cnVlLCJjb250ZW50IjoicG9zdF9saW5rX3VybF9wYWdlIiwic2V0dGluZ3MiOnsicG9zdF9pZCI6IjEwNzEifX0=@&#8221; button_text=&#8221;Frakmenta&#8221; button_alignment=&#8221;center&#8221; _builder_version=&#8221;4.16&#8243; _dynamic_attributes=&#8221;button_url&#8221; global_colors_info=&#8221;{}&#8221;][\/et_pb_button][\/et_pb_column][\/et_pb_row][\/et_pb_section]<\/p>\n","protected":false},"excerpt":{"rendered":"<p>20% de descompte el mes d&#8217;abrilFes una revisi\u00f3 al teu gat per cuidar el m\u00e9s important, la seva salutEls moments viscuts aquests anys pel coronavirus ens han fet entendre encara m\u00e9s l&#8217;important que \u00e9s tenir cura de la salut. Els gats s\u00f3n asimptom\u00e0tics i moltes malalties passen desapercebudes fins que ja estan molt avan\u00e7ades. Una [&hellip;]<\/p>\n","protected":false},"author":4,"featured_media":0,"parent":0,"menu_order":0,"comment_status":"closed","ping_status":"closed","template":"","meta":{"_et_pb_use_builder":"on","_et_pb_old_content":"","_et_gb_content_width":"","footnotes":""},"class_list":["post-1402","page","type-page","status-publish","hentry"],"yoast_head":"<!-- This site is optimized with the Yoast SEO plugin v27.4 - https:\/\/yoast.com\/product\/yoast-seo-wordpress\/ -->\n<title>Revisi\u00f3 gats - Els Llops Cl\u00ednica Veterin\u00e0ria de Castelledefels<\/title>\n<meta name=\"description\" content=\"Realitza una revisi\u00f3 al teu gat aquest estiu en el nostre centre veterinari Castelldefels per assegurar una bona salut al teu gat.\" \/>\n<meta name=\"robots\" content=\"noindex, follow\" \/>\n<meta property=\"og:locale\" content=\"ca_ES\" \/>\n<meta property=\"og:type\" content=\"article\" \/>\n<meta property=\"og:title\" content=\"Revisi\u00f3 gats - Els Llops Cl\u00ednica Veterin\u00e0ria de Castelledefels\" \/>\n<meta property=\"og:description\" content=\"Realitza una revisi\u00f3 al teu gat aquest estiu en el nostre centre veterinari Castelldefels per assegurar una bona salut al teu gat.\" \/>\n<meta property=\"og:url\" content=\"https:\/\/clinicaveterinariaelsllops.com\/ca\/revisio-gats\/\" \/>\n<meta property=\"og:site_name\" content=\"Els Llops Cl\u00ednica Veterin\u00e0ria\" \/>\n<meta property=\"article:modified_time\" content=\"2026-03-25T18:05:58+00:00\" \/>\n<meta name=\"twitter:card\" content=\"summary_large_image\" \/>\n<meta name=\"twitter:label1\" content=\"Temps estimat de lectura\" \/>\n\t<meta name=\"twitter:data1\" content=\"8 minuts\" \/>\n<script type=\"application\/ld+json\" class=\"yoast-schema-graph\">{\"@context\":\"https:\\\/\\\/schema.org\",\"@graph\":[{\"@type\":\"WebPage\",\"@id\":\"https:\\\/\\\/clinicaveterinariaelsllops.com\\\/ca\\\/revisio-gats\\\/\",\"url\":\"https:\\\/\\\/clinicaveterinariaelsllops.com\\\/ca\\\/revisio-gats\\\/\",\"name\":\"Revisi\u00f3 gats - Els Llops Cl\u00ednica Veterin\u00e0ria de Castelledefels\",\"isPartOf\":{\"@id\":\"https:\\\/\\\/clinicaveterinariaelsllops.com\\\/ca\\\/#website\"},\"datePublished\":\"2020-07-02T08:00:56+00:00\",\"dateModified\":\"2026-03-25T18:05:58+00:00\",\"description\":\"Realitza una revisi\u00f3 al teu gat aquest estiu en el nostre centre veterinari Castelldefels per assegurar una bona salut al teu gat.\",\"breadcrumb\":{\"@id\":\"https:\\\/\\\/clinicaveterinariaelsllops.com\\\/ca\\\/revisio-gats\\\/#breadcrumb\"},\"inLanguage\":\"ca\",\"potentialAction\":[{\"@type\":\"ReadAction\",\"target\":[\"https:\\\/\\\/clinicaveterinariaelsllops.com\\\/ca\\\/revisio-gats\\\/\"]}]},{\"@type\":\"BreadcrumbList\",\"@id\":\"https:\\\/\\\/clinicaveterinariaelsllops.com\\\/ca\\\/revisio-gats\\\/#breadcrumb\",\"itemListElement\":[{\"@type\":\"ListItem\",\"position\":1,\"name\":\"Home\",\"item\":\"https:\\\/\\\/clinicaveterinariaelsllops.com\\\/ca\\\/\"},{\"@type\":\"ListItem\",\"position\":2,\"name\":\"Revisi\u00f3 gats\"}]},{\"@type\":\"WebSite\",\"@id\":\"https:\\\/\\\/clinicaveterinariaelsllops.com\\\/ca\\\/#website\",\"url\":\"https:\\\/\\\/clinicaveterinariaelsllops.com\\\/ca\\\/\",\"name\":\"Els Llops Cl\u00ednica Veterin\u00e0ria\",\"description\":\"Els Llops Cl\u00ednica Veterin\u00e0ria de Castelldefels\",\"potentialAction\":[{\"@type\":\"SearchAction\",\"target\":{\"@type\":\"EntryPoint\",\"urlTemplate\":\"https:\\\/\\\/clinicaveterinariaelsllops.com\\\/ca\\\/?s={search_term_string}\"},\"query-input\":{\"@type\":\"PropertyValueSpecification\",\"valueRequired\":true,\"valueName\":\"search_term_string\"}}],\"inLanguage\":\"ca\"}]}<\/script>\n<!-- \/ Yoast SEO plugin. -->","yoast_head_json":{"title":"Revisi\u00f3 gats - Els Llops Cl\u00ednica Veterin\u00e0ria de Castelledefels","description":"Realitza una revisi\u00f3 al teu gat aquest estiu en el nostre centre veterinari Castelldefels per assegurar una bona salut al teu gat.","robots":{"index":"noindex","follow":"follow"},"og_locale":"ca_ES","og_type":"article","og_title":"Revisi\u00f3 gats - Els Llops Cl\u00ednica Veterin\u00e0ria de Castelledefels","og_description":"Realitza una revisi\u00f3 al teu gat aquest estiu en el nostre centre veterinari Castelldefels per assegurar una bona salut al teu gat.","og_url":"https:\/\/clinicaveterinariaelsllops.com\/ca\/revisio-gats\/","og_site_name":"Els Llops Cl\u00ednica Veterin\u00e0ria","article_modified_time":"2026-03-25T18:05:58+00:00","twitter_card":"summary_large_image","twitter_misc":{"Temps estimat de lectura":"8 minuts"},"schema":{"@context":"https:\/\/schema.org","@graph":[{"@type":"WebPage","@id":"https:\/\/clinicaveterinariaelsllops.com\/ca\/revisio-gats\/","url":"https:\/\/clinicaveterinariaelsllops.com\/ca\/revisio-gats\/","name":"Revisi\u00f3 gats - Els Llops Cl\u00ednica Veterin\u00e0ria de Castelledefels","isPartOf":{"@id":"https:\/\/clinicaveterinariaelsllops.com\/ca\/#website"},"datePublished":"2020-07-02T08:00:56+00:00","dateModified":"2026-03-25T18:05:58+00:00","description":"Realitza una revisi\u00f3 al teu gat aquest estiu en el nostre centre veterinari Castelldefels per assegurar una bona salut al teu gat.","breadcrumb":{"@id":"https:\/\/clinicaveterinariaelsllops.com\/ca\/revisio-gats\/#breadcrumb"},"inLanguage":"ca","potentialAction":[{"@type":"ReadAction","target":["https:\/\/clinicaveterinariaelsllops.com\/ca\/revisio-gats\/"]}]},{"@type":"BreadcrumbList","@id":"https:\/\/clinicaveterinariaelsllops.com\/ca\/revisio-gats\/#breadcrumb","itemListElement":[{"@type":"ListItem","position":1,"name":"Home","item":"https:\/\/clinicaveterinariaelsllops.com\/ca\/"},{"@type":"ListItem","position":2,"name":"Revisi\u00f3 gats"}]},{"@type":"WebSite","@id":"https:\/\/clinicaveterinariaelsllops.com\/ca\/#website","url":"https:\/\/clinicaveterinariaelsllops.com\/ca\/","name":"Els Llops Cl\u00ednica Veterin\u00e0ria","description":"Els Llops Cl\u00ednica Veterin\u00e0ria de Castelldefels","potentialAction":[{"@type":"SearchAction","target":{"@type":"EntryPoint","urlTemplate":"https:\/\/clinicaveterinariaelsllops.com\/ca\/?s={search_term_string}"},"query-input":{"@type":"PropertyValueSpecification","valueRequired":true,"valueName":"search_term_string"}}],"inLanguage":"ca"}]}},"_links":{"self":[{"href":"https:\/\/clinicaveterinariaelsllops.com\/ca\/wp-json\/wp\/v2\/pages\/1402","targetHints":{"allow":["GET"]}}],"collection":[{"href":"https:\/\/clinicaveterinariaelsllops.com\/ca\/wp-json\/wp\/v2\/pages"}],"about":[{"href":"https:\/\/clinicaveterinariaelsllops.com\/ca\/wp-json\/wp\/v2\/types\/page"}],"author":[{"embeddable":true,"href":"https:\/\/clinicaveterinariaelsllops.com\/ca\/wp-json\/wp\/v2\/users\/4"}],"replies":[{"embeddable":true,"href":"https:\/\/clinicaveterinariaelsllops.com\/ca\/wp-json\/wp\/v2\/comments?post=1402"}],"version-history":[{"count":1,"href":"https:\/\/clinicaveterinariaelsllops.com\/ca\/wp-json\/wp\/v2\/pages\/1402\/revisions"}],"predecessor-version":[{"id":3375,"href":"https:\/\/clinicaveterinariaelsllops.com\/ca\/wp-json\/wp\/v2\/pages\/1402\/revisions\/3375"}],"wp:attachment":[{"href":"https:\/\/clinicaveterinariaelsllops.com\/ca\/wp-json\/wp\/v2\/media?parent=1402"}],"wp:term":[{"taxonomy":"status","embeddable":true,"href":"https:\/\/clinicaveterinariaelsllops.com\/ca\/wp-json\/wp\/v2\/status?post=1402"}],"curies":[{"name":"wp","href":"https:\/\/api.w.org\/{rel}","templated":true}]}}