{"id":1342,"date":"2021-04-14T10:00:09","date_gmt":"2021-04-14T08:00:09","guid":{"rendered":"http:\/\/clinicaveterinariaelsllops.com\/prevencion-leishmania\/"},"modified":"2026-04-01T19:55:18","modified_gmt":"2026-04-01T17:55:18","slug":"prevencio-leishmania","status":[],"type":"page","link":"https:\/\/clinicaveterinariaelsllops.com\/ca\/prevencio-leishmania\/","title":{"rendered":"Prevenci\u00f3 Leishm\u00e0nia"},"content":{"rendered":"<p>[et_pb_section fb_built=&#8221;1&#8243; _builder_version=&#8221;4.16&#8243; background_image=&#8221;http:\/\/clinicaveterinariaelsllops.com\/wp-content\/uploads\/2019\/11\/leishmania01-header-scaled.jpg&#8221; background_position=&#8221;bottom_center&#8221; min_height=&#8221;250px&#8221; locked=&#8221;off&#8221; global_colors_info=&#8221;{}&#8221;][et_pb_row _builder_version=&#8221;4.16&#8243; global_colors_info=&#8221;{}&#8221;][et_pb_column type=&#8221;4_4&#8243; _builder_version=&#8221;4.16&#8243; global_colors_info=&#8221;{}&#8221;][et_pb_text _builder_version=&#8221;4.16&#8243; header_text_color=&#8221;#ffffff&#8221; header_font_size=&#8221;50px&#8221; global_colors_info=&#8221;{}&#8221;]<\/p>\n<h1 class=\"raleway default-transform desktop\" style=\"text-align: center\">Prevenci\u00f3 Leishm\u00e0nia<\/h1>\n<p>[\/et_pb_text][\/et_pb_column][\/et_pb_row][\/et_pb_section][et_pb_section fb_built=&#8221;1&#8243; _builder_version=&#8221;4.16&#8243; custom_padding=&#8221;||48px|||&#8221; global_colors_info=&#8221;{}&#8221;][et_pb_row _builder_version=&#8221;4.16&#8243; custom_padding=&#8221;28px|||||&#8221; locked=&#8221;off&#8221; global_colors_info=&#8221;{}&#8221;][et_pb_column type=&#8221;4_4&#8243; _builder_version=&#8221;4.16&#8243; global_colors_info=&#8221;{}&#8221;][et_pb_text disabled_on=&#8221;on|on|on&#8221; _builder_version=&#8221;4.27.4&#8243; hover_enabled=&#8221;0&#8243; global_colors_info=&#8221;{}&#8221; disabled=&#8221;on&#8221; sticky_enabled=&#8221;0&#8243;]<\/p>\n<h2 class=\"wsite-content-title\" style=\"text-align: center;\"><span style=\"color: #008c95;\">15% de descompte durant el mes de febrer<\/span><\/h2>\n<p>[\/et_pb_text][et_pb_image src=&#8221;http:\/\/clinicaveterinariaelsllops.com\/wp-content\/uploads\/2019\/10\/Separador-els-llops-scaled.jpg&#8221; disabled_on=&#8221;on|on|on&#8221; _builder_version=&#8221;4.24.3&#8243; disabled=&#8221;on&#8221; global_colors_info=&#8221;{}&#8221;][\/et_pb_image][et_pb_text _builder_version=&#8221;4.19.4&#8243; global_colors_info=&#8221;{}&#8221;]<\/p>\n<h2 class=\"wsite-content-title\" style=\"text-align: center\"><span style=\"color: #008c95\">Demana una cita i aprofita el nostre Pack Preventiu:<\/span><\/h2>\n<p>[\/et_pb_text][\/et_pb_column][\/et_pb_row][et_pb_row column_structure=&#8221;1_2,1_2&#8243; _builder_version=&#8221;4.16&#8243; global_colors_info=&#8221;{}&#8221;][et_pb_column type=&#8221;1_2&#8243; _builder_version=&#8221;4.16&#8243; global_colors_info=&#8221;{}&#8221;][et_pb_text _builder_version=&#8221;4.16&#8243; global_colors_info=&#8221;{}&#8221;]<\/p>\n<p><span>\u00a0\u00a0<img loading=\"lazy\" decoding=\"async\" src=\"http:\/\/clinicaveterinariaelsllops.com\/wp-content\/uploads\/2019\/11\/Test-300x300.jpg\" width=\"86\" height=\"86\" alt=\"\" class=\"wp-image-530 alignnone size-medium\" style=\"float: left\" \/><\/span><\/p>\n<p><span style=\"font-size: large\">Test Leishm\u00e0nia<\/span><\/p>\n<p>[\/et_pb_text][\/et_pb_column][et_pb_column type=&#8221;1_2&#8243; _builder_version=&#8221;4.16&#8243; global_colors_info=&#8221;{}&#8221;][et_pb_text _builder_version=&#8221;4.16&#8243; global_colors_info=&#8221;{}&#8221;]<\/p>\n<p><span><img loading=\"lazy\" decoding=\"async\" src=\"http:\/\/clinicaveterinariaelsllops.com\/wp-content\/uploads\/2019\/11\/Jarabe-vacuna-300x300.jpg\" width=\"84\" height=\"84\" alt=\"\" class=\"wp-image-528 alignnone size-medium\" style=\"float: left\" \/><\/span><\/p>\n<p><span><\/span><\/p>\n<p><span style=\"font-size: large\">Vacuna\u00a0<\/span><\/p>\n<p>[\/et_pb_text][\/et_pb_column][\/et_pb_row][et_pb_row column_structure=&#8221;1_2,1_2&#8243; _builder_version=&#8221;4.16&#8243; global_colors_info=&#8221;{}&#8221;][et_pb_column type=&#8221;1_2&#8243; _builder_version=&#8221;4.16&#8243; global_colors_info=&#8221;{}&#8221;][et_pb_image src=&#8221;http:\/\/clinicaveterinariaelsllops.com\/wp-content\/uploads\/2019\/11\/leishmania01.jpg&#8221; _builder_version=&#8221;4.16&#8243; global_colors_info=&#8221;{}&#8221;][\/et_pb_image][\/et_pb_column][et_pb_column type=&#8221;1_2&#8243; _builder_version=&#8221;4.16&#8243; global_colors_info=&#8221;{}&#8221;][et_pb_text _builder_version=&#8221;4.16&#8243; custom_margin=&#8221;18px|||||&#8221; global_colors_info=&#8221;{}&#8221;]<\/p>\n<h2>Protegeix la teva mascota de la leishmaniosi canina<\/h2>\n<p>[\/et_pb_text][et_pb_text _builder_version=&#8221;4.16&#8243; global_colors_info=&#8221;{}&#8221;]<\/p>\n<p>La leishmaniosi \u00e9s una de les malalties m\u00e9s perilloses per la teva mascota i \u00e9s transmesa per la picada de l&#8217;insecte fleb\u00f2tom. Dona-li la deguda atenci\u00f3 perqu\u00e8 pot arribar a ser mortal per al teu animal de companyia.<\/p>\n<p>Entre l&#8217;abril i l&#8217;octubre arriba el per\u00edode de major incid\u00e8ncia d&#8217;aquesta malaltia, especialment a les zones mediterr\u00e0nies. A la nostra cl\u00ednica veterin\u00e0ria de Castelldefels t&#8217;ajudem a protegir-lo.<\/p>\n<p>&nbsp;<\/p>\n<p>[\/et_pb_text][\/et_pb_column][\/et_pb_row][et_pb_row column_structure=&#8221;1_2,1_2&#8243; _builder_version=&#8221;4.16&#8243; custom_padding=&#8221;||2px|||&#8221; global_colors_info=&#8221;{}&#8221;][et_pb_column type=&#8221;1_2&#8243; _builder_version=&#8221;4.16&#8243; global_colors_info=&#8221;{}&#8221;][et_pb_text _builder_version=&#8221;4.16&#8243; global_colors_info=&#8221;{}&#8221;]<\/p>\n<h2 class=\"wsite-content-title\"><span style=\"color: #008c95\">Quines mesures de prevenci\u00f3 podem prendre?<\/span><span><\/span><\/h2>\n<div class=\"paragraph\">\n<p>A\u00a0<strong>Els llops<\/strong>\u00a0<strong><span>Cl\u00ednica Veterinaria de Castelldefels\u00a0<\/span><\/strong>disposem d&#8217;un servei de sensibilitzaci\u00f3 de la leishmaniosi en gossos i tamb\u00e9 en gats. T&#8217;ajudem a prevenir i detectar a temps aquesta malaltia.<br \/> \u200b<br \/> T&#8217;oferim diferents proves de detecci\u00f3 i prevenci\u00f3:<\/p>\n<ol>\n<li>Prova r\u00e0pida de sang.<\/li>\n<li>ELISA o IFI.<\/li>\n<li>Citologia de medul\u00b7la \u00f2ssia o bi\u00f2psia de teixit o linfonode.<\/li>\n<li>An\u00e0lisis complets d&#8217;orina i sang.<\/li>\n<\/ol>\n<\/div>\n<p>[\/et_pb_text][\/et_pb_column][et_pb_column type=&#8221;1_2&#8243; _builder_version=&#8221;4.16&#8243; global_colors_info=&#8221;{}&#8221;][et_pb_text _builder_version=&#8221;4.16&#8243; custom_margin=&#8221;||18px|||&#8221; custom_padding=&#8221;||0px|||&#8221; global_colors_info=&#8221;{}&#8221;]<\/p>\n<div class=\"paragraph\">\n<h2 class=\"wsite-content-title\"><span style=\"color: #008c95\">Com identificar la leishmaniosi en el teu gos<\/span><\/h2>\n<div class=\"paragraph\">\n<p>La nostra acci\u00f3 no consisteix nom\u00e9s a conscienciar dels perills de contraure una malaltia que tamb\u00e9 es transmet entre els animals afectats. Pots identificar aquesta malaltia en la teva mascota pel seu estat de malestar general que se sol manifestar en:<\/p>\n<p>&nbsp;<\/p>\n<ul>\n<li>Aprimament exagerat i trastorns de la gana.<\/li>\n<li>Caspa i caiguda del pelatge.<\/li>\n<li>Sortida de sang pel nas.<\/li>\n<li>Mal al\u00e8.<\/li>\n<li>Set extrema.<\/li>\n<li>V\u00f2mits i excessiva necessitat d&#8217;orinar.<\/li>\n<\/ul>\n<\/div>\n<\/div>\n<p>[\/et_pb_text][\/et_pb_column][\/et_pb_row][et_pb_row _builder_version=&#8221;4.16&#8243; custom_padding=&#8221;6px||69px|||&#8221; global_colors_info=&#8221;{}&#8221;][et_pb_column type=&#8221;4_4&#8243; _builder_version=&#8221;4.16&#8243; global_colors_info=&#8221;{}&#8221;][et_pb_button button_url=&#8221;http:\/\/clinicaveterinariaelsllops.com\/ca\/prevenir-tratar-leishmania\/&#8221; button_text=&#8221;Llegir aqu\u00ed: Com prevenir i tractar la leishm\u00e0nia&#8221; button_alignment=&#8221;center&#8221; _builder_version=&#8221;4.16&#8243; custom_margin=&#8221;||47px|||&#8221; global_colors_info=&#8221;{}&#8221;][\/et_pb_button][et_pb_divider _builder_version=&#8221;4.16&#8243; global_colors_info=&#8221;{}&#8221;][\/et_pb_divider][et_pb_text _builder_version=&#8221;4.16&#8243; global_colors_info=&#8221;{}&#8221;]<\/p>\n<div class=\"paragraph\" style=\"text-align: center\">Ara tenir cura de la teva mascota \u00e9s m\u00e9s f\u00e0cil. Ja pots fraccionar els pagaments dels productes i serveis veterinaris que facis al nostre centre. T&#8217;ajudem a cuidar de la teva mascota amb el <strong>PAGAMENT FRACCIONAT FRAKMENTA<\/strong>.<\/div>\n<div><\/div>\n<p>[\/et_pb_text][et_pb_button button_url=&#8221;@ET-DC@eyJkeW5hbWljIjp0cnVlLCJjb250ZW50IjoicG9zdF9saW5rX3VybF9wYWdlIiwic2V0dGluZ3MiOnsicG9zdF9pZCI6IjEwNzEiLCJlbmFibGVfaHRtbCI6Im9mZiJ9fQ==@&#8221; button_text=&#8221;Frakmenta&#8221; button_alignment=&#8221;center&#8221; _builder_version=&#8221;4.16&#8243; _dynamic_attributes=&#8221;button_url&#8221; global_colors_info=&#8221;{}&#8221;][\/et_pb_button][\/et_pb_column][\/et_pb_row][\/et_pb_section]<\/p>\n","protected":false},"excerpt":{"rendered":"<p>Prevenci\u00f3 Leishm\u00e0nia15% de descompte durant el mes de febrerDemana una cita i aprofita el nostre Pack Preventiu:\u00a0\u00a0 Test Leishm\u00e0nia Vacuna\u00a0Protegeix la teva mascota de la leishmaniosi caninaLa leishmaniosi \u00e9s una de les malalties m\u00e9s perilloses per la teva mascota i \u00e9s transmesa per la picada de l&#8217;insecte fleb\u00f2tom. Dona-li la deguda atenci\u00f3 perqu\u00e8 pot arribar [&hellip;]<\/p>\n","protected":false},"author":1,"featured_media":0,"parent":0,"menu_order":0,"comment_status":"closed","ping_status":"closed","template":"","meta":{"_et_pb_use_builder":"on","_et_pb_old_content":"","_et_gb_content_width":"","footnotes":""},"class_list":["post-1342","page","type-page","status-publish","hentry"],"yoast_head":"<!-- This site is optimized with the Yoast SEO plugin v27.4 - https:\/\/yoast.com\/product\/yoast-seo-wordpress\/ -->\n<title>Prevenci\u00f3 Leishm\u00e0nia - Els Llops Cl\u00ednica Veterin\u00e0ria<\/title>\n<meta name=\"description\" content=\"A la nostra cl\u00ednica veterin\u00e0ria de Castelldefels oferim el servei de detecci\u00f3 i prevenci\u00f3 de la leishmaniosi a la teva mascota.\" \/>\n<meta name=\"robots\" content=\"index, follow, max-snippet:-1, max-image-preview:large, max-video-preview:-1\" \/>\n<link rel=\"canonical\" href=\"https:\/\/clinicaveterinariaelsllops.com\/ca\/prevencio-leishmania\/\" \/>\n<meta property=\"og:locale\" content=\"ca_ES\" \/>\n<meta property=\"og:type\" content=\"article\" \/>\n<meta property=\"og:title\" content=\"Prevenci\u00f3 Leishm\u00e0nia - Els Llops Cl\u00ednica Veterin\u00e0ria\" \/>\n<meta property=\"og:description\" content=\"A la nostra cl\u00ednica veterin\u00e0ria de Castelldefels oferim el servei de detecci\u00f3 i prevenci\u00f3 de la leishmaniosi a la teva mascota.\" \/>\n<meta property=\"og:url\" content=\"https:\/\/clinicaveterinariaelsllops.com\/ca\/prevencio-leishmania\/\" \/>\n<meta property=\"og:site_name\" content=\"Els Llops Cl\u00ednica Veterin\u00e0ria\" \/>\n<meta property=\"article:modified_time\" content=\"2026-04-01T17:55:18+00:00\" \/>\n<meta property=\"og:image\" content=\"https:\/\/clinicaveterinariaelsllops.com\/wp-content\/uploads\/2019\/11\/Test.jpg\" \/>\n\t<meta property=\"og:image:width\" content=\"772\" \/>\n\t<meta property=\"og:image:height\" content=\"772\" \/>\n\t<meta property=\"og:image:type\" content=\"image\/jpeg\" \/>\n<meta name=\"twitter:card\" content=\"summary_large_image\" \/>\n<meta name=\"twitter:label1\" content=\"Temps estimat de lectura\" \/>\n\t<meta name=\"twitter:data1\" content=\"4 minuts\" \/>\n<script type=\"application\/ld+json\" class=\"yoast-schema-graph\">{\"@context\":\"https:\\\/\\\/schema.org\",\"@graph\":[{\"@type\":\"WebPage\",\"@id\":\"https:\\\/\\\/clinicaveterinariaelsllops.com\\\/ca\\\/prevencio-leishmania\\\/\",\"url\":\"https:\\\/\\\/clinicaveterinariaelsllops.com\\\/ca\\\/prevencio-leishmania\\\/\",\"name\":\"Prevenci\u00f3 Leishm\u00e0nia - Els Llops Cl\u00ednica Veterin\u00e0ria\",\"isPartOf\":{\"@id\":\"https:\\\/\\\/clinicaveterinariaelsllops.com\\\/ca\\\/#website\"},\"primaryImageOfPage\":{\"@id\":\"https:\\\/\\\/clinicaveterinariaelsllops.com\\\/ca\\\/prevencio-leishmania\\\/#primaryimage\"},\"image\":{\"@id\":\"https:\\\/\\\/clinicaveterinariaelsllops.com\\\/ca\\\/prevencio-leishmania\\\/#primaryimage\"},\"thumbnailUrl\":\"http:\\\/\\\/clinicaveterinariaelsllops.com\\\/wp-content\\\/uploads\\\/2019\\\/11\\\/Test-300x300.jpg\",\"datePublished\":\"2021-04-14T08:00:09+00:00\",\"dateModified\":\"2026-04-01T17:55:18+00:00\",\"description\":\"A la nostra cl\u00ednica veterin\u00e0ria de Castelldefels oferim el servei de detecci\u00f3 i prevenci\u00f3 de la leishmaniosi a la teva mascota.\",\"breadcrumb\":{\"@id\":\"https:\\\/\\\/clinicaveterinariaelsllops.com\\\/ca\\\/prevencio-leishmania\\\/#breadcrumb\"},\"inLanguage\":\"ca\",\"potentialAction\":[{\"@type\":\"ReadAction\",\"target\":[\"https:\\\/\\\/clinicaveterinariaelsllops.com\\\/ca\\\/prevencio-leishmania\\\/\"]}]},{\"@type\":\"ImageObject\",\"inLanguage\":\"ca\",\"@id\":\"https:\\\/\\\/clinicaveterinariaelsllops.com\\\/ca\\\/prevencio-leishmania\\\/#primaryimage\",\"url\":\"http:\\\/\\\/clinicaveterinariaelsllops.com\\\/wp-content\\\/uploads\\\/2019\\\/11\\\/Test-300x300.jpg\",\"contentUrl\":\"http:\\\/\\\/clinicaveterinariaelsllops.com\\\/wp-content\\\/uploads\\\/2019\\\/11\\\/Test-300x300.jpg\"},{\"@type\":\"BreadcrumbList\",\"@id\":\"https:\\\/\\\/clinicaveterinariaelsllops.com\\\/ca\\\/prevencio-leishmania\\\/#breadcrumb\",\"itemListElement\":[{\"@type\":\"ListItem\",\"position\":1,\"name\":\"Home\",\"item\":\"https:\\\/\\\/clinicaveterinariaelsllops.com\\\/ca\\\/\"},{\"@type\":\"ListItem\",\"position\":2,\"name\":\"Prevenci\u00f3 Leishm\u00e0nia\"}]},{\"@type\":\"WebSite\",\"@id\":\"https:\\\/\\\/clinicaveterinariaelsllops.com\\\/ca\\\/#website\",\"url\":\"https:\\\/\\\/clinicaveterinariaelsllops.com\\\/ca\\\/\",\"name\":\"Els Llops Cl\u00ednica Veterin\u00e0ria\",\"description\":\"Els Llops Cl\u00ednica Veterin\u00e0ria de Castelldefels\",\"potentialAction\":[{\"@type\":\"SearchAction\",\"target\":{\"@type\":\"EntryPoint\",\"urlTemplate\":\"https:\\\/\\\/clinicaveterinariaelsllops.com\\\/ca\\\/?s={search_term_string}\"},\"query-input\":{\"@type\":\"PropertyValueSpecification\",\"valueRequired\":true,\"valueName\":\"search_term_string\"}}],\"inLanguage\":\"ca\"}]}<\/script>\n<!-- \/ Yoast SEO plugin. -->","yoast_head_json":{"title":"Prevenci\u00f3 Leishm\u00e0nia - Els Llops Cl\u00ednica Veterin\u00e0ria","description":"A la nostra cl\u00ednica veterin\u00e0ria de Castelldefels oferim el servei de detecci\u00f3 i prevenci\u00f3 de la leishmaniosi a la teva mascota.","robots":{"index":"index","follow":"follow","max-snippet":"max-snippet:-1","max-image-preview":"max-image-preview:large","max-video-preview":"max-video-preview:-1"},"canonical":"https:\/\/clinicaveterinariaelsllops.com\/ca\/prevencio-leishmania\/","og_locale":"ca_ES","og_type":"article","og_title":"Prevenci\u00f3 Leishm\u00e0nia - Els Llops Cl\u00ednica Veterin\u00e0ria","og_description":"A la nostra cl\u00ednica veterin\u00e0ria de Castelldefels oferim el servei de detecci\u00f3 i prevenci\u00f3 de la leishmaniosi a la teva mascota.","og_url":"https:\/\/clinicaveterinariaelsllops.com\/ca\/prevencio-leishmania\/","og_site_name":"Els Llops Cl\u00ednica Veterin\u00e0ria","article_modified_time":"2026-04-01T17:55:18+00:00","og_image":[{"width":772,"height":772,"url":"https:\/\/clinicaveterinariaelsllops.com\/wp-content\/uploads\/2019\/11\/Test.jpg","type":"image\/jpeg"}],"twitter_card":"summary_large_image","twitter_misc":{"Temps estimat de lectura":"4 minuts"},"schema":{"@context":"https:\/\/schema.org","@graph":[{"@type":"WebPage","@id":"https:\/\/clinicaveterinariaelsllops.com\/ca\/prevencio-leishmania\/","url":"https:\/\/clinicaveterinariaelsllops.com\/ca\/prevencio-leishmania\/","name":"Prevenci\u00f3 Leishm\u00e0nia - Els Llops Cl\u00ednica Veterin\u00e0ria","isPartOf":{"@id":"https:\/\/clinicaveterinariaelsllops.com\/ca\/#website"},"primaryImageOfPage":{"@id":"https:\/\/clinicaveterinariaelsllops.com\/ca\/prevencio-leishmania\/#primaryimage"},"image":{"@id":"https:\/\/clinicaveterinariaelsllops.com\/ca\/prevencio-leishmania\/#primaryimage"},"thumbnailUrl":"http:\/\/clinicaveterinariaelsllops.com\/wp-content\/uploads\/2019\/11\/Test-300x300.jpg","datePublished":"2021-04-14T08:00:09+00:00","dateModified":"2026-04-01T17:55:18+00:00","description":"A la nostra cl\u00ednica veterin\u00e0ria de Castelldefels oferim el servei de detecci\u00f3 i prevenci\u00f3 de la leishmaniosi a la teva mascota.","breadcrumb":{"@id":"https:\/\/clinicaveterinariaelsllops.com\/ca\/prevencio-leishmania\/#breadcrumb"},"inLanguage":"ca","potentialAction":[{"@type":"ReadAction","target":["https:\/\/clinicaveterinariaelsllops.com\/ca\/prevencio-leishmania\/"]}]},{"@type":"ImageObject","inLanguage":"ca","@id":"https:\/\/clinicaveterinariaelsllops.com\/ca\/prevencio-leishmania\/#primaryimage","url":"http:\/\/clinicaveterinariaelsllops.com\/wp-content\/uploads\/2019\/11\/Test-300x300.jpg","contentUrl":"http:\/\/clinicaveterinariaelsllops.com\/wp-content\/uploads\/2019\/11\/Test-300x300.jpg"},{"@type":"BreadcrumbList","@id":"https:\/\/clinicaveterinariaelsllops.com\/ca\/prevencio-leishmania\/#breadcrumb","itemListElement":[{"@type":"ListItem","position":1,"name":"Home","item":"https:\/\/clinicaveterinariaelsllops.com\/ca\/"},{"@type":"ListItem","position":2,"name":"Prevenci\u00f3 Leishm\u00e0nia"}]},{"@type":"WebSite","@id":"https:\/\/clinicaveterinariaelsllops.com\/ca\/#website","url":"https:\/\/clinicaveterinariaelsllops.com\/ca\/","name":"Els Llops Cl\u00ednica Veterin\u00e0ria","description":"Els Llops Cl\u00ednica Veterin\u00e0ria de Castelldefels","potentialAction":[{"@type":"SearchAction","target":{"@type":"EntryPoint","urlTemplate":"https:\/\/clinicaveterinariaelsllops.com\/ca\/?s={search_term_string}"},"query-input":{"@type":"PropertyValueSpecification","valueRequired":true,"valueName":"search_term_string"}}],"inLanguage":"ca"}]}},"_links":{"self":[{"href":"https:\/\/clinicaveterinariaelsllops.com\/ca\/wp-json\/wp\/v2\/pages\/1342","targetHints":{"allow":["GET"]}}],"collection":[{"href":"https:\/\/clinicaveterinariaelsllops.com\/ca\/wp-json\/wp\/v2\/pages"}],"about":[{"href":"https:\/\/clinicaveterinariaelsllops.com\/ca\/wp-json\/wp\/v2\/types\/page"}],"author":[{"embeddable":true,"href":"https:\/\/clinicaveterinariaelsllops.com\/ca\/wp-json\/wp\/v2\/users\/1"}],"replies":[{"embeddable":true,"href":"https:\/\/clinicaveterinariaelsllops.com\/ca\/wp-json\/wp\/v2\/comments?post=1342"}],"version-history":[{"count":4,"href":"https:\/\/clinicaveterinariaelsllops.com\/ca\/wp-json\/wp\/v2\/pages\/1342\/revisions"}],"predecessor-version":[{"id":3378,"href":"https:\/\/clinicaveterinariaelsllops.com\/ca\/wp-json\/wp\/v2\/pages\/1342\/revisions\/3378"}],"wp:attachment":[{"href":"https:\/\/clinicaveterinariaelsllops.com\/ca\/wp-json\/wp\/v2\/media?parent=1342"}],"wp:term":[{"taxonomy":"status","embeddable":true,"href":"https:\/\/clinicaveterinariaelsllops.com\/ca\/wp-json\/wp\/v2\/status?post=1342"}],"curies":[{"name":"wp","href":"https:\/\/api.w.org\/{rel}","templated":true}]}}