{"id":1145,"date":"2020-03-04T20:03:17","date_gmt":"2020-03-04T19:03:17","guid":{"rendered":"http:\/\/clinicaveterinariaelsllops.com\/fotogaleria-els-llops\/"},"modified":"2021-09-15T00:56:51","modified_gmt":"2021-09-14T22:56:51","slug":"2n-concurs-fotografic","status":[],"type":"page","link":"https:\/\/clinicaveterinariaelsllops.com\/ca\/2n-concurs-fotografic\/","title":{"rendered":"2n Concurs fotogr\u00e0fic"},"content":{"rendered":"\n[et_pb_section fb_built=&#8221;1&#8243; _builder_version=&#8221;4.0.3&#8243; background_image=&#8221;http:\/\/clinicaveterinariaelsllops.com\/wp-content\/uploads\/2019\/10\/ElsLlops_Banner_fotogaleria-scaled.jpg&#8221; background_position=&#8221;bottom_center&#8221; locked=&#8221;off&#8221;][et_pb_row _builder_version=&#8221;4.0.2&#8243;][et_pb_column type=&#8221;4_4&#8243; _builder_version=&#8221;4.0.2&#8243;][et_pb_post_title _builder_version=&#8221;4.4.0&#8243;][\/et_pb_post_title][\/et_pb_column][\/et_pb_row][\/et_pb_section][et_pb_section fb_built=&#8221;1&#8243; _builder_version=&#8221;4.0.3&#8243; custom_padding=&#8221;||48px|||&#8221;][et_pb_row _builder_version=&#8221;4.0.3&#8243; custom_margin=&#8221;-19px|auto||auto||&#8221; custom_padding=&#8221;||28px|||&#8221;][et_pb_column type=&#8221;4_4&#8243; _builder_version=&#8221;4.0.3&#8243;][et_pb_text _builder_version=&#8221;4.3.4&#8243;]<h2 style=\"text-align: center\"><strong><span style=\"color: #008f98\">Ja tenim aqu\u00ed els guanyadors i finalistes del concurs fotogr\u00e0fic de Cl\u00ednica Veterin\u00e0ria Els Llops.<\/span><\/strong><\/h2>[\/et_pb_text][et_pb_text _builder_version=&#8221;4.3.4&#8243;]<div class=\"paragraph\" style=\"text-align: center\">\n<p><span>Us deixem una bonica foto dels concursants guanyadors amb el bonus descompte que han passat a recollir.<\/span><br \/><span>Ens hem quedat amb ganes de m\u00e9s i ja estem pensant en el proper.\u00a0<br \/>Moltes gr\u00e0cies per participar i felicitats als afortunats!\u00a0<\/span><\/p>\n<\/div>\n<div><\/div>[\/et_pb_text][\/et_pb_column][\/et_pb_row][et_pb_row column_structure=&#8221;1_3,1_3,1_3&#8243; _builder_version=&#8221;4.3.4&#8243;][et_pb_column type=&#8221;1_3&#8243; _builder_version=&#8221;4.3.4&#8243;][et_pb_image src=&#8221;http:\/\/clinicaveterinariaelsllops.com\/wp-content\/uploads\/2020\/03\/cvetelsllops-1erpremi.png&#8221; _builder_version=&#8221;4.3.4&#8243;][\/et_pb_image][et_pb_text _builder_version=&#8221;4.4.0&#8243; hover_enabled=&#8221;0&#8243;]<p style=\"text-align: center\"><span>Primer Premi<\/span><\/p>\n[\/et_pb_text][\/et_pb_column][et_pb_column type=&#8221;1_3&#8243; _builder_version=&#8221;4.3.4&#8243;][et_pb_image src=&#8221;http:\/\/clinicaveterinariaelsllops.com\/wp-content\/uploads\/2020\/03\/cvetelsllops-2onpremi.jpg&#8221; _builder_version=&#8221;4.3.4&#8243;][\/et_pb_image][et_pb_text _builder_version=&#8221;4.4.0&#8243; hover_enabled=&#8221;0&#8243;]<p style=\"text-align: center\"><span>Segon Premi<\/span><\/p>\n[\/et_pb_text][\/et_pb_column][et_pb_column type=&#8221;1_3&#8243; _builder_version=&#8221;4.3.4&#8243;][et_pb_image src=&#8221;http:\/\/clinicaveterinariaelsllops.com\/wp-content\/uploads\/2020\/03\/cvetelsllops-3erpremi.png&#8221; _builder_version=&#8221;4.3.4&#8243;][\/et_pb_image][et_pb_text _builder_version=&#8221;4.4.0&#8243; hover_enabled=&#8221;0&#8243;]<p style=\"text-align: center\"><span>Tercer Premi<\/span><\/p>\n[\/et_pb_text][\/et_pb_column][\/et_pb_row][et_pb_row _builder_version=&#8221;4.0.3&#8243;][et_pb_column type=&#8221;4_4&#8243; _builder_version=&#8221;4.0.3&#8243;][et_pb_image src=&#8221;http:\/\/clinicaveterinariaelsllops.com\/wp-content\/uploads\/2019\/10\/Separador-els-llops-scaled.jpg&#8221; _builder_version=&#8221;4.0.3&#8243;][\/et_pb_image][et_pb_text _builder_version=&#8221;4.3.4&#8243;]<h2 style=\"text-align: center\"><strong><span style=\"color: #008f98\">Guanyadors<\/span><\/strong><\/h2>[\/et_pb_text][\/et_pb_column][\/et_pb_row][et_pb_row column_structure=&#8221;1_3,1_3,1_3&#8243; _builder_version=&#8221;4.3.4&#8243;][et_pb_column type=&#8221;1_3&#8243; _builder_version=&#8221;4.3.4&#8243;][et_pb_image src=&#8221;http:\/\/clinicaveterinariaelsllops.com\/wp-content\/uploads\/2020\/03\/els-llops-sasha-.jpg&#8221; _builder_version=&#8221;4.3.4&#8243;][\/et_pb_image][et_pb_text _builder_version=&#8221;4.3.4&#8243;]<p style=\"text-align: center\"><span>Sasha<\/span><\/p>[\/et_pb_text][\/et_pb_column][et_pb_column type=&#8221;1_3&#8243; _builder_version=&#8221;4.3.4&#8243;][et_pb_image src=&#8221;http:\/\/clinicaveterinariaelsllops.com\/wp-content\/uploads\/2020\/03\/els-llops-holly.jpg&#8221; _builder_version=&#8221;4.3.4&#8243;][\/et_pb_image][et_pb_text _builder_version=&#8221;4.3.4&#8243;]<p style=\"text-align: center\"><span>Holly<\/span><\/p>[\/et_pb_text][\/et_pb_column][et_pb_column type=&#8221;1_3&#8243; _builder_version=&#8221;4.3.4&#8243;][et_pb_image src=&#8221;http:\/\/clinicaveterinariaelsllops.com\/wp-content\/uploads\/2020\/03\/els-llops-buddy.jpg&#8221; _builder_version=&#8221;4.3.4&#8243;][\/et_pb_image][et_pb_text _builder_version=&#8221;4.3.4&#8243;]<p style=\"text-align: center\"><span>Buddy<\/span><\/p>[\/et_pb_text][\/et_pb_column][\/et_pb_row][et_pb_row _builder_version=&#8221;4.0.3&#8243;][et_pb_column type=&#8221;4_4&#8243; _builder_version=&#8221;4.0.3&#8243;][et_pb_image src=&#8221;http:\/\/clinicaveterinariaelsllops.com\/wp-content\/uploads\/2019\/10\/Separador-els-llops-scaled.jpg&#8221; _builder_version=&#8221;4.0.3&#8243;][\/et_pb_image][et_pb_text _builder_version=&#8221;4.3.4&#8243;]<h2 style=\"text-align: center\"><strong><span style=\"color: #008f98\">Finalistes<\/span><\/strong><\/h2>[\/et_pb_text][\/et_pb_column][\/et_pb_row][et_pb_row column_structure=&#8221;1_3,1_3,1_3&#8243; _builder_version=&#8221;4.3.4&#8243;][et_pb_column type=&#8221;1_3&#8243; _builder_version=&#8221;4.3.4&#8243;][et_pb_image src=&#8221;http:\/\/clinicaveterinariaelsllops.com\/wp-content\/uploads\/2020\/03\/els-llops-kala.jpg&#8221; _builder_version=&#8221;4.3.4&#8243;][\/et_pb_image][et_pb_text _builder_version=&#8221;4.3.4&#8243;]<p style=\"text-align: center\"><span>Kala<\/span><\/p>[\/et_pb_text][\/et_pb_column][et_pb_column type=&#8221;1_3&#8243; _builder_version=&#8221;4.3.4&#8243;][et_pb_image src=&#8221;http:\/\/clinicaveterinariaelsllops.com\/wp-content\/uploads\/2020\/03\/els-llops-patch.jpg&#8221; _builder_version=&#8221;4.3.4&#8243;][\/et_pb_image][et_pb_text _builder_version=&#8221;4.3.4&#8243;]<p style=\"text-align: center\"><span>Pacth<\/span><\/p>[\/et_pb_text][\/et_pb_column][et_pb_column type=&#8221;1_3&#8243; _builder_version=&#8221;4.3.4&#8243;][et_pb_image src=&#8221;http:\/\/clinicaveterinariaelsllops.com\/wp-content\/uploads\/2020\/03\/els-llops-max.jpg&#8221; _builder_version=&#8221;4.3.4&#8243;][\/et_pb_image][et_pb_text _builder_version=&#8221;4.3.4&#8243;]<p style=\"text-align: center\"><span>Max<\/span><\/p>[\/et_pb_text][\/et_pb_column][\/et_pb_row][et_pb_row column_structure=&#8221;1_3,1_3,1_3&#8243; _builder_version=&#8221;4.3.4&#8243;][et_pb_column type=&#8221;1_3&#8243; _builder_version=&#8221;4.3.4&#8243;][et_pb_image src=&#8221;http:\/\/clinicaveterinariaelsllops.com\/wp-content\/uploads\/2020\/03\/els-llops-buddy-2.jpg&#8221; _builder_version=&#8221;4.3.4&#8243;][\/et_pb_image][et_pb_text _builder_version=&#8221;4.3.4&#8243;]<p style=\"text-align: center\"><span>Buddy<\/span><\/p>[\/et_pb_text][\/et_pb_column][et_pb_column type=&#8221;1_3&#8243; _builder_version=&#8221;4.3.4&#8243;][et_pb_image src=&#8221;http:\/\/clinicaveterinariaelsllops.com\/wp-content\/uploads\/2020\/03\/els-llops-chupachups.jpg&#8221; _builder_version=&#8221;4.3.4&#8243;][\/et_pb_image][et_pb_text _builder_version=&#8221;4.3.4&#8243;]<p style=\"text-align: center\"><span>Chupachups<\/span><\/p>[\/et_pb_text][\/et_pb_column][et_pb_column type=&#8221;1_3&#8243; _builder_version=&#8221;4.3.4&#8243;][et_pb_image src=&#8221;http:\/\/clinicaveterinariaelsllops.com\/wp-content\/uploads\/2020\/03\/els-llops-leo.jpg&#8221; _builder_version=&#8221;4.3.4&#8243;][\/et_pb_image][et_pb_text _builder_version=&#8221;4.3.4&#8243;]<p style=\"text-align: center\"><span>Leo<\/span><\/p>[\/et_pb_text][\/et_pb_column][\/et_pb_row][et_pb_row column_structure=&#8221;1_3,1_3,1_3&#8243; _builder_version=&#8221;4.3.4&#8243;][et_pb_column type=&#8221;1_3&#8243; _builder_version=&#8221;4.3.4&#8243;][et_pb_image src=&#8221;http:\/\/clinicaveterinariaelsllops.com\/wp-content\/uploads\/2020\/03\/els-llops-uma.jpg&#8221; _builder_version=&#8221;4.3.4&#8243;][\/et_pb_image][et_pb_text _builder_version=&#8221;4.3.4&#8243;]<p style=\"text-align: center\"><span>Uma<\/span><\/p>[\/et_pb_text][\/et_pb_column][et_pb_column type=&#8221;1_3&#8243; _builder_version=&#8221;4.3.4&#8243;][et_pb_image src=&#8221;http:\/\/clinicaveterinariaelsllops.com\/wp-content\/uploads\/2020\/03\/els-llops-bella.jpg&#8221; _builder_version=&#8221;4.3.4&#8243;][\/et_pb_image][et_pb_text _builder_version=&#8221;4.3.4&#8243;]<p style=\"text-align: center\"><span>Bella<\/span><\/p>[\/et_pb_text][\/et_pb_column][et_pb_column type=&#8221;1_3&#8243; _builder_version=&#8221;4.3.4&#8243;][et_pb_image src=&#8221;http:\/\/clinicaveterinariaelsllops.com\/wp-content\/uploads\/2020\/03\/els-llops-jazz.jpg&#8221; _builder_version=&#8221;4.3.4&#8243;][\/et_pb_image][et_pb_text _builder_version=&#8221;4.3.4&#8243;]<p style=\"text-align: center\"><span>Jazz<\/span><\/p>[\/et_pb_text][\/et_pb_column][\/et_pb_row][\/et_pb_section][et_pb_section fb_built=&#8221;1&#8243; _builder_version=&#8221;4.3.4&#8243; custom_padding=&#8221;||15px|||&#8221;][et_pb_row _builder_version=&#8221;4.3.4&#8243;][et_pb_column type=&#8221;4_4&#8243; _builder_version=&#8221;4.3.4&#8243;][et_pb_image src=&#8221;http:\/\/clinicaveterinariaelsllops.com\/wp-content\/uploads\/2019\/10\/Separador-els-llops-scaled.jpg&#8221; _builder_version=&#8221;4.0.3&#8243;][\/et_pb_image][et_pb_text _builder_version=&#8221;4.3.4&#8243;]<h2 class=\"wsite-content-title\" style=\"text-align: center\"><span style=\"color: #008f98\">Moltes gr\u00e0cies per la teva participaci\u00f3<\/span><\/h2>\n<p style=\"text-align: center\"><span style=\"color: #000000\">Per a qualsevol dubte o consulta, posa&#8217;t en contacte amb nosaltres.\u00a0<\/span><\/p>[\/et_pb_text][\/et_pb_column][\/et_pb_row][\/et_pb_section]\n","protected":false},"excerpt":{"rendered":"<p>Ja tenim aqu\u00ed els guanyadors i finalistes del concurs fotogr\u00e0fic de Cl\u00ednica Veterin\u00e0ria Els Llops. Us deixem una bonica foto dels concursants guanyadors amb el bonus descompte que han passat a recollir.Ens hem quedat amb ganes de m\u00e9s i ja estem pensant en el proper.\u00a0Moltes gr\u00e0cies per participar i felicitats als afortunats!\u00a0 Primer Premi Segon [&hellip;]<\/p>\n","protected":false},"author":6,"featured_media":0,"parent":0,"menu_order":0,"comment_status":"closed","ping_status":"closed","template":"","meta":{"_et_pb_use_builder":"on","_et_pb_old_content":"","_et_gb_content_width":"","footnotes":""},"class_list":["post-1145","page","type-page","status-publish","hentry"],"yoast_head":"<!-- This site is optimized with the Yoast SEO plugin v27.4 - https:\/\/yoast.com\/product\/yoast-seo-wordpress\/ -->\n<title>Guanyadors concurs fotogr\u00e0fic 2020 de Cl\u00ednica Veterin\u00e0ria Els Llops<\/title>\n<meta name=\"description\" content=\"Aqu\u00ed estan els guanyadors del segon concurs fotogr\u00e0fic de mascotes de Cl\u00ednica Veterin\u00e0ria Els Llops 2020. Moltes gr\u00e0cies per la vostra participaci\u00f3!\" \/>\n<meta name=\"robots\" content=\"index, follow, max-snippet:-1, max-image-preview:large, max-video-preview:-1\" \/>\n<link rel=\"canonical\" href=\"https:\/\/clinicaveterinariaelsllops.com\/ca\/2n-concurs-fotografic\/\" \/>\n<meta property=\"og:locale\" content=\"ca_ES\" \/>\n<meta property=\"og:type\" content=\"article\" \/>\n<meta property=\"og:title\" content=\"Guanyadors concurs fotogr\u00e0fic 2020 de Cl\u00ednica Veterin\u00e0ria Els Llops\" \/>\n<meta property=\"og:description\" content=\"Aqu\u00ed estan els guanyadors del segon concurs fotogr\u00e0fic de mascotes de Cl\u00ednica Veterin\u00e0ria Els Llops 2020. Moltes gr\u00e0cies per la vostra participaci\u00f3!\" \/>\n<meta property=\"og:url\" content=\"https:\/\/clinicaveterinariaelsllops.com\/ca\/2n-concurs-fotografic\/\" \/>\n<meta property=\"og:site_name\" content=\"Els Llops Cl\u00ednica Veterin\u00e0ria\" \/>\n<meta property=\"article:modified_time\" content=\"2021-09-14T22:56:51+00:00\" \/>\n<meta name=\"twitter:card\" content=\"summary_large_image\" \/>\n<meta name=\"twitter:label1\" content=\"Temps estimat de lectura\" \/>\n\t<meta name=\"twitter:data1\" content=\"4 minuts\" \/>\n<script type=\"application\/ld+json\" class=\"yoast-schema-graph\">{\"@context\":\"https:\\\/\\\/schema.org\",\"@graph\":[{\"@type\":\"WebPage\",\"@id\":\"https:\\\/\\\/clinicaveterinariaelsllops.com\\\/ca\\\/2n-concurs-fotografic\\\/\",\"url\":\"https:\\\/\\\/clinicaveterinariaelsllops.com\\\/ca\\\/2n-concurs-fotografic\\\/\",\"name\":\"Guanyadors concurs fotogr\u00e0fic 2020 de Cl\u00ednica Veterin\u00e0ria Els Llops\",\"isPartOf\":{\"@id\":\"https:\\\/\\\/clinicaveterinariaelsllops.com\\\/ca\\\/#website\"},\"datePublished\":\"2020-03-04T19:03:17+00:00\",\"dateModified\":\"2021-09-14T22:56:51+00:00\",\"description\":\"Aqu\u00ed estan els guanyadors del segon concurs fotogr\u00e0fic de mascotes de Cl\u00ednica Veterin\u00e0ria Els Llops 2020. Moltes gr\u00e0cies per la vostra participaci\u00f3!\",\"breadcrumb\":{\"@id\":\"https:\\\/\\\/clinicaveterinariaelsllops.com\\\/ca\\\/2n-concurs-fotografic\\\/#breadcrumb\"},\"inLanguage\":\"ca\",\"potentialAction\":[{\"@type\":\"ReadAction\",\"target\":[\"https:\\\/\\\/clinicaveterinariaelsllops.com\\\/ca\\\/2n-concurs-fotografic\\\/\"]}]},{\"@type\":\"BreadcrumbList\",\"@id\":\"https:\\\/\\\/clinicaveterinariaelsllops.com\\\/ca\\\/2n-concurs-fotografic\\\/#breadcrumb\",\"itemListElement\":[{\"@type\":\"ListItem\",\"position\":1,\"name\":\"Home\",\"item\":\"https:\\\/\\\/clinicaveterinariaelsllops.com\\\/ca\\\/\"},{\"@type\":\"ListItem\",\"position\":2,\"name\":\"2n Concurs fotogr\u00e0fic\"}]},{\"@type\":\"WebSite\",\"@id\":\"https:\\\/\\\/clinicaveterinariaelsllops.com\\\/ca\\\/#website\",\"url\":\"https:\\\/\\\/clinicaveterinariaelsllops.com\\\/ca\\\/\",\"name\":\"Els Llops Cl\u00ednica Veterin\u00e0ria\",\"description\":\"Els Llops Cl\u00ednica Veterin\u00e0ria de Castelldefels\",\"potentialAction\":[{\"@type\":\"SearchAction\",\"target\":{\"@type\":\"EntryPoint\",\"urlTemplate\":\"https:\\\/\\\/clinicaveterinariaelsllops.com\\\/ca\\\/?s={search_term_string}\"},\"query-input\":{\"@type\":\"PropertyValueSpecification\",\"valueRequired\":true,\"valueName\":\"search_term_string\"}}],\"inLanguage\":\"ca\"}]}<\/script>\n<!-- \/ Yoast SEO plugin. -->","yoast_head_json":{"title":"Guanyadors concurs fotogr\u00e0fic 2020 de Cl\u00ednica Veterin\u00e0ria Els Llops","description":"Aqu\u00ed estan els guanyadors del segon concurs fotogr\u00e0fic de mascotes de Cl\u00ednica Veterin\u00e0ria Els Llops 2020. Moltes gr\u00e0cies per la vostra participaci\u00f3!","robots":{"index":"index","follow":"follow","max-snippet":"max-snippet:-1","max-image-preview":"max-image-preview:large","max-video-preview":"max-video-preview:-1"},"canonical":"https:\/\/clinicaveterinariaelsllops.com\/ca\/2n-concurs-fotografic\/","og_locale":"ca_ES","og_type":"article","og_title":"Guanyadors concurs fotogr\u00e0fic 2020 de Cl\u00ednica Veterin\u00e0ria Els Llops","og_description":"Aqu\u00ed estan els guanyadors del segon concurs fotogr\u00e0fic de mascotes de Cl\u00ednica Veterin\u00e0ria Els Llops 2020. Moltes gr\u00e0cies per la vostra participaci\u00f3!","og_url":"https:\/\/clinicaveterinariaelsllops.com\/ca\/2n-concurs-fotografic\/","og_site_name":"Els Llops Cl\u00ednica Veterin\u00e0ria","article_modified_time":"2021-09-14T22:56:51+00:00","twitter_card":"summary_large_image","twitter_misc":{"Temps estimat de lectura":"4 minuts"},"schema":{"@context":"https:\/\/schema.org","@graph":[{"@type":"WebPage","@id":"https:\/\/clinicaveterinariaelsllops.com\/ca\/2n-concurs-fotografic\/","url":"https:\/\/clinicaveterinariaelsllops.com\/ca\/2n-concurs-fotografic\/","name":"Guanyadors concurs fotogr\u00e0fic 2020 de Cl\u00ednica Veterin\u00e0ria Els Llops","isPartOf":{"@id":"https:\/\/clinicaveterinariaelsllops.com\/ca\/#website"},"datePublished":"2020-03-04T19:03:17+00:00","dateModified":"2021-09-14T22:56:51+00:00","description":"Aqu\u00ed estan els guanyadors del segon concurs fotogr\u00e0fic de mascotes de Cl\u00ednica Veterin\u00e0ria Els Llops 2020. Moltes gr\u00e0cies per la vostra participaci\u00f3!","breadcrumb":{"@id":"https:\/\/clinicaveterinariaelsllops.com\/ca\/2n-concurs-fotografic\/#breadcrumb"},"inLanguage":"ca","potentialAction":[{"@type":"ReadAction","target":["https:\/\/clinicaveterinariaelsllops.com\/ca\/2n-concurs-fotografic\/"]}]},{"@type":"BreadcrumbList","@id":"https:\/\/clinicaveterinariaelsllops.com\/ca\/2n-concurs-fotografic\/#breadcrumb","itemListElement":[{"@type":"ListItem","position":1,"name":"Home","item":"https:\/\/clinicaveterinariaelsllops.com\/ca\/"},{"@type":"ListItem","position":2,"name":"2n Concurs fotogr\u00e0fic"}]},{"@type":"WebSite","@id":"https:\/\/clinicaveterinariaelsllops.com\/ca\/#website","url":"https:\/\/clinicaveterinariaelsllops.com\/ca\/","name":"Els Llops Cl\u00ednica Veterin\u00e0ria","description":"Els Llops Cl\u00ednica Veterin\u00e0ria de Castelldefels","potentialAction":[{"@type":"SearchAction","target":{"@type":"EntryPoint","urlTemplate":"https:\/\/clinicaveterinariaelsllops.com\/ca\/?s={search_term_string}"},"query-input":{"@type":"PropertyValueSpecification","valueRequired":true,"valueName":"search_term_string"}}],"inLanguage":"ca"}]}},"_links":{"self":[{"href":"https:\/\/clinicaveterinariaelsllops.com\/ca\/wp-json\/wp\/v2\/pages\/1145","targetHints":{"allow":["GET"]}}],"collection":[{"href":"https:\/\/clinicaveterinariaelsllops.com\/ca\/wp-json\/wp\/v2\/pages"}],"about":[{"href":"https:\/\/clinicaveterinariaelsllops.com\/ca\/wp-json\/wp\/v2\/types\/page"}],"author":[{"embeddable":true,"href":"https:\/\/clinicaveterinariaelsllops.com\/ca\/wp-json\/wp\/v2\/users\/6"}],"replies":[{"embeddable":true,"href":"https:\/\/clinicaveterinariaelsllops.com\/ca\/wp-json\/wp\/v2\/comments?post=1145"}],"version-history":[{"count":0,"href":"https:\/\/clinicaveterinariaelsllops.com\/ca\/wp-json\/wp\/v2\/pages\/1145\/revisions"}],"wp:attachment":[{"href":"https:\/\/clinicaveterinariaelsllops.com\/ca\/wp-json\/wp\/v2\/media?parent=1145"}],"wp:term":[{"taxonomy":"status","embeddable":true,"href":"https:\/\/clinicaveterinariaelsllops.com\/ca\/wp-json\/wp\/v2\/status?post=1145"}],"curies":[{"name":"wp","href":"https:\/\/api.w.org\/{rel}","templated":true}]}}