{"id":1136,"date":"2019-10-31T17:36:31","date_gmt":"2019-10-31T16:36:31","guid":{"rendered":"http:\/\/clinicaveterinariaelsllops.com\/esterilizacion-perra\/"},"modified":"2023-03-16T15:55:38","modified_gmt":"2023-03-16T14:55:38","slug":"esterilitzacio-gossa","status":[],"type":"page","link":"https:\/\/clinicaveterinariaelsllops.com\/ca\/esterilitzacio-gossa\/","title":{"rendered":"Esterilitzaci\u00f3 gossa"},"content":{"rendered":"<p>[et_pb_section fb_built=&#8221;1&#8243; _builder_version=&#8221;4.16&#8243; background_image=&#8221;http:\/\/clinicaveterinariaelsllops.com\/wp-content\/uploads\/2019\/10\/ElsLlops_Banner_esterilizacion-perras-scaled.jpg&#8221; background_position=&#8221;bottom_center&#8221; min_height=&#8221;250px&#8221; locked=&#8221;off&#8221; global_colors_info=&#8221;{}&#8221;][et_pb_row _builder_version=&#8221;4.16&#8243; global_colors_info=&#8221;{}&#8221;][et_pb_column type=&#8221;4_4&#8243; _builder_version=&#8221;4.16&#8243; global_colors_info=&#8221;{}&#8221;][et_pb_post_title _builder_version=&#8221;4.16&#8243; global_colors_info=&#8221;{}&#8221;][\/et_pb_post_title][\/et_pb_column][\/et_pb_row][\/et_pb_section][et_pb_section fb_built=&#8221;1&#8243; _builder_version=&#8221;4.16&#8243; custom_padding=&#8221;||48px|||&#8221; global_colors_info=&#8221;{}&#8221;][et_pb_row _builder_version=&#8221;4.16&#8243; custom_margin=&#8221;-19px|auto||auto||&#8221; custom_padding=&#8221;||7px|||&#8221; global_colors_info=&#8221;{}&#8221;][et_pb_column type=&#8221;4_4&#8243; _builder_version=&#8221;4.16&#8243; global_colors_info=&#8221;{}&#8221;][et_pb_text _builder_version=&#8221;4.19.4&#8243; hover_enabled=&#8221;0&#8243; locked=&#8221;off&#8221; global_colors_info=&#8221;{}&#8221; disabled_on=&#8221;on|on|on&#8221; disabled=&#8221;on&#8221; sticky_enabled=&#8221;0&#8243;]<\/p>\n<h2 class=\"wsite-content-title\" style=\"text-align: center\"><strong><span style=\"color: #00868f\">15% de descompte fins al <\/span><\/strong><strong><span style=\"color: #00868f\">28 de febrer<\/span><\/strong><\/h2>\n<p>[\/et_pb_text][et_pb_text _builder_version=&#8221;4.16&#8243; global_colors_info=&#8221;{}&#8221;]<\/p>\n<h2 class=\"wsite-content-title\" style=\"text-align: center\"><span style=\"color: #008c95\">Demana&#8217;ns una cita per a l&#8217;esterilitzaci\u00f3 de la teva gossa<\/span><\/h2>\n<p>[\/et_pb_text][et_pb_text _builder_version=&#8221;4.16&#8243; global_colors_info=&#8221;{}&#8221;]<\/p>\n<div class=\"paragraph\" style=\"text-align: center\"><strong>A Els Llops Cl\u00ednica Veterin\u00e0ria de Castelldefels realitzem serveis de cirurgia amb m\u00e9s de 18 anys d&#8217;experi\u00e8ncia.<\/strong><\/div>\n<div><\/div>\n<p>[\/et_pb_text][et_pb_image src=&#8221;http:\/\/clinicaveterinariaelsllops.com\/wp-content\/uploads\/2019\/10\/Separador-els-llops-scaled.jpg&#8221; _builder_version=&#8221;4.16&#8243; global_colors_info=&#8221;{}&#8221;][\/et_pb_image][et_pb_text _builder_version=&#8221;4.16&#8243; global_colors_info=&#8221;{}&#8221;]<\/p>\n<h2 class=\"wsite-content-title\" style=\"text-align: center\"><span style=\"color: #008c95\">Per qu\u00e8 \u00e9s millor esterilitzar la teva gossa?<\/span><\/h2>\n<p>[\/et_pb_text][\/et_pb_column][\/et_pb_row][et_pb_row column_structure=&#8221;1_2,1_2&#8243; _builder_version=&#8221;4.16&#8243; global_colors_info=&#8221;{}&#8221;][et_pb_column type=&#8221;1_2&#8243; _builder_version=&#8221;4.16&#8243; global_colors_info=&#8221;{}&#8221;][et_pb_image src=&#8221;http:\/\/clinicaveterinariaelsllops.com\/wp-content\/uploads\/2020\/02\/els_llops_nosotros_inicio_nosotros.jpg&#8221; alt=&#8221;veterinaria con perro en brazos&#8221; title_text=&#8221;els_llops_nosotros_inicio_nosotros&#8221; _builder_version=&#8221;4.16&#8243; global_colors_info=&#8221;{}&#8221;][\/et_pb_image][\/et_pb_column][et_pb_column type=&#8221;1_2&#8243; _builder_version=&#8221;4.16&#8243; global_colors_info=&#8221;{}&#8221;][et_pb_text _builder_version=&#8221;4.16&#8243; custom_margin=&#8221;32px|||||&#8221; custom_padding=&#8221;4px|||||&#8221; global_colors_info=&#8221;{}&#8221;]<\/p>\n<p><span>L&#8217;esterilitzaci\u00f3 de la gossa al nostre centre veterinari de Castelldefels permet allargar la seva vida perqu\u00e8 redueix la possibilitat de desenvolupar greus malalties. En eliminar l&#8217;aparell reproductor eliminem d&#8217;una sola vegada la possibilitat de desenvolupar qualsevol malaltia d&#8217;aquesta i altres el detonant s\u00f3n les hormones sexuals com, per exemple, molts tumors mamaris.<\/span><\/p>\n<p><span>\u200bL&#8217;esterilitzaci\u00f3 afavoreix la interacci\u00f3 del propietari amb la seva mascota, ja que baixa l&#8217;estr\u00e8s que causa el canvi hormonal. Un animal esterilitzat en sortir al carrer i creuar-se amb altres de la seva esp\u00e8cie, t\u00e9 menys ganes de barallar-se, estira menys de la corretja en donar el passeig i, per descomptat, no t\u00e9 instint sexual, amb la qual cosa est\u00e0 tranquil i \u00e9s feli\u00e7.\u00a0\u200b<\/span><\/p>\n<p>[\/et_pb_text][\/et_pb_column][\/et_pb_row][et_pb_row column_structure=&#8221;1_2,1_2&#8243; _builder_version=&#8221;4.16&#8243; global_colors_info=&#8221;{}&#8221;][et_pb_column type=&#8221;1_2&#8243; _builder_version=&#8221;4.16&#8243; global_colors_info=&#8221;{}&#8221;][et_pb_text _builder_version=&#8221;4.16&#8243; global_colors_info=&#8221;{}&#8221;]<\/p>\n<h2 class=\"wsite-content-title\">Serveis inclosos:<\/h2>\n<div class=\"paragraph\">\n<p><strong>Consulta preoperat\u00f2ria<\/strong><\/p>\n<ul>\n<li>Perfil preanest\u00e8sic (obligatori)<\/li>\n<li>Exploraci\u00f3 completa<\/li>\n<\/ul>\n<p><strong>Anest\u00e8sia<\/strong><\/p>\n<ul>\n<li>Intubaci\u00f3 i oxigen<\/li>\n<li>Anest\u00e8sic inhalatori: isoflurans<\/li>\n<li>Seroter\u00e0pia durant la intervenci\u00f3<\/li>\n<li>Analg\u00e8sics intra-operatoris<\/li>\n<\/ul>\n<p><strong>M\u00e0xim control monitorat\u00a0<\/strong><\/p>\n<ul>\n<li>Temperatura corporal<\/li>\n<li>Freq\u00fc\u00e8ncia respirat\u00f2ria i card\u00edaca<\/li>\n<li>Arr\u00edtmies card\u00edaques<\/li>\n<\/ul>\n<p><strong>Control post anest\u00e8sic<\/strong><\/p>\n<ul>\n<li>Hospitalitzaci\u00f3 de dia<\/li>\n<li>Seguiment i control evolutiu<\/li>\n<\/ul>\n<p><strong>Consulta post operat\u00f2ria<\/strong><\/p>\n<ul>\n<li>Revisions de seguiment i control (2 dies)<\/li>\n<li>Revisions de control punts de sutura (10 dies)<\/li>\n<\/ul>\n<\/div>\n<div class=\"paragraph\">\n<ul><\/ul>\n<\/div>\n<p>[\/et_pb_text][\/et_pb_column][et_pb_column type=&#8221;1_2&#8243; _builder_version=&#8221;4.16&#8243; global_colors_info=&#8221;{}&#8221;][et_pb_text _builder_version=&#8221;4.16&#8243; global_colors_info=&#8221;{}&#8221;]<\/p>\n<h2 class=\"wsite-content-title\">T\u00e8cnica quir\u00fargica<\/h2>\n<div class=\"paragraph\">En el cas de l&#8217;esterilitzaci\u00f3 de les femelles s&#8217;extirpen els ovaris i la matriu, i en els mascles s&#8217;extirpen els testicles (\u00e9s el que es denomina com castraci\u00f3).<\/p>\n<p>\u200bEn els dos casos l&#8217;anest\u00e8sia \u00e9s inhalat\u00f2ria i l&#8217;animal romandr\u00e0 en tot moment monitoritzat i sota supervisi\u00f3 de les seves constants vitals.\u00a0\u200b<\/p><\/div>\n<p>[\/et_pb_text][et_pb_text _builder_version=&#8221;4.16&#8243; global_colors_info=&#8221;{}&#8221;]<\/p>\n<h2 class=\"wsite-content-title\">Cures post operat\u00f2ries<\/h2>\n<div class=\"paragraph\">Consisteix en la desinfecci\u00f3 de la zona d&#8217;incisi\u00f3 on hi ha la sutura i en l&#8217;administraci\u00f3 d&#8217;antibi\u00f2tics i anti inflamatoris durant uns pocs dies.\u00a0<\/p>\n<p>Nosaltres supervisarem la correcta evoluci\u00f3 de la cicatritzaci\u00f3 les vegades que sigui necessari.<\/p><\/div>\n<p>[\/et_pb_text][et_pb_text disabled_on=&#8221;on|on|on&#8221; _builder_version=&#8221;4.19.4&#8243; custom_padding=&#8221;8px|||||&#8221; hover_enabled=&#8221;0&#8243; global_colors_info=&#8221;{}&#8221; disabled=&#8221;on&#8221; sticky_enabled=&#8221;0&#8243;]<\/p>\n<h2 class=\"wsite-content-title\"><span style=\"color: #008c95\">Preus<\/span><\/h2>\n<p>[\/et_pb_text][et_pb_text disabled_on=&#8221;on|on|on&#8221; _builder_version=&#8221;4.19.4&#8243; custom_padding=&#8221;3px|||||&#8221; hover_enabled=&#8221;0&#8243; global_colors_info=&#8221;{}&#8221; disabled=&#8221;on&#8221; sticky_enabled=&#8221;0&#8243;]<\/p>\n<table class=\"simple-table style-basic\">\n<tbody>\n<tr>\n<td class=\"cell\">\n<div class=\"paragraph\">\n<p><span style=\"color: #008f98\"><strong>Gossa petita menys de 10 kg<br \/><\/strong><\/span><\/p>\n<div class=\"paragraph\"><span>Preu sense dte: 350\u20ac (IVA INCL\u00d2S)<\/span><\/div>\n<\/div>\n<\/td>\n<td class=\"cell\">\n<div class=\"paragraph\"><strong><span style=\"color: #008f98\">297,5\u20ac<\/span><\/strong><\/div>\n<\/td>\n<\/tr>\n<tr>\n<td class=\"cell\">\n<div class=\"paragraph\">\n<p><span><span><span style=\"color: #008f98\"><strong>Gossa mitjana entre 10 y 25kg<\/strong><\/span><br \/><\/span><\/span><\/p>\n<div class=\"paragraph\"><span>Preu sense dte: 430\u20ac (IVA INCL\u00d2S)<\/span><\/div>\n<\/div>\n<\/td>\n<td class=\"cell\">\n<div class=\"paragraph\"><strong><span style=\"color: #008f98\">365,5\u20ac<\/span><\/strong><\/div>\n<\/td>\n<\/tr>\n<tr>\n<td class=\"cell\">\n<div class=\"paragraph\">\n<p><span style=\"color: #008f98\"><strong>Gossa gran de m\u00e9s de 25 kg<\/strong><\/span><\/p>\n<div class=\"paragraph\"><span>Preu sense dte: 500\u20ac (IVA INCL\u00d2S)<\/span><\/div>\n<\/div>\n<\/td>\n<td class=\"cell\">\n<div class=\"paragraph\"><strong><span style=\"color: #008f98\">425\u20ac<\/span><\/strong><\/div>\n<\/td>\n<\/tr>\n<tr>\n<td class=\"cell\">\n<div class=\"paragraph\">\n<p><span style=\"color: #008f98\"><strong>Perfil preanest\u00e8sic (obligatori)<\/strong><\/span><\/p>\n<div class=\"paragraph\"><span>Preu sense dte: 56\u20ac (IVA INCL\u00d2S)<\/span><\/div>\n<\/div>\n<\/td>\n<td class=\"cell\">\n<div class=\"paragraph\"><strong><span style=\"color: #008f98\">47,60\u20ac<\/span><\/strong><\/div>\n<\/td>\n<\/tr>\n<\/tbody>\n<\/table>\n<p>[\/et_pb_text][\/et_pb_column][\/et_pb_row][et_pb_row _builder_version=&#8221;4.16&#8243; custom_padding=&#8221;29px||69px|||&#8221; global_colors_info=&#8221;{}&#8221;][et_pb_column type=&#8221;4_4&#8243; _builder_version=&#8221;4.16&#8243; global_colors_info=&#8221;{}&#8221;][et_pb_button button_url=&#8221;@ET-DC@eyJkeW5hbWljIjp0cnVlLCJjb250ZW50IjoicG9zdF9saW5rX3VybF9wb3N0Iiwic2V0dGluZ3MiOnsicG9zdF9pZCI6IjE0OTEifX0=@&#8221; button_text=&#8221;Llegir sobre els beneficis d&#8217;esterilitzar la teva mascota&#8221; button_alignment=&#8221;center&#8221; _builder_version=&#8221;4.16&#8243; _dynamic_attributes=&#8221;button_url&#8221; custom_margin=&#8221;||47px|||&#8221; global_colors_info=&#8221;{}&#8221;][\/et_pb_button][et_pb_text _builder_version=&#8221;4.16&#8243; global_colors_info=&#8221;{}&#8221;]<\/p>\n<div class=\"paragraph\" style=\"text-align: center\"><strong><span style=\"color: #008f98;font-size: x-large\">L&#8217;esterilitzaci\u00f3 de la teva gossa a Castelldefels permet allargar la seva vida perqu\u00e8 redueix la possibilitat de desenvolupar greus malalties.<\/span><\/strong><\/div>\n<p>[\/et_pb_text][et_pb_divider _builder_version=&#8221;4.16&#8243; global_colors_info=&#8221;{}&#8221;][\/et_pb_divider][et_pb_text _builder_version=&#8221;4.16&#8243; global_colors_info=&#8221;{}&#8221;]<\/p>\n<div class=\"paragraph\" style=\"text-align: center\">\n<div class=\"paragraph\"><span>Ara tenir cura de la teva mascota \u00e9s m\u00e9s f\u00e0cil. Ja pots fraccionar els pagaments dels productes i serveis veterinaris que facis al nostre centre. T&#8217;ajudem a cuidar de la teva mascota amb el\u00a0<\/span><strong>PAGAMENT FRACCIONAT FRAKMENTA.\u00a0<\/strong>\u200b<\/div>\n<div><\/div>\n<\/div>\n<div><\/div>\n<p>[\/et_pb_text][et_pb_button button_url=&#8221;@ET-DC@eyJkeW5hbWljIjp0cnVlLCJjb250ZW50IjoicG9zdF9saW5rX3VybF9wYWdlIiwic2V0dGluZ3MiOnsicG9zdF9pZCI6IjEwNzEifX0=@&#8221; button_text=&#8221;Frakmenta&#8221; button_alignment=&#8221;center&#8221; _builder_version=&#8221;4.16&#8243; _dynamic_attributes=&#8221;button_url&#8221; global_colors_info=&#8221;{}&#8221;][\/et_pb_button][\/et_pb_column][\/et_pb_row][\/et_pb_section]<\/p>\n","protected":false},"excerpt":{"rendered":"<p>15% de descompte fins al 28 de febrerDemana&#8217;ns una cita per a l&#8217;esterilitzaci\u00f3 de la teva gossaA Els Llops Cl\u00ednica Veterin\u00e0ria de Castelldefels realitzem serveis de cirurgia amb m\u00e9s de 18 anys d&#8217;experi\u00e8ncia. Per qu\u00e8 \u00e9s millor esterilitzar la teva gossa?L&#8217;esterilitzaci\u00f3 de la gossa al nostre centre veterinari de Castelldefels permet allargar la seva vida [&hellip;]<\/p>\n","protected":false},"author":4,"featured_media":0,"parent":0,"menu_order":0,"comment_status":"closed","ping_status":"closed","template":"","meta":{"_et_pb_use_builder":"on","_et_pb_old_content":"","_et_gb_content_width":"","footnotes":""},"class_list":["post-1136","page","type-page","status-publish","hentry"],"yoast_head":"<!-- This site is optimized with the Yoast SEO plugin v27.4 - https:\/\/yoast.com\/product\/yoast-seo-wordpress\/ -->\n<title>Esterilitzaci\u00f3 gossa - Els Llops Cl\u00ednica Veterin\u00e0ria de Castelldefels<\/title>\n<meta name=\"description\" content=\"Esterilitza la teva gossa al nostre centre veterinari de Castelldefels per evitar malalties i cuidar la seva salut.\" \/>\n<meta name=\"robots\" content=\"index, follow, max-snippet:-1, max-image-preview:large, max-video-preview:-1\" \/>\n<link rel=\"canonical\" href=\"https:\/\/clinicaveterinariaelsllops.com\/ca\/esterilitzacio-gossa\/\" \/>\n<meta property=\"og:locale\" content=\"ca_ES\" \/>\n<meta property=\"og:type\" content=\"article\" \/>\n<meta property=\"og:title\" content=\"Esterilitzaci\u00f3 gossa - Els Llops Cl\u00ednica Veterin\u00e0ria de Castelldefels\" \/>\n<meta property=\"og:description\" content=\"Esterilitza la teva gossa al nostre centre veterinari de Castelldefels per evitar malalties i cuidar la seva salut.\" \/>\n<meta property=\"og:url\" content=\"https:\/\/clinicaveterinariaelsllops.com\/ca\/esterilitzacio-gossa\/\" \/>\n<meta property=\"og:site_name\" content=\"Els Llops Cl\u00ednica Veterin\u00e0ria\" \/>\n<meta property=\"article:modified_time\" content=\"2023-03-16T14:55:38+00:00\" \/>\n<meta name=\"twitter:card\" content=\"summary_large_image\" \/>\n<meta name=\"twitter:label1\" content=\"Temps estimat de lectura\" \/>\n\t<meta name=\"twitter:data1\" content=\"5 minuts\" \/>\n<script type=\"application\/ld+json\" class=\"yoast-schema-graph\">{\"@context\":\"https:\\\/\\\/schema.org\",\"@graph\":[{\"@type\":\"WebPage\",\"@id\":\"https:\\\/\\\/clinicaveterinariaelsllops.com\\\/ca\\\/esterilitzacio-gossa\\\/\",\"url\":\"https:\\\/\\\/clinicaveterinariaelsllops.com\\\/ca\\\/esterilitzacio-gossa\\\/\",\"name\":\"Esterilitzaci\u00f3 gossa - Els Llops Cl\u00ednica Veterin\u00e0ria de Castelldefels\",\"isPartOf\":{\"@id\":\"https:\\\/\\\/clinicaveterinariaelsllops.com\\\/ca\\\/#website\"},\"datePublished\":\"2019-10-31T16:36:31+00:00\",\"dateModified\":\"2023-03-16T14:55:38+00:00\",\"description\":\"Esterilitza la teva gossa al nostre centre veterinari de Castelldefels per evitar malalties i cuidar la seva salut.\",\"breadcrumb\":{\"@id\":\"https:\\\/\\\/clinicaveterinariaelsllops.com\\\/ca\\\/esterilitzacio-gossa\\\/#breadcrumb\"},\"inLanguage\":\"ca\",\"potentialAction\":[{\"@type\":\"ReadAction\",\"target\":[\"https:\\\/\\\/clinicaveterinariaelsllops.com\\\/ca\\\/esterilitzacio-gossa\\\/\"]}]},{\"@type\":\"BreadcrumbList\",\"@id\":\"https:\\\/\\\/clinicaveterinariaelsllops.com\\\/ca\\\/esterilitzacio-gossa\\\/#breadcrumb\",\"itemListElement\":[{\"@type\":\"ListItem\",\"position\":1,\"name\":\"Home\",\"item\":\"https:\\\/\\\/clinicaveterinariaelsllops.com\\\/ca\\\/\"},{\"@type\":\"ListItem\",\"position\":2,\"name\":\"Esterilitzaci\u00f3 gossa\"}]},{\"@type\":\"WebSite\",\"@id\":\"https:\\\/\\\/clinicaveterinariaelsllops.com\\\/ca\\\/#website\",\"url\":\"https:\\\/\\\/clinicaveterinariaelsllops.com\\\/ca\\\/\",\"name\":\"Els Llops Cl\u00ednica Veterin\u00e0ria\",\"description\":\"Els Llops Cl\u00ednica Veterin\u00e0ria de Castelldefels\",\"potentialAction\":[{\"@type\":\"SearchAction\",\"target\":{\"@type\":\"EntryPoint\",\"urlTemplate\":\"https:\\\/\\\/clinicaveterinariaelsllops.com\\\/ca\\\/?s={search_term_string}\"},\"query-input\":{\"@type\":\"PropertyValueSpecification\",\"valueRequired\":true,\"valueName\":\"search_term_string\"}}],\"inLanguage\":\"ca\"}]}<\/script>\n<!-- \/ Yoast SEO plugin. -->","yoast_head_json":{"title":"Esterilitzaci\u00f3 gossa - Els Llops Cl\u00ednica Veterin\u00e0ria de Castelldefels","description":"Esterilitza la teva gossa al nostre centre veterinari de Castelldefels per evitar malalties i cuidar la seva salut.","robots":{"index":"index","follow":"follow","max-snippet":"max-snippet:-1","max-image-preview":"max-image-preview:large","max-video-preview":"max-video-preview:-1"},"canonical":"https:\/\/clinicaveterinariaelsllops.com\/ca\/esterilitzacio-gossa\/","og_locale":"ca_ES","og_type":"article","og_title":"Esterilitzaci\u00f3 gossa - Els Llops Cl\u00ednica Veterin\u00e0ria de Castelldefels","og_description":"Esterilitza la teva gossa al nostre centre veterinari de Castelldefels per evitar malalties i cuidar la seva salut.","og_url":"https:\/\/clinicaveterinariaelsllops.com\/ca\/esterilitzacio-gossa\/","og_site_name":"Els Llops Cl\u00ednica Veterin\u00e0ria","article_modified_time":"2023-03-16T14:55:38+00:00","twitter_card":"summary_large_image","twitter_misc":{"Temps estimat de lectura":"5 minuts"},"schema":{"@context":"https:\/\/schema.org","@graph":[{"@type":"WebPage","@id":"https:\/\/clinicaveterinariaelsllops.com\/ca\/esterilitzacio-gossa\/","url":"https:\/\/clinicaveterinariaelsllops.com\/ca\/esterilitzacio-gossa\/","name":"Esterilitzaci\u00f3 gossa - Els Llops Cl\u00ednica Veterin\u00e0ria de Castelldefels","isPartOf":{"@id":"https:\/\/clinicaveterinariaelsllops.com\/ca\/#website"},"datePublished":"2019-10-31T16:36:31+00:00","dateModified":"2023-03-16T14:55:38+00:00","description":"Esterilitza la teva gossa al nostre centre veterinari de Castelldefels per evitar malalties i cuidar la seva salut.","breadcrumb":{"@id":"https:\/\/clinicaveterinariaelsllops.com\/ca\/esterilitzacio-gossa\/#breadcrumb"},"inLanguage":"ca","potentialAction":[{"@type":"ReadAction","target":["https:\/\/clinicaveterinariaelsllops.com\/ca\/esterilitzacio-gossa\/"]}]},{"@type":"BreadcrumbList","@id":"https:\/\/clinicaveterinariaelsllops.com\/ca\/esterilitzacio-gossa\/#breadcrumb","itemListElement":[{"@type":"ListItem","position":1,"name":"Home","item":"https:\/\/clinicaveterinariaelsllops.com\/ca\/"},{"@type":"ListItem","position":2,"name":"Esterilitzaci\u00f3 gossa"}]},{"@type":"WebSite","@id":"https:\/\/clinicaveterinariaelsllops.com\/ca\/#website","url":"https:\/\/clinicaveterinariaelsllops.com\/ca\/","name":"Els Llops Cl\u00ednica Veterin\u00e0ria","description":"Els Llops Cl\u00ednica Veterin\u00e0ria de Castelldefels","potentialAction":[{"@type":"SearchAction","target":{"@type":"EntryPoint","urlTemplate":"https:\/\/clinicaveterinariaelsllops.com\/ca\/?s={search_term_string}"},"query-input":{"@type":"PropertyValueSpecification","valueRequired":true,"valueName":"search_term_string"}}],"inLanguage":"ca"}]}},"_links":{"self":[{"href":"https:\/\/clinicaveterinariaelsllops.com\/ca\/wp-json\/wp\/v2\/pages\/1136","targetHints":{"allow":["GET"]}}],"collection":[{"href":"https:\/\/clinicaveterinariaelsllops.com\/ca\/wp-json\/wp\/v2\/pages"}],"about":[{"href":"https:\/\/clinicaveterinariaelsllops.com\/ca\/wp-json\/wp\/v2\/types\/page"}],"author":[{"embeddable":true,"href":"https:\/\/clinicaveterinariaelsllops.com\/ca\/wp-json\/wp\/v2\/users\/4"}],"replies":[{"embeddable":true,"href":"https:\/\/clinicaveterinariaelsllops.com\/ca\/wp-json\/wp\/v2\/comments?post=1136"}],"version-history":[{"count":0,"href":"https:\/\/clinicaveterinariaelsllops.com\/ca\/wp-json\/wp\/v2\/pages\/1136\/revisions"}],"wp:attachment":[{"href":"https:\/\/clinicaveterinariaelsllops.com\/ca\/wp-json\/wp\/v2\/media?parent=1136"}],"wp:term":[{"taxonomy":"status","embeddable":true,"href":"https:\/\/clinicaveterinariaelsllops.com\/ca\/wp-json\/wp\/v2\/status?post=1136"}],"curies":[{"name":"wp","href":"https:\/\/api.w.org\/{rel}","templated":true}]}}