{"id":1135,"date":"2019-10-30T17:05:02","date_gmt":"2019-10-30T16:05:02","guid":{"rendered":"http:\/\/clinicaveterinariaelsllops.com\/esterilizacion-perros-y-perras\/"},"modified":"2023-03-16T15:54:50","modified_gmt":"2023-03-16T14:54:50","slug":"esterilitzacio-gossos","status":[],"type":"page","link":"https:\/\/clinicaveterinariaelsllops.com\/ca\/esterilitzacio-gossos\/","title":{"rendered":"Esterilitzaci\u00f3 gossos"},"content":{"rendered":"<p>[et_pb_section fb_built=&#8221;1&#8243; next_background_color=&#8221;#ffffff&#8221; _builder_version=&#8221;4.16&#8243; use_background_color_gradient=&#8221;on&#8221; background_color_gradient_direction=&#8221;100deg&#8221; background_color_gradient_stops=&#8221;#4f4f4f 0%|rgba(0,0,0,0) 100%&#8221; background_color_gradient_overlays_image=&#8221;on&#8221; background_color_gradient_start=&#8221;#4f4f4f&#8221; background_color_gradient_end=&#8221;rgba(0,0,0,0)&#8221; background_image=&#8221;http:\/\/clinicaveterinariaelsllops.com\/wp-content\/uploads\/2020\/02\/els_llops_instalaciones_banner.jpg&#8221; min_height=&#8221;250px&#8221; bottom_divider_style=&#8221;wave&#8221; bottom_divider_height=&#8221;60px&#8221; locked=&#8221;off&#8221; global_colors_info=&#8221;{}&#8221;][et_pb_row _builder_version=&#8221;4.16&#8243; global_colors_info=&#8221;{}&#8221;][et_pb_column type=&#8221;4_4&#8243; _builder_version=&#8221;4.16&#8243; global_colors_info=&#8221;{}&#8221;][et_pb_post_title _builder_version=&#8221;4.16&#8243; global_colors_info=&#8221;{}&#8221;][\/et_pb_post_title][\/et_pb_column][\/et_pb_row][\/et_pb_section][et_pb_section fb_built=&#8221;1&#8243; _builder_version=&#8221;4.16&#8243; custom_padding=&#8221;||48px|||&#8221; global_colors_info=&#8221;{}&#8221;][et_pb_row _builder_version=&#8221;4.16&#8243; custom_margin=&#8221;-19px|auto||auto||&#8221; custom_padding=&#8221;||28px|||&#8221; global_colors_info=&#8221;{}&#8221;][et_pb_column type=&#8221;4_4&#8243; _builder_version=&#8221;4.16&#8243; global_colors_info=&#8221;{}&#8221;][et_pb_text _builder_version=&#8221;4.19.4&#8243; hover_enabled=&#8221;0&#8243; locked=&#8221;off&#8221; global_colors_info=&#8221;{}&#8221; disabled_on=&#8221;on|on|on&#8221; disabled=&#8221;on&#8221; sticky_enabled=&#8221;0&#8243;]<\/p>\n<h2 class=\"wsite-content-title\" style=\"text-align: center\"><strong><span style=\"color: #00868f\">15% de descompte fins al <\/span><\/strong><strong><span style=\"color: #00868f\">28 de febrer<\/span><\/strong><\/h2>\n<p>[\/et_pb_text][et_pb_text _builder_version=&#8221;4.16&#8243; global_colors_info=&#8221;{}&#8221;]<\/p>\n<h2 class=\"wsite-content-title\" style=\"text-align: center\"><span style=\"color: #00868f\">Esterilitza a la teva mascota per cuidar la seva salut i benestar<\/span><\/h2>\n<p>[\/et_pb_text][et_pb_text _builder_version=&#8221;4.16&#8243; global_colors_info=&#8221;{}&#8221;]<\/p>\n<div class=\"paragraph\" style=\"text-align: center\">\n<div class=\"paragraph\">\n<p><strong>Demana\u2019ns una cita per a l\u2019esterilitzaci\u00f3 de la teva gossa o gos<\/strong><\/p>\n<p><span>A Els Llops Cl\u00ednica Veterin\u00e0ria de Castelldefels realitzem serveis de cirurgia amb m\u00e9s de 18 anys d&#8217;experi\u00e8ncia.\u00a0<\/span><\/p>\n<\/div>\n<div><\/div>\n<\/div>\n<div><\/div>\n<p>[\/et_pb_text][et_pb_image src=&#8221;http:\/\/clinicaveterinariaelsllops.com\/wp-content\/uploads\/2019\/10\/Separador-els-llops-scaled.jpg&#8221; _builder_version=&#8221;4.16&#8243; global_colors_info=&#8221;{}&#8221;][\/et_pb_image][\/et_pb_column][\/et_pb_row][et_pb_row column_structure=&#8221;1_2,1_2&#8243; _builder_version=&#8221;4.16&#8243; global_colors_info=&#8221;{}&#8221;][et_pb_column type=&#8221;1_2&#8243; _builder_version=&#8221;4.16&#8243; global_colors_info=&#8221;{}&#8221;][et_pb_image src=&#8221;http:\/\/clinicaveterinariaelsllops.com\/wp-content\/uploads\/2020\/11\/vererinari-amb-gos-els-llops.jpg&#8221; alt=&#8221;veterinario con perro en brazos&#8221; title_text=&#8221;vererinari amb gos els llops&#8221; _builder_version=&#8221;4.16&#8243; global_colors_info=&#8221;{}&#8221;][\/et_pb_image][et_pb_button button_url=&#8221;@ET-DC@eyJkeW5hbWljIjp0cnVlLCJjb250ZW50IjoicG9zdF9saW5rX3VybF9wYWdlIiwic2V0dGluZ3MiOnsicG9zdF9pZCI6IjExMzcifX0=@&#8221; button_text=&#8221;Esterilitzaci\u00f3 gossos&#8221; button_alignment=&#8221;center&#8221; _builder_version=&#8221;4.16&#8243; _dynamic_attributes=&#8221;button_url&#8221; global_colors_info=&#8221;{}&#8221;][\/et_pb_button][\/et_pb_column][et_pb_column type=&#8221;1_2&#8243; _builder_version=&#8221;4.16&#8243; global_colors_info=&#8221;{}&#8221;][et_pb_image src=&#8221;http:\/\/clinicaveterinariaelsllops.com\/wp-content\/uploads\/2020\/02\/els_llops_nosotros_inicio_nosotros.jpg&#8221; alt=&#8221;veterinaria con perro en brazos&#8221; title_text=&#8221;els_llops_nosotros_inicio_nosotros&#8221; _builder_version=&#8221;4.16&#8243; global_colors_info=&#8221;{}&#8221;][\/et_pb_image][et_pb_button button_url=&#8221;@ET-DC@eyJkeW5hbWljIjp0cnVlLCJjb250ZW50IjoicG9zdF9saW5rX3VybF9wYWdlIiwic2V0dGluZ3MiOnsicG9zdF9pZCI6IjExMzYifX0=@&#8221; button_text=&#8221;Esterilitzaci\u00f3 gosses&#8221; button_alignment=&#8221;center&#8221; _builder_version=&#8221;4.16&#8243; _dynamic_attributes=&#8221;button_url&#8221; global_colors_info=&#8221;{}&#8221;][\/et_pb_button][\/et_pb_column][\/et_pb_row][\/et_pb_section]<\/p>\n","protected":false},"excerpt":{"rendered":"<p>15% de descompte fins al 28 de febrerEsterilitza a la teva mascota per cuidar la seva salut i benestar Demana\u2019ns una cita per a l\u2019esterilitzaci\u00f3 de la teva gossa o gos A Els Llops Cl\u00ednica Veterin\u00e0ria de Castelldefels realitzem serveis de cirurgia amb m\u00e9s de 18 anys d&#8217;experi\u00e8ncia.\u00a0<\/p>\n","protected":false},"author":4,"featured_media":0,"parent":0,"menu_order":0,"comment_status":"closed","ping_status":"closed","template":"","meta":{"_et_pb_use_builder":"on","_et_pb_old_content":"","_et_gb_content_width":"","footnotes":""},"class_list":["post-1135","page","type-page","status-publish","hentry"],"yoast_head":"<!-- This site is optimized with the Yoast SEO plugin v27.4 - https:\/\/yoast.com\/product\/yoast-seo-wordpress\/ -->\n<title>Esterilitzaci\u00f3 gossos - Els Llops Cl\u00ednica Veterin\u00e0ria de Castelldefels<\/title>\n<meta name=\"description\" content=\"Esterilitza el teu gos o gossa al nostre centre veterinari de Castelldefels per prevenir i evitar malalties.\" \/>\n<meta name=\"robots\" content=\"index, follow, max-snippet:-1, max-image-preview:large, max-video-preview:-1\" \/>\n<link rel=\"canonical\" href=\"https:\/\/clinicaveterinariaelsllops.com\/ca\/esterilitzacio-gossos\/\" \/>\n<meta property=\"og:locale\" content=\"ca_ES\" \/>\n<meta property=\"og:type\" content=\"article\" \/>\n<meta property=\"og:title\" content=\"Esterilitzaci\u00f3 gossos - Els Llops Cl\u00ednica Veterin\u00e0ria de Castelldefels\" \/>\n<meta property=\"og:description\" content=\"Esterilitza el teu gos o gossa al nostre centre veterinari de Castelldefels per prevenir i evitar malalties.\" \/>\n<meta property=\"og:url\" content=\"https:\/\/clinicaveterinariaelsllops.com\/ca\/esterilitzacio-gossos\/\" \/>\n<meta property=\"og:site_name\" content=\"Els Llops Cl\u00ednica Veterin\u00e0ria\" \/>\n<meta property=\"article:modified_time\" content=\"2023-03-16T14:54:50+00:00\" \/>\n<meta name=\"twitter:card\" content=\"summary_large_image\" \/>\n<meta name=\"twitter:label1\" content=\"Temps estimat de lectura\" \/>\n\t<meta name=\"twitter:data1\" content=\"2 minuts\" \/>\n<script type=\"application\/ld+json\" class=\"yoast-schema-graph\">{\"@context\":\"https:\\\/\\\/schema.org\",\"@graph\":[{\"@type\":\"WebPage\",\"@id\":\"https:\\\/\\\/clinicaveterinariaelsllops.com\\\/ca\\\/esterilitzacio-gossos\\\/\",\"url\":\"https:\\\/\\\/clinicaveterinariaelsllops.com\\\/ca\\\/esterilitzacio-gossos\\\/\",\"name\":\"Esterilitzaci\u00f3 gossos - Els Llops Cl\u00ednica Veterin\u00e0ria de Castelldefels\",\"isPartOf\":{\"@id\":\"https:\\\/\\\/clinicaveterinariaelsllops.com\\\/ca\\\/#website\"},\"datePublished\":\"2019-10-30T16:05:02+00:00\",\"dateModified\":\"2023-03-16T14:54:50+00:00\",\"description\":\"Esterilitza el teu gos o gossa al nostre centre veterinari de Castelldefels per prevenir i evitar malalties.\",\"breadcrumb\":{\"@id\":\"https:\\\/\\\/clinicaveterinariaelsllops.com\\\/ca\\\/esterilitzacio-gossos\\\/#breadcrumb\"},\"inLanguage\":\"ca\",\"potentialAction\":[{\"@type\":\"ReadAction\",\"target\":[\"https:\\\/\\\/clinicaveterinariaelsllops.com\\\/ca\\\/esterilitzacio-gossos\\\/\"]}]},{\"@type\":\"BreadcrumbList\",\"@id\":\"https:\\\/\\\/clinicaveterinariaelsllops.com\\\/ca\\\/esterilitzacio-gossos\\\/#breadcrumb\",\"itemListElement\":[{\"@type\":\"ListItem\",\"position\":1,\"name\":\"Home\",\"item\":\"https:\\\/\\\/clinicaveterinariaelsllops.com\\\/ca\\\/\"},{\"@type\":\"ListItem\",\"position\":2,\"name\":\"Esterilitzaci\u00f3 gossos\"}]},{\"@type\":\"WebSite\",\"@id\":\"https:\\\/\\\/clinicaveterinariaelsllops.com\\\/ca\\\/#website\",\"url\":\"https:\\\/\\\/clinicaveterinariaelsllops.com\\\/ca\\\/\",\"name\":\"Els Llops Cl\u00ednica Veterin\u00e0ria\",\"description\":\"Els Llops Cl\u00ednica Veterin\u00e0ria de Castelldefels\",\"potentialAction\":[{\"@type\":\"SearchAction\",\"target\":{\"@type\":\"EntryPoint\",\"urlTemplate\":\"https:\\\/\\\/clinicaveterinariaelsllops.com\\\/ca\\\/?s={search_term_string}\"},\"query-input\":{\"@type\":\"PropertyValueSpecification\",\"valueRequired\":true,\"valueName\":\"search_term_string\"}}],\"inLanguage\":\"ca\"}]}<\/script>\n<!-- \/ Yoast SEO plugin. -->","yoast_head_json":{"title":"Esterilitzaci\u00f3 gossos - Els Llops Cl\u00ednica Veterin\u00e0ria de Castelldefels","description":"Esterilitza el teu gos o gossa al nostre centre veterinari de Castelldefels per prevenir i evitar malalties.","robots":{"index":"index","follow":"follow","max-snippet":"max-snippet:-1","max-image-preview":"max-image-preview:large","max-video-preview":"max-video-preview:-1"},"canonical":"https:\/\/clinicaveterinariaelsllops.com\/ca\/esterilitzacio-gossos\/","og_locale":"ca_ES","og_type":"article","og_title":"Esterilitzaci\u00f3 gossos - Els Llops Cl\u00ednica Veterin\u00e0ria de Castelldefels","og_description":"Esterilitza el teu gos o gossa al nostre centre veterinari de Castelldefels per prevenir i evitar malalties.","og_url":"https:\/\/clinicaveterinariaelsllops.com\/ca\/esterilitzacio-gossos\/","og_site_name":"Els Llops Cl\u00ednica Veterin\u00e0ria","article_modified_time":"2023-03-16T14:54:50+00:00","twitter_card":"summary_large_image","twitter_misc":{"Temps estimat de lectura":"2 minuts"},"schema":{"@context":"https:\/\/schema.org","@graph":[{"@type":"WebPage","@id":"https:\/\/clinicaveterinariaelsllops.com\/ca\/esterilitzacio-gossos\/","url":"https:\/\/clinicaveterinariaelsllops.com\/ca\/esterilitzacio-gossos\/","name":"Esterilitzaci\u00f3 gossos - Els Llops Cl\u00ednica Veterin\u00e0ria de Castelldefels","isPartOf":{"@id":"https:\/\/clinicaveterinariaelsllops.com\/ca\/#website"},"datePublished":"2019-10-30T16:05:02+00:00","dateModified":"2023-03-16T14:54:50+00:00","description":"Esterilitza el teu gos o gossa al nostre centre veterinari de Castelldefels per prevenir i evitar malalties.","breadcrumb":{"@id":"https:\/\/clinicaveterinariaelsllops.com\/ca\/esterilitzacio-gossos\/#breadcrumb"},"inLanguage":"ca","potentialAction":[{"@type":"ReadAction","target":["https:\/\/clinicaveterinariaelsllops.com\/ca\/esterilitzacio-gossos\/"]}]},{"@type":"BreadcrumbList","@id":"https:\/\/clinicaveterinariaelsllops.com\/ca\/esterilitzacio-gossos\/#breadcrumb","itemListElement":[{"@type":"ListItem","position":1,"name":"Home","item":"https:\/\/clinicaveterinariaelsllops.com\/ca\/"},{"@type":"ListItem","position":2,"name":"Esterilitzaci\u00f3 gossos"}]},{"@type":"WebSite","@id":"https:\/\/clinicaveterinariaelsllops.com\/ca\/#website","url":"https:\/\/clinicaveterinariaelsllops.com\/ca\/","name":"Els Llops Cl\u00ednica Veterin\u00e0ria","description":"Els Llops Cl\u00ednica Veterin\u00e0ria de Castelldefels","potentialAction":[{"@type":"SearchAction","target":{"@type":"EntryPoint","urlTemplate":"https:\/\/clinicaveterinariaelsllops.com\/ca\/?s={search_term_string}"},"query-input":{"@type":"PropertyValueSpecification","valueRequired":true,"valueName":"search_term_string"}}],"inLanguage":"ca"}]}},"_links":{"self":[{"href":"https:\/\/clinicaveterinariaelsllops.com\/ca\/wp-json\/wp\/v2\/pages\/1135","targetHints":{"allow":["GET"]}}],"collection":[{"href":"https:\/\/clinicaveterinariaelsllops.com\/ca\/wp-json\/wp\/v2\/pages"}],"about":[{"href":"https:\/\/clinicaveterinariaelsllops.com\/ca\/wp-json\/wp\/v2\/types\/page"}],"author":[{"embeddable":true,"href":"https:\/\/clinicaveterinariaelsllops.com\/ca\/wp-json\/wp\/v2\/users\/4"}],"replies":[{"embeddable":true,"href":"https:\/\/clinicaveterinariaelsllops.com\/ca\/wp-json\/wp\/v2\/comments?post=1135"}],"version-history":[{"count":0,"href":"https:\/\/clinicaveterinariaelsllops.com\/ca\/wp-json\/wp\/v2\/pages\/1135\/revisions"}],"wp:attachment":[{"href":"https:\/\/clinicaveterinariaelsllops.com\/ca\/wp-json\/wp\/v2\/media?parent=1135"}],"wp:term":[{"taxonomy":"status","embeddable":true,"href":"https:\/\/clinicaveterinariaelsllops.com\/ca\/wp-json\/wp\/v2\/status?post=1135"}],"curies":[{"name":"wp","href":"https:\/\/api.w.org\/{rel}","templated":true}]}}