{"id":1125,"date":"2019-10-30T16:17:26","date_gmt":"2019-10-30T15:17:26","guid":{"rendered":"http:\/\/clinicaveterinariaelsllops.com\/parasitos\/"},"modified":"2026-04-01T19:56:17","modified_gmt":"2026-04-01T17:56:17","slug":"parasits","status":[],"type":"page","link":"https:\/\/clinicaveterinariaelsllops.com\/ca\/parasits\/","title":{"rendered":"Par\u00e0sits"},"content":{"rendered":"<p>[et_pb_section fb_built=&#8221;1&#8243; _builder_version=&#8221;4.16&#8243; background_image=&#8221;http:\/\/clinicaveterinariaelsllops.com\/wp-content\/uploads\/2019\/10\/ElsLlops_Banner_Parasitos.jpg&#8221; background_position=&#8221;bottom_center&#8221; locked=&#8221;off&#8221; global_colors_info=&#8221;{}&#8221;][et_pb_row _builder_version=&#8221;4.16&#8243; global_colors_info=&#8221;{}&#8221;][et_pb_column type=&#8221;4_4&#8243; _builder_version=&#8221;4.16&#8243; global_colors_info=&#8221;{}&#8221;][et_pb_post_title _builder_version=&#8221;4.16&#8243; global_colors_info=&#8221;{}&#8221;][\/et_pb_post_title][\/et_pb_column][\/et_pb_row][\/et_pb_section][et_pb_section fb_built=&#8221;1&#8243; _builder_version=&#8221;4.16&#8243; custom_padding=&#8221;||48px|||&#8221; global_colors_info=&#8221;{}&#8221;][et_pb_row disabled_on=&#8221;on|on|on&#8221; _builder_version=&#8221;4.27.4&#8243; custom_margin=&#8221;-19px|auto||auto||&#8221; custom_padding=&#8221;||28px|||&#8221; hover_enabled=&#8221;0&#8243; global_colors_info=&#8221;{}&#8221; disabled=&#8221;on&#8221; sticky_enabled=&#8221;0&#8243;][et_pb_column type=&#8221;4_4&#8243; _builder_version=&#8221;4.16&#8243; global_colors_info=&#8221;{}&#8221;][et_pb_text _builder_version=&#8221;4.27.4&#8243; global_colors_info=&#8221;{}&#8221;]<\/p>\n<div class=\"et_pb_module et_pb_text et_pb_text_0  et_pb_text_align_left et_pb_bg_layout_light\">\n<div class=\"et_pb_text_inner\">\n<h2 class=\"wsite-content-title\" style=\"text-align: center;\"><span>10% de descompte en desparasitaci\u00f3 interna i externa durant un any<\/span><\/h2>\n<\/div>\n<\/div>\n<div class=\"et_pb_module et_pb_text et_pb_text_1  et_pb_text_align_left et_pb_bg_layout_light\">\n<div class=\"et_pb_text_inner\">\n<h2 class=\"wsite-content-title\" style=\"text-align: center;\">Promoci\u00f3 v\u00e0lida durant el mes de mar\u00e7<\/h2>\n<\/div>\n<\/div>\n<p>[\/et_pb_text][\/et_pb_column][\/et_pb_row][et_pb_row column_structure=&#8221;1_2,1_2&#8243; _builder_version=&#8221;4.16&#8243; custom_padding=&#8221;||4px|||&#8221; global_colors_info=&#8221;{}&#8221;][et_pb_column type=&#8221;1_2&#8243; _builder_version=&#8221;4.16&#8243; global_colors_info=&#8221;{}&#8221;][et_pb_text _builder_version=&#8221;4.16&#8243; global_colors_info=&#8221;{}&#8221;]<\/p>\n<p>Les picades de paparres, puces o mosquits suposen una seriosa amena\u00e7a per a la salut del teu animal de companyia. Protegeix de les malalties provocades per par\u00e0sits. Posa especial atenci\u00f3 a la leishm\u00e0nia i l&#8217;Ehrlichia perqu\u00e8 poden complicar seriosament la salut de la teva mascota i fins i tot, posar la seva vida en perill. Un bon pla preventiu a temps \u00e9s crucial per evitar riscos.<\/p>\n<p><span>A Els Llops Cl\u00ednica Veterinaria de Castelldefels t&#8217;oferim el millor tractament preventiu i de control enfront de les malalties parasit\u00e0ries. En la nostra cl\u00ednica veterin\u00e0ria t&#8217;informem dels productes veterinaris m\u00e9s efectius del mercat com collarets, pipetes i pastilles.<\/span><br \/><span><\/span><\/p>\n<p><span><\/span><\/p>\n<p>[\/et_pb_text][\/et_pb_column][et_pb_column type=&#8221;1_2&#8243; _builder_version=&#8221;4.16&#8243; global_colors_info=&#8221;{}&#8221;][et_pb_text _builder_version=&#8221;4.27.4&#8243; global_colors_info=&#8221;{}&#8221;]<\/p>\n<div class=\"et_pb_module et_pb_text et_pb_text_3  et_pb_text_align_left et_pb_bg_layout_light\">\n<div class=\"et_pb_text_inner\">\n<h2><span>Mantingues el teu pelut protegit tot l&#8217;any amb els nostres productes preventius.<\/span><\/h2>\n<\/div>\n<\/div>\n<div class=\"et_pb_module et_pb_text et_pb_text_4  et_pb_text_align_left et_pb_bg_layout_light\">\n<div class=\"et_pb_text_inner\">\n<p><strong>ANTIPARASITARIS EXTERNS:<\/strong><\/p>\n<ul>\n<li><strong>Collar<\/strong><\/li>\n<li><strong>Pipetes<\/strong><\/li>\n<li><strong>Comprimits<\/strong><\/li>\n<li><strong>Injectable Anual<\/strong><\/li>\n<\/ul>\n<p><strong>ANTIPARASITARIS INTERNS:<\/strong><\/p>\n<ul>\n<li><strong>Comprimits<\/strong><\/li>\n<\/ul>\n<\/div>\n<\/div>\n<p>[\/et_pb_text][\/et_pb_column][\/et_pb_row][et_pb_row _builder_version=&#8221;4.16&#8243; global_colors_info=&#8221;{}&#8221;][et_pb_column type=&#8221;4_4&#8243; _builder_version=&#8221;4.16&#8243; global_colors_info=&#8221;{}&#8221;][et_pb_image src=&#8221;http:\/\/clinicaveterinariaelsllops.com\/wp-content\/uploads\/2019\/10\/Separador-els-llops-scaled.jpg&#8221; _builder_version=&#8221;4.16&#8243; global_colors_info=&#8221;{}&#8221;][\/et_pb_image][\/et_pb_column][\/et_pb_row][et_pb_row column_structure=&#8221;1_2,1_2&#8243; _builder_version=&#8221;4.16&#8243; global_colors_info=&#8221;{}&#8221;][et_pb_column type=&#8221;1_2&#8243; _builder_version=&#8221;4.16&#8243; global_colors_info=&#8221;{}&#8221;][et_pb_image src=&#8221;http:\/\/clinicaveterinariaelsllops.com\/wp-content\/uploads\/2021\/03\/perro-kromfohrlander-campo-primerplano-2500-web-min.jpg&#8221; alt=&#8221;perro kromfohrlander en campo&#8221; title_text=&#8221;perro-kromfohrlander-campo-primerplano-2500-web-min&#8221; _builder_version=&#8221;4.27.4&#8243; _module_preset=&#8221;default&#8221; global_colors_info=&#8221;{}&#8221;][\/et_pb_image][\/et_pb_column][et_pb_column type=&#8221;1_2&#8243; _builder_version=&#8221;4.16&#8243; global_colors_info=&#8221;{}&#8221;][et_pb_text _builder_version=&#8221;4.16&#8243; custom_margin=&#8221;||18px|||&#8221; custom_padding=&#8221;||0px|||&#8221; global_colors_info=&#8221;{}&#8221;]<\/p>\n<div class=\"paragraph\">\n<h2 class=\"wsite-content-title\">Per qu\u00e8 prevenir les malalties parasit\u00e0ries?<\/h2>\n<div class=\"paragraph\"><span>Els par\u00e0sits s\u00f3n transmissors de m\u00faltiples malalties tant a animals com a persones. Les m\u00e9s serioses s\u00f3n l&#8217;Ehrlichia, transmesa a trav\u00e9s de les paparres, i la leishmaniosi, causada per la picada del mosquit fleb\u00f2tom. En tots dos casos, els riscos per a la salut de la teva mascota poden ser irreversibles, ja que poden provocar danys fatals en el seu organisme que podrien acabar amb la seva vida. La prevenci\u00f3 \u00e9s fonamental, especialment amb l&#8217;arribada de la calor, ja que \u00e9s quan la seva activitat s&#8217;intensifica. Realitzar un bon diagn\u00f2stic preco\u00e7 tamb\u00e9 \u00e9s clau per protegir al teu pelut.<\/span><\/div>\n<\/div>\n<p>[\/et_pb_text][et_pb_text _builder_version=&#8221;4.16&#8243; global_colors_info=&#8221;{}&#8221;]<\/p>\n<h2 class=\"wsite-content-title\"><span style=\"color: #008c95\">\u00bfQu\u00e9 medidas preventivas existen?<\/span><\/h2>\n<div class=\"paragraph\">\u200b<span>Contamos con muchos m\u00e9todos de control y distintos protocolos para prevenir las enfermedades causadas por el contagio de par\u00e1sitos. Los collares antiparasitarios, que se han de cambiar cada seis meses,o la pipeta, que se ha de poner mensualmente, son algunas opciones. La vacuna puede ser otra medida efectiva para que tu mascota tenga m\u00e1s defensas para combatir los par\u00e1sitos en caso de que lleguen a infectarla. Recuerda realiza revisiones peri\u00f3dicas para evitarte sustos imprevistos.<\/span><\/div>\n<p>[\/et_pb_text][\/et_pb_column][\/et_pb_row][et_pb_row _builder_version=&#8221;4.16&#8243; custom_padding=&#8221;29px||69px|||&#8221; global_colors_info=&#8221;{}&#8221;][et_pb_column type=&#8221;4_4&#8243; _builder_version=&#8221;4.16&#8243; global_colors_info=&#8221;{}&#8221;][et_pb_text _builder_version=&#8221;4.16&#8243; global_colors_info=&#8221;{}&#8221;]<\/p>\n<h2 class=\"wsite-content-title\" style=\"text-align: center\"><span style=\"color: #008c95\">No posis en risc la salut de la teva mascota i assegura&#8217;t de prevenir les malalties causades per par\u00e0sits a temps.<\/span><\/h2>\n<div><\/div>\n<p>[\/et_pb_text][et_pb_button button_url=&#8221;@ET-DC@eyJkeW5hbWljIjp0cnVlLCJjb250ZW50IjoicG9zdF9saW5rX3VybF9wb3N0Iiwic2V0dGluZ3MiOnsicG9zdF9pZCI6IjgyIn19@&#8221; button_text=&#8221;Llegir m\u00e9s sobre par\u00e0sits i mascotes&#8221; button_alignment=&#8221;center&#8221; _builder_version=&#8221;4.16&#8243; _dynamic_attributes=&#8221;button_url&#8221; custom_margin=&#8221;||47px|||&#8221; global_colors_info=&#8221;{}&#8221;][\/et_pb_button][et_pb_divider _builder_version=&#8221;4.16&#8243; global_colors_info=&#8221;{}&#8221;][\/et_pb_divider][et_pb_text _builder_version=&#8221;4.16&#8243; global_colors_info=&#8221;{}&#8221;]<\/p>\n<div class=\"paragraph\" style=\"text-align: center\">\n<div class=\"paragraph\"><span>Ara tenir cura de la teva mascota \u00e9s m\u00e9s f\u00e0cil. Ja pots fraccionar els pagaments dels productes i serveis veterinaris que facis al nostre centre. T&#8217;ajudem a cuidar de la teva mascota amb el\u00a0<\/span><strong>PAGAMENT FRACCIONAT FRAKMENTA.\u00a0<\/strong>\u200b<span><\/span><\/div>\n<div><\/div>\n<\/div>\n<div><\/div>\n<p>[\/et_pb_text][et_pb_button button_url=&#8221;@ET-DC@eyJkeW5hbWljIjp0cnVlLCJjb250ZW50IjoicG9zdF9saW5rX3VybF9wYWdlIiwic2V0dGluZ3MiOnsicG9zdF9pZCI6IjEwNzEifX0=@&#8221; button_text=&#8221;Frakmenta&#8221; button_alignment=&#8221;center&#8221; _builder_version=&#8221;4.16&#8243; _dynamic_attributes=&#8221;button_url&#8221; global_colors_info=&#8221;{}&#8221;][\/et_pb_button][\/et_pb_column][\/et_pb_row][\/et_pb_section]<\/p>\n","protected":false},"excerpt":{"rendered":"<p>10% de descompte en desparasitaci\u00f3 interna i externa durant un any Promoci\u00f3 v\u00e0lida durant el mes de mar\u00e7 Les picades de paparres, puces o mosquits suposen una seriosa amena\u00e7a per a la salut del teu animal de companyia. Protegeix de les malalties provocades per par\u00e0sits. Posa especial atenci\u00f3 a la leishm\u00e0nia i l&#8217;Ehrlichia perqu\u00e8 poden [&hellip;]<\/p>\n","protected":false},"author":4,"featured_media":0,"parent":0,"menu_order":0,"comment_status":"closed","ping_status":"closed","template":"","meta":{"_et_pb_use_builder":"on","_et_pb_old_content":"","_et_gb_content_width":"","footnotes":""},"class_list":["post-1125","page","type-page","status-publish","hentry"],"yoast_head":"<!-- This site is optimized with the Yoast SEO plugin v27.4 - https:\/\/yoast.com\/product\/yoast-seo-wordpress\/ -->\n<title>Par\u00e0sits - Els Llops Cl\u00ednica Veterin\u00e0ria<\/title>\n<meta name=\"robots\" content=\"index, follow, max-snippet:-1, max-image-preview:large, max-video-preview:-1\" \/>\n<link rel=\"canonical\" href=\"https:\/\/clinicaveterinariaelsllops.com\/ca\/parasits\/\" \/>\n<meta property=\"og:locale\" content=\"ca_ES\" \/>\n<meta property=\"og:type\" content=\"article\" \/>\n<meta property=\"og:title\" content=\"Par\u00e0sits - Els Llops Cl\u00ednica Veterin\u00e0ria\" \/>\n<meta property=\"og:description\" content=\"10% de descompte en desparasitaci\u00f3 interna i externa durant un any Promoci\u00f3 v\u00e0lida durant el mes de mar\u00e7 Les picades de paparres, puces o mosquits suposen una seriosa amena\u00e7a per a la salut del teu animal de companyia. Protegeix de les malalties provocades per par\u00e0sits. Posa especial atenci\u00f3 a la leishm\u00e0nia i l&#039;Ehrlichia perqu\u00e8 poden [&hellip;]\" \/>\n<meta property=\"og:url\" content=\"https:\/\/clinicaveterinariaelsllops.com\/ca\/parasits\/\" \/>\n<meta property=\"og:site_name\" content=\"Els Llops Cl\u00ednica Veterin\u00e0ria\" \/>\n<meta property=\"article:modified_time\" content=\"2026-04-01T17:56:17+00:00\" \/>\n<meta name=\"twitter:card\" content=\"summary_large_image\" \/>\n<meta name=\"twitter:label1\" content=\"Temps estimat de lectura\" \/>\n\t<meta name=\"twitter:data1\" content=\"5 minuts\" \/>\n<script type=\"application\/ld+json\" class=\"yoast-schema-graph\">{\"@context\":\"https:\\\/\\\/schema.org\",\"@graph\":[{\"@type\":\"WebPage\",\"@id\":\"https:\\\/\\\/clinicaveterinariaelsllops.com\\\/ca\\\/parasits\\\/\",\"url\":\"https:\\\/\\\/clinicaveterinariaelsllops.com\\\/ca\\\/parasits\\\/\",\"name\":\"Par\u00e0sits - Els Llops Cl\u00ednica Veterin\u00e0ria\",\"isPartOf\":{\"@id\":\"https:\\\/\\\/clinicaveterinariaelsllops.com\\\/ca\\\/#website\"},\"datePublished\":\"2019-10-30T15:17:26+00:00\",\"dateModified\":\"2026-04-01T17:56:17+00:00\",\"breadcrumb\":{\"@id\":\"https:\\\/\\\/clinicaveterinariaelsllops.com\\\/ca\\\/parasits\\\/#breadcrumb\"},\"inLanguage\":\"ca\",\"potentialAction\":[{\"@type\":\"ReadAction\",\"target\":[\"https:\\\/\\\/clinicaveterinariaelsllops.com\\\/ca\\\/parasits\\\/\"]}]},{\"@type\":\"BreadcrumbList\",\"@id\":\"https:\\\/\\\/clinicaveterinariaelsllops.com\\\/ca\\\/parasits\\\/#breadcrumb\",\"itemListElement\":[{\"@type\":\"ListItem\",\"position\":1,\"name\":\"Home\",\"item\":\"https:\\\/\\\/clinicaveterinariaelsllops.com\\\/ca\\\/\"},{\"@type\":\"ListItem\",\"position\":2,\"name\":\"Par\u00e0sits\"}]},{\"@type\":\"WebSite\",\"@id\":\"https:\\\/\\\/clinicaveterinariaelsllops.com\\\/ca\\\/#website\",\"url\":\"https:\\\/\\\/clinicaveterinariaelsllops.com\\\/ca\\\/\",\"name\":\"Els Llops Cl\u00ednica Veterin\u00e0ria\",\"description\":\"Els Llops Cl\u00ednica Veterin\u00e0ria de Castelldefels\",\"potentialAction\":[{\"@type\":\"SearchAction\",\"target\":{\"@type\":\"EntryPoint\",\"urlTemplate\":\"https:\\\/\\\/clinicaveterinariaelsllops.com\\\/ca\\\/?s={search_term_string}\"},\"query-input\":{\"@type\":\"PropertyValueSpecification\",\"valueRequired\":true,\"valueName\":\"search_term_string\"}}],\"inLanguage\":\"ca\"}]}<\/script>\n<!-- \/ Yoast SEO plugin. -->","yoast_head_json":{"title":"Par\u00e0sits - Els Llops Cl\u00ednica Veterin\u00e0ria","robots":{"index":"index","follow":"follow","max-snippet":"max-snippet:-1","max-image-preview":"max-image-preview:large","max-video-preview":"max-video-preview:-1"},"canonical":"https:\/\/clinicaveterinariaelsllops.com\/ca\/parasits\/","og_locale":"ca_ES","og_type":"article","og_title":"Par\u00e0sits - Els Llops Cl\u00ednica Veterin\u00e0ria","og_description":"10% de descompte en desparasitaci\u00f3 interna i externa durant un any Promoci\u00f3 v\u00e0lida durant el mes de mar\u00e7 Les picades de paparres, puces o mosquits suposen una seriosa amena\u00e7a per a la salut del teu animal de companyia. Protegeix de les malalties provocades per par\u00e0sits. Posa especial atenci\u00f3 a la leishm\u00e0nia i l'Ehrlichia perqu\u00e8 poden [&hellip;]","og_url":"https:\/\/clinicaveterinariaelsllops.com\/ca\/parasits\/","og_site_name":"Els Llops Cl\u00ednica Veterin\u00e0ria","article_modified_time":"2026-04-01T17:56:17+00:00","twitter_card":"summary_large_image","twitter_misc":{"Temps estimat de lectura":"5 minuts"},"schema":{"@context":"https:\/\/schema.org","@graph":[{"@type":"WebPage","@id":"https:\/\/clinicaveterinariaelsllops.com\/ca\/parasits\/","url":"https:\/\/clinicaveterinariaelsllops.com\/ca\/parasits\/","name":"Par\u00e0sits - Els Llops Cl\u00ednica Veterin\u00e0ria","isPartOf":{"@id":"https:\/\/clinicaveterinariaelsllops.com\/ca\/#website"},"datePublished":"2019-10-30T15:17:26+00:00","dateModified":"2026-04-01T17:56:17+00:00","breadcrumb":{"@id":"https:\/\/clinicaveterinariaelsllops.com\/ca\/parasits\/#breadcrumb"},"inLanguage":"ca","potentialAction":[{"@type":"ReadAction","target":["https:\/\/clinicaveterinariaelsllops.com\/ca\/parasits\/"]}]},{"@type":"BreadcrumbList","@id":"https:\/\/clinicaveterinariaelsllops.com\/ca\/parasits\/#breadcrumb","itemListElement":[{"@type":"ListItem","position":1,"name":"Home","item":"https:\/\/clinicaveterinariaelsllops.com\/ca\/"},{"@type":"ListItem","position":2,"name":"Par\u00e0sits"}]},{"@type":"WebSite","@id":"https:\/\/clinicaveterinariaelsllops.com\/ca\/#website","url":"https:\/\/clinicaveterinariaelsllops.com\/ca\/","name":"Els Llops Cl\u00ednica Veterin\u00e0ria","description":"Els Llops Cl\u00ednica Veterin\u00e0ria de Castelldefels","potentialAction":[{"@type":"SearchAction","target":{"@type":"EntryPoint","urlTemplate":"https:\/\/clinicaveterinariaelsllops.com\/ca\/?s={search_term_string}"},"query-input":{"@type":"PropertyValueSpecification","valueRequired":true,"valueName":"search_term_string"}}],"inLanguage":"ca"}]}},"_links":{"self":[{"href":"https:\/\/clinicaveterinariaelsllops.com\/ca\/wp-json\/wp\/v2\/pages\/1125","targetHints":{"allow":["GET"]}}],"collection":[{"href":"https:\/\/clinicaveterinariaelsllops.com\/ca\/wp-json\/wp\/v2\/pages"}],"about":[{"href":"https:\/\/clinicaveterinariaelsllops.com\/ca\/wp-json\/wp\/v2\/types\/page"}],"author":[{"embeddable":true,"href":"https:\/\/clinicaveterinariaelsllops.com\/ca\/wp-json\/wp\/v2\/users\/4"}],"replies":[{"embeddable":true,"href":"https:\/\/clinicaveterinariaelsllops.com\/ca\/wp-json\/wp\/v2\/comments?post=1125"}],"version-history":[{"count":7,"href":"https:\/\/clinicaveterinariaelsllops.com\/ca\/wp-json\/wp\/v2\/pages\/1125\/revisions"}],"predecessor-version":[{"id":3380,"href":"https:\/\/clinicaveterinariaelsllops.com\/ca\/wp-json\/wp\/v2\/pages\/1125\/revisions\/3380"}],"wp:attachment":[{"href":"https:\/\/clinicaveterinariaelsllops.com\/ca\/wp-json\/wp\/v2\/media?parent=1125"}],"wp:term":[{"taxonomy":"status","embeddable":true,"href":"https:\/\/clinicaveterinariaelsllops.com\/ca\/wp-json\/wp\/v2\/status?post=1125"}],"curies":[{"name":"wp","href":"https:\/\/api.w.org\/{rel}","templated":true}]}}