{"id":1123,"date":"2019-10-30T16:51:29","date_gmt":"2019-10-30T15:51:29","guid":{"rendered":"http:\/\/clinicaveterinariaelsllops.com\/higiene-bucal\/"},"modified":"2026-01-31T12:54:43","modified_gmt":"2026-01-31T11:54:43","slug":"higiene-bucal","status":[],"type":"page","link":"https:\/\/clinicaveterinariaelsllops.com\/ca\/higiene-bucal\/","title":{"rendered":"Higiene Bucal"},"content":{"rendered":"<p>[et_pb_section fb_built=&#8221;1&#8243; _builder_version=&#8221;4.16&#8243; background_image=&#8221;http:\/\/clinicaveterinariaelsllops.com\/wp-content\/uploads\/2019\/10\/higiene-bucal1_header-scaled.jpg&#8221; background_position=&#8221;bottom_center&#8221; min_height=&#8221;250px&#8221; locked=&#8221;off&#8221; global_colors_info=&#8221;{}&#8221;][et_pb_row _builder_version=&#8221;4.16&#8243; global_colors_info=&#8221;{}&#8221;][et_pb_column type=&#8221;4_4&#8243; _builder_version=&#8221;4.16&#8243; global_colors_info=&#8221;{}&#8221;][et_pb_post_title _builder_version=&#8221;4.16&#8243; global_colors_info=&#8221;{}&#8221;][\/et_pb_post_title][\/et_pb_column][\/et_pb_row][\/et_pb_section][et_pb_section fb_built=&#8221;1&#8243; _builder_version=&#8221;4.16&#8243; custom_padding=&#8221;||48px|||&#8221; global_colors_info=&#8221;{}&#8221;][et_pb_row _builder_version=&#8221;4.16&#8243; custom_margin=&#8221;-19px|auto||auto||&#8221; custom_padding=&#8221;||28px|||&#8221; global_colors_info=&#8221;{}&#8221;][et_pb_column type=&#8221;4_4&#8243; _builder_version=&#8221;4.16&#8243; global_colors_info=&#8221;{}&#8221;][et_pb_text _builder_version=&#8221;4.16&#8243; locked=&#8221;off&#8221; global_colors_info=&#8221;{}&#8221;]<\/p>\n<p style=\"text-align: center\"><strong>Demana&#8217;ns una cita per fer una neteja dental a la teva mascota<\/strong><\/p>\n<p>[\/et_pb_text][et_pb_text _builder_version=&#8221;4.16&#8243; global_colors_info=&#8221;{}&#8221;]<\/p>\n<p style=\"text-align: center\">La teva mascota comen\u00e7a a tenir mal al\u00e8? Mostra brut\u00edcia entre les dents? \u00c9s el moment de realitzar una adequada neteja de la seva boca i evitar possibles malalties que de ben segur estan per arribar.<\/p>\n<p>[\/et_pb_text][\/et_pb_column][\/et_pb_row][et_pb_row _builder_version=&#8221;4.16&#8243; custom_padding=&#8221;11px|||||&#8221; global_colors_info=&#8221;{}&#8221;][et_pb_column type=&#8221;4_4&#8243; _builder_version=&#8221;4.16&#8243; global_colors_info=&#8221;{}&#8221;][et_pb_image src=&#8221;http:\/\/clinicaveterinariaelsllops.com\/wp-content\/uploads\/2019\/10\/Separador-els-llops-scaled.jpg&#8221; _builder_version=&#8221;4.16&#8243; global_colors_info=&#8221;{}&#8221;][\/et_pb_image][\/et_pb_column][\/et_pb_row][et_pb_row column_structure=&#8221;1_2,1_2&#8243; _builder_version=&#8221;4.16&#8243; global_colors_info=&#8221;{}&#8221;][et_pb_column type=&#8221;1_2&#8243; _builder_version=&#8221;4.16&#8243; global_colors_info=&#8221;{}&#8221;][et_pb_image src=&#8221;http:\/\/clinicaveterinariaelsllops.com\/wp-content\/uploads\/2020\/11\/higienedentalgato.jpg&#8221; alt=&#8221;higiene bucal gato&#8221; title_text=&#8221;higienedentalgato&#8221; _builder_version=&#8221;4.16&#8243; global_colors_info=&#8221;{}&#8221;][\/et_pb_image][\/et_pb_column][et_pb_column type=&#8221;1_2&#8243; _builder_version=&#8221;4.16&#8243; global_colors_info=&#8221;{}&#8221;][et_pb_text _builder_version=&#8221;4.16&#8243; global_colors_info=&#8221;{}&#8221;]<\/p>\n<h2 class=\"wsite-content-title\">Perqu\u00e8 \u00e9s necess\u00e0ria una higiene bucal a la nostra mascota?<\/h2>\n<div class=\"paragraph\">El problema del mal al\u00e8 denominat halitosi, \u00e9s molt com\u00fa a les nostres mascotes, i \u00e9s causa de diferents factors, encara que destaquem els seg\u00fcents:<br \/>\u200b<\/p>\n<ul>\n<li>L&#8217;acidesa de la saliva<\/li>\n<li>La manca d&#8217;una correcta neteja entre les peces dentals<\/li>\n<li>La ingesta d&#8217;aliments casolans, principalment enllaunats o humits.<\/li>\n<li>La conseg\u00fcent acumulaci\u00f3 de tosca.<\/li>\n<\/ul>\n<\/div>\n<div class=\"paragraph\">\n<ul><\/ul>\n<\/div>\n<p>[\/et_pb_text][\/et_pb_column][\/et_pb_row][et_pb_row column_structure=&#8221;1_2,1_2&#8243; _builder_version=&#8221;4.16&#8243; global_colors_info=&#8221;{}&#8221;][et_pb_column type=&#8221;1_2&#8243; _builder_version=&#8221;4.16&#8243; global_colors_info=&#8221;{}&#8221;][et_pb_text _builder_version=&#8221;4.16&#8243; global_colors_info=&#8221;{}&#8221;]<\/p>\n<h2 class=\"wsite-content-title\">En qu\u00e8 consisteix una neteja dental al teu gos o gat?<\/h2>\n<div class=\"paragraph\">La malaltia periodontal provoca una acumulaci\u00f3 de tosca a les dents amb la possibilitat de provocar diferents infeccions a la boca de la nostra mascota, per aquest motiu \u00e9s fonamental una neteja regular aix\u00ed com un m\u00ednim de dues revisions anuals amb el nostre veterinari.<br \/>\u200b<br \/>La neteja bucal a la nostra mascota consisteix a eliminar la tosca de totes les peces dentals, i tot i que es tracta d&#8217;un proc\u00e9s senzill de practicar pel veterinari, necessita d&#8217;un proc\u00e9s anest\u00e8sic i un monitoratge controlat per un especialista anestesista, el qual estar\u00e0 present durant tota la intervenci\u00f3.<\/div>\n<p>[\/et_pb_text][\/et_pb_column][et_pb_column type=&#8221;1_2&#8243; _builder_version=&#8221;4.16&#8243; global_colors_info=&#8221;{}&#8221;][et_pb_image src=&#8221;http:\/\/clinicaveterinariaelsllops.com\/wp-content\/uploads\/2020\/11\/higienebucalperro-e1604322594801.jpg&#8221; alt=&#8221;higiene bucal perro&#8221; title_text=&#8221;higienebucalperro&#8221; _builder_version=&#8221;4.16&#8243; global_colors_info=&#8221;{}&#8221;][\/et_pb_image][\/et_pb_column][\/et_pb_row][et_pb_row _builder_version=&#8221;4.16&#8243; global_colors_info=&#8221;{}&#8221;][et_pb_column type=&#8221;4_4&#8243; _builder_version=&#8221;4.16&#8243; global_colors_info=&#8221;{}&#8221;][et_pb_image src=&#8221;http:\/\/clinicaveterinariaelsllops.com\/wp-content\/uploads\/2019\/10\/Separador-els-llops-scaled.jpg&#8221; _builder_version=&#8221;4.16&#8243; global_colors_info=&#8221;{}&#8221;][\/et_pb_image][\/et_pb_column][\/et_pb_row][et_pb_row _builder_version=&#8221;4.16&#8243; global_colors_info=&#8221;{}&#8221;][et_pb_column type=&#8221;4_4&#8243; _builder_version=&#8221;4.16&#8243; global_colors_info=&#8221;{}&#8221;][et_pb_text _builder_version=&#8221;4.16&#8243; global_colors_info=&#8221;{}&#8221;]<\/p>\n<h2 class=\"wsite-content-title\" style=\"text-align: center\"><span style=\"color: #008c95\">Mesures de prevenci\u00f3<\/span><\/h2>\n<div class=\"paragraph\" style=\"text-align: center\">\n<p>Quines mesures preventives haur\u00edem de prendre per evitar l&#8217;acumulaci\u00f3 de tosca a les dents i el mal al\u00e8 que aix\u00f2 provoca?<\/p>\n<p><strong>Amb aquestes tres senzilles regles podr\u00e0s tenir una cura perfecta de la salut bucal de la teva mascota:<\/strong><\/p>\n<\/div>\n<p>[\/et_pb_text][\/et_pb_column][\/et_pb_row][et_pb_row column_structure=&#8221;1_3,1_3,1_3&#8243; _builder_version=&#8221;4.16&#8243; custom_padding=&#8221;9px|||||&#8221; global_colors_info=&#8221;{}&#8221;][et_pb_column type=&#8221;1_3&#8243; _builder_version=&#8221;4.16&#8243; global_colors_info=&#8221;{}&#8221;][et_pb_text _builder_version=&#8221;4.16&#8243; global_colors_info=&#8221;{}&#8221;]<\/p>\n<p><span><span><span style=\"color: #008f98\">El raspallat de les dents<\/span><br \/>\u200b<\/span><\/span><br \/>Un bon raspallat de les dents tres o quatre vegades per setmana ser\u00e0 sens dubte la millor soluci\u00f3 per eliminar el problema. Consulta amb el teu veterinari els diferents raspalls disponibles per a gossos i gats, aix\u00ed com els m\u00e9s adequats per a la grand\u00e0ria de les seves dents.<\/p>\n<p>[\/et_pb_text][\/et_pb_column][et_pb_column type=&#8221;1_3&#8243; _builder_version=&#8221;4.16&#8243; global_colors_info=&#8221;{}&#8221;][et_pb_text _builder_version=&#8221;4.16&#8243; global_colors_info=&#8221;{}&#8221;]<\/p>\n<p><span style=\"color: #008f98\"><span><span>Selecciona una bona alimentaci\u00f3<\/span><\/span><\/span><\/p>\n<p>Existeixen en el mercat una gran varietat d&#8217;aliments espec\u00edfics per a la teva mascota, per aquest motiu, t&#8217;aconsellem que et deixis guiar pel teu veterinari de quina \u00e9s la millor alimentaci\u00f3 per la teva mascota, i sobretot, no li donis aliments o sobres restants dels menjars de la casa, tot aix\u00f2 accelera la formaci\u00f3 i acumulaci\u00f3 de tosca a les dents de la teva mascota, deixa de pensar que aix\u00f2 \u00e9s el millor per a ell.<\/p>\n<p>[\/et_pb_text][\/et_pb_column][et_pb_column type=&#8221;1_3&#8243; _builder_version=&#8221;4.16&#8243; global_colors_info=&#8221;{}&#8221;][et_pb_text _builder_version=&#8221;4.16&#8243; global_colors_info=&#8221;{}&#8221;]<\/p>\n<p><span style=\"color: #008f98\"><span><span>Complements espec\u00edfics<\/span><\/span><\/span><\/p>\n<p>Igualment disposes en el mercat d&#8217;infinitat de complements espec\u00edfics per ajudar a la higiene dental de la teva mascota. Els ossos de fil s\u00f3n una bona opci\u00f3 que segur el teu veterinari t&#8217;aconsellar\u00e0, encara que tamb\u00e9 hi ha altres complements que a m\u00e9s serviran de joguines per a la teva mascota, per\u00f2 sobretot consulta al teu veterinari quin \u00e9s l&#8217;ideal i m\u00e9s adequat.<\/p>\n<p>[\/et_pb_text][\/et_pb_column][\/et_pb_row][et_pb_row _builder_version=&#8221;4.16&#8243; custom_padding=&#8221;29px||69px|||&#8221; global_colors_info=&#8221;{}&#8221;][et_pb_column type=&#8221;4_4&#8243; _builder_version=&#8221;4.16&#8243; global_colors_info=&#8221;{}&#8221;][et_pb_text _builder_version=&#8221;4.16&#8243; global_colors_info=&#8221;{}&#8221;]<\/p>\n<div class=\"paragraph\" style=\"text-align: center\"><strong><span><span style=\"color: #008f98\">Amb el nostre servei d&#8217;higiene bucal, a m\u00e9s de gaudir d&#8217;una boca neta i sana, t&#8217;assessorarem per escollir el tipus d&#8217;aliment que l&#8217;ajudar\u00e0 a mantenir les seves dents en perfecte estat<\/span><\/span><\/strong><\/div>\n<div style=\"text-align: center\">\n<div id=\"125108554187315611\" align=\"left\" class=\"wcustomhtml\"><\/div>\n<\/div>\n<div><\/div>\n<p>[\/et_pb_text][et_pb_button button_url=&#8221;@ET-DC@eyJkeW5hbWljIjp0cnVlLCJjb250ZW50IjoicG9zdF9saW5rX3VybF9wb3N0Iiwic2V0dGluZ3MiOnsicG9zdF9pZCI6IjE0OTYiLCJlbmFibGVfaHRtbCI6Im9mZiJ9fQ==@&#8221; button_text=&#8221;Llegir sobre per qu\u00e8 realitzar una higiene bucal a la teva mascota&#8221; button_alignment=&#8221;center&#8221; _builder_version=&#8221;4.16&#8243; _dynamic_attributes=&#8221;button_url&#8221; custom_margin=&#8221;||47px|||&#8221; global_colors_info=&#8221;{}&#8221;][\/et_pb_button][et_pb_divider _builder_version=&#8221;4.16&#8243; global_colors_info=&#8221;{}&#8221;][\/et_pb_divider][et_pb_text _builder_version=&#8221;4.16&#8243; global_colors_info=&#8221;{}&#8221;]<\/p>\n<div class=\"paragraph\" style=\"text-align: center\">\n<div class=\"paragraph\"><span>Ara tenir cura de la teva mascota \u00e9s m\u00e9s f\u00e0cil. Ja pots fraccionar els pagaments dels productes i serveis veterinaris que facis al nostre centre. T&#8217;ajudem a cuidar de la teva mascota amb el\u00a0<\/span><strong>PAGAMENT FRACCIONAT FRAKMENTA.\u00a0<\/strong>\u200b<span><\/span><\/div>\n<div><\/div>\n<\/div>\n<div><\/div>\n<p>[\/et_pb_text][et_pb_button button_url=&#8221;@ET-DC@eyJkeW5hbWljIjp0cnVlLCJjb250ZW50IjoicG9zdF9saW5rX3VybF9wYWdlIiwic2V0dGluZ3MiOnsicG9zdF9pZCI6IjEwNzEiLCJlbmFibGVfaHRtbCI6Im9mZiJ9fQ==@&#8221; button_text=&#8221;Frakmenta&#8221; button_alignment=&#8221;center&#8221; _builder_version=&#8221;4.16&#8243; _dynamic_attributes=&#8221;button_url&#8221; global_colors_info=&#8221;{}&#8221;][\/et_pb_button][\/et_pb_column][\/et_pb_row][\/et_pb_section]<\/p>\n","protected":false},"excerpt":{"rendered":"<p>Demana&#8217;ns una cita per fer una neteja dental a la teva mascotaLa teva mascota comen\u00e7a a tenir mal al\u00e8? Mostra brut\u00edcia entre les dents? \u00c9s el moment de realitzar una adequada neteja de la seva boca i evitar possibles malalties que de ben segur estan per arribar.Perqu\u00e8 \u00e9s necess\u00e0ria una higiene bucal a la nostra [&hellip;]<\/p>\n","protected":false},"author":4,"featured_media":0,"parent":0,"menu_order":0,"comment_status":"closed","ping_status":"closed","template":"","meta":{"_et_pb_use_builder":"on","_et_pb_old_content":"","_et_gb_content_width":"","footnotes":""},"class_list":["post-1123","page","type-page","status-publish","hentry"],"yoast_head":"<!-- This site is optimized with the Yoast SEO plugin v27.4 - https:\/\/yoast.com\/product\/yoast-seo-wordpress\/ -->\n<title>Higiene bucal mascotes - Els Llops Cl\u00ednica Veterin\u00e0ria de Castelldefels<\/title>\n<meta name=\"description\" content=\"Realitza una neteja dental a la teva mascota al nostre centre veteriniari de Castelldefels per cuidar la seva salut.\" \/>\n<meta name=\"robots\" content=\"index, follow, max-snippet:-1, max-image-preview:large, max-video-preview:-1\" \/>\n<link rel=\"canonical\" href=\"https:\/\/clinicaveterinariaelsllops.com\/ca\/higiene-bucal\/\" \/>\n<meta property=\"og:locale\" content=\"ca_ES\" \/>\n<meta property=\"og:type\" content=\"article\" \/>\n<meta property=\"og:title\" content=\"Higiene bucal mascotes - Els Llops Cl\u00ednica Veterin\u00e0ria de Castelldefels\" \/>\n<meta property=\"og:description\" content=\"Realitza una neteja dental a la teva mascota al nostre centre veteriniari de Castelldefels per cuidar la seva salut.\" \/>\n<meta property=\"og:url\" content=\"https:\/\/clinicaveterinariaelsllops.com\/ca\/higiene-bucal\/\" \/>\n<meta property=\"og:site_name\" content=\"Els Llops Cl\u00ednica Veterin\u00e0ria\" \/>\n<meta property=\"article:modified_time\" content=\"2026-01-31T11:54:43+00:00\" \/>\n<meta name=\"twitter:card\" content=\"summary_large_image\" \/>\n<meta name=\"twitter:label1\" content=\"Temps estimat de lectura\" \/>\n\t<meta name=\"twitter:data1\" content=\"6 minuts\" \/>\n<script type=\"application\/ld+json\" class=\"yoast-schema-graph\">{\"@context\":\"https:\\\/\\\/schema.org\",\"@graph\":[{\"@type\":\"WebPage\",\"@id\":\"https:\\\/\\\/clinicaveterinariaelsllops.com\\\/ca\\\/higiene-bucal\\\/\",\"url\":\"https:\\\/\\\/clinicaveterinariaelsllops.com\\\/ca\\\/higiene-bucal\\\/\",\"name\":\"Higiene bucal mascotes - Els Llops Cl\u00ednica Veterin\u00e0ria de Castelldefels\",\"isPartOf\":{\"@id\":\"https:\\\/\\\/clinicaveterinariaelsllops.com\\\/ca\\\/#website\"},\"datePublished\":\"2019-10-30T15:51:29+00:00\",\"dateModified\":\"2026-01-31T11:54:43+00:00\",\"description\":\"Realitza una neteja dental a la teva mascota al nostre centre veteriniari de Castelldefels per cuidar la seva salut.\",\"breadcrumb\":{\"@id\":\"https:\\\/\\\/clinicaveterinariaelsllops.com\\\/ca\\\/higiene-bucal\\\/#breadcrumb\"},\"inLanguage\":\"ca\",\"potentialAction\":[{\"@type\":\"ReadAction\",\"target\":[\"https:\\\/\\\/clinicaveterinariaelsllops.com\\\/ca\\\/higiene-bucal\\\/\"]}]},{\"@type\":\"BreadcrumbList\",\"@id\":\"https:\\\/\\\/clinicaveterinariaelsllops.com\\\/ca\\\/higiene-bucal\\\/#breadcrumb\",\"itemListElement\":[{\"@type\":\"ListItem\",\"position\":1,\"name\":\"Home\",\"item\":\"https:\\\/\\\/clinicaveterinariaelsllops.com\\\/ca\\\/\"},{\"@type\":\"ListItem\",\"position\":2,\"name\":\"Higiene Bucal\"}]},{\"@type\":\"WebSite\",\"@id\":\"https:\\\/\\\/clinicaveterinariaelsllops.com\\\/ca\\\/#website\",\"url\":\"https:\\\/\\\/clinicaveterinariaelsllops.com\\\/ca\\\/\",\"name\":\"Els Llops Cl\u00ednica Veterin\u00e0ria\",\"description\":\"Els Llops Cl\u00ednica Veterin\u00e0ria de Castelldefels\",\"potentialAction\":[{\"@type\":\"SearchAction\",\"target\":{\"@type\":\"EntryPoint\",\"urlTemplate\":\"https:\\\/\\\/clinicaveterinariaelsllops.com\\\/ca\\\/?s={search_term_string}\"},\"query-input\":{\"@type\":\"PropertyValueSpecification\",\"valueRequired\":true,\"valueName\":\"search_term_string\"}}],\"inLanguage\":\"ca\"}]}<\/script>\n<!-- \/ Yoast SEO plugin. -->","yoast_head_json":{"title":"Higiene bucal mascotes - Els Llops Cl\u00ednica Veterin\u00e0ria de Castelldefels","description":"Realitza una neteja dental a la teva mascota al nostre centre veteriniari de Castelldefels per cuidar la seva salut.","robots":{"index":"index","follow":"follow","max-snippet":"max-snippet:-1","max-image-preview":"max-image-preview:large","max-video-preview":"max-video-preview:-1"},"canonical":"https:\/\/clinicaveterinariaelsllops.com\/ca\/higiene-bucal\/","og_locale":"ca_ES","og_type":"article","og_title":"Higiene bucal mascotes - Els Llops Cl\u00ednica Veterin\u00e0ria de Castelldefels","og_description":"Realitza una neteja dental a la teva mascota al nostre centre veteriniari de Castelldefels per cuidar la seva salut.","og_url":"https:\/\/clinicaveterinariaelsllops.com\/ca\/higiene-bucal\/","og_site_name":"Els Llops Cl\u00ednica Veterin\u00e0ria","article_modified_time":"2026-01-31T11:54:43+00:00","twitter_card":"summary_large_image","twitter_misc":{"Temps estimat de lectura":"6 minuts"},"schema":{"@context":"https:\/\/schema.org","@graph":[{"@type":"WebPage","@id":"https:\/\/clinicaveterinariaelsllops.com\/ca\/higiene-bucal\/","url":"https:\/\/clinicaveterinariaelsllops.com\/ca\/higiene-bucal\/","name":"Higiene bucal mascotes - Els Llops Cl\u00ednica Veterin\u00e0ria de Castelldefels","isPartOf":{"@id":"https:\/\/clinicaveterinariaelsllops.com\/ca\/#website"},"datePublished":"2019-10-30T15:51:29+00:00","dateModified":"2026-01-31T11:54:43+00:00","description":"Realitza una neteja dental a la teva mascota al nostre centre veteriniari de Castelldefels per cuidar la seva salut.","breadcrumb":{"@id":"https:\/\/clinicaveterinariaelsllops.com\/ca\/higiene-bucal\/#breadcrumb"},"inLanguage":"ca","potentialAction":[{"@type":"ReadAction","target":["https:\/\/clinicaveterinariaelsllops.com\/ca\/higiene-bucal\/"]}]},{"@type":"BreadcrumbList","@id":"https:\/\/clinicaveterinariaelsllops.com\/ca\/higiene-bucal\/#breadcrumb","itemListElement":[{"@type":"ListItem","position":1,"name":"Home","item":"https:\/\/clinicaveterinariaelsllops.com\/ca\/"},{"@type":"ListItem","position":2,"name":"Higiene Bucal"}]},{"@type":"WebSite","@id":"https:\/\/clinicaveterinariaelsllops.com\/ca\/#website","url":"https:\/\/clinicaveterinariaelsllops.com\/ca\/","name":"Els Llops Cl\u00ednica Veterin\u00e0ria","description":"Els Llops Cl\u00ednica Veterin\u00e0ria de Castelldefels","potentialAction":[{"@type":"SearchAction","target":{"@type":"EntryPoint","urlTemplate":"https:\/\/clinicaveterinariaelsllops.com\/ca\/?s={search_term_string}"},"query-input":{"@type":"PropertyValueSpecification","valueRequired":true,"valueName":"search_term_string"}}],"inLanguage":"ca"}]}},"_links":{"self":[{"href":"https:\/\/clinicaveterinariaelsllops.com\/ca\/wp-json\/wp\/v2\/pages\/1123","targetHints":{"allow":["GET"]}}],"collection":[{"href":"https:\/\/clinicaveterinariaelsllops.com\/ca\/wp-json\/wp\/v2\/pages"}],"about":[{"href":"https:\/\/clinicaveterinariaelsllops.com\/ca\/wp-json\/wp\/v2\/types\/page"}],"author":[{"embeddable":true,"href":"https:\/\/clinicaveterinariaelsllops.com\/ca\/wp-json\/wp\/v2\/users\/4"}],"replies":[{"embeddable":true,"href":"https:\/\/clinicaveterinariaelsllops.com\/ca\/wp-json\/wp\/v2\/comments?post=1123"}],"version-history":[{"count":5,"href":"https:\/\/clinicaveterinariaelsllops.com\/ca\/wp-json\/wp\/v2\/pages\/1123\/revisions"}],"predecessor-version":[{"id":3353,"href":"https:\/\/clinicaveterinariaelsllops.com\/ca\/wp-json\/wp\/v2\/pages\/1123\/revisions\/3353"}],"wp:attachment":[{"href":"https:\/\/clinicaveterinariaelsllops.com\/ca\/wp-json\/wp\/v2\/media?parent=1123"}],"wp:term":[{"taxonomy":"status","embeddable":true,"href":"https:\/\/clinicaveterinariaelsllops.com\/ca\/wp-json\/wp\/v2\/status?post=1123"}],"curies":[{"name":"wp","href":"https:\/\/api.w.org\/{rel}","templated":true}]}}