{"id":1121,"date":"2019-10-30T14:58:33","date_gmt":"2019-10-30T13:58:33","guid":{"rendered":"http:\/\/clinicaveterinariaelsllops.com\/sobrepeso-mascotas\/"},"modified":"2020-03-18T00:42:44","modified_gmt":"2020-03-17T23:42:44","slug":"sobrepes-mascotes","status":[],"type":"page","link":"https:\/\/clinicaveterinariaelsllops.com\/ca\/sobrepes-mascotes\/","title":{"rendered":"Sobrep\u00e8s mascotes"},"content":{"rendered":"<p>[et_pb_section fb_built=&#8221;1&#8243; _builder_version=&#8221;4.3.2&#8243; background_image=&#8221;http:\/\/clinicaveterinariaelsllops.com\/wp-content\/uploads\/2019\/10\/ElsLlops_Banner_sobrepesomascotas.jpg&#8221; background_position=&#8221;bottom_center&#8221; min_height=&#8221;250px&#8221; locked=&#8221;off&#8221;][et_pb_row _builder_version=&#8221;4.0.2&#8243;][et_pb_column type=&#8221;4_4&#8243; _builder_version=&#8221;4.0.2&#8243;][et_pb_post_title _builder_version=&#8221;4.4.0&#8243;][\/et_pb_post_title][\/et_pb_column][\/et_pb_row][\/et_pb_section][et_pb_section fb_built=&#8221;1&#8243; _builder_version=&#8221;4.0.3&#8243;][et_pb_row column_structure=&#8221;1_2,1_2&#8243; _builder_version=&#8221;4.0.3&#8243;][et_pb_column type=&#8221;1_2&#8243; _builder_version=&#8221;4.0.3&#8243;][et_pb_image src=&#8221;http:\/\/clinicaveterinariaelsllops.com\/wp-content\/uploads\/2020\/03\/els-llops-perro-sobrepeso.jpg&#8221; _builder_version=&#8221;4.3.4&#8243; custom_margin=&#8221;0px||||false|false&#8221;][\/et_pb_image][\/et_pb_column][et_pb_column type=&#8221;1_2&#8243; _builder_version=&#8221;4.0.3&#8243;][et_pb_text _builder_version=&#8221;4.0.3&#8243; custom_margin=&#8221;||11px|||&#8221;]<\/p>\n<h2 class=\"wsite-content-title\"><span>Ajudem la teva mascota a reduir l&#8217;exc\u00e9s de pes i estar en bona forma<\/span><\/h2>\n<div class=\"paragraph\"><span>Si has detectat que el teu animal de companyia li sobren alguns quilos, posa remei durant aquests mesos. \u00c9s un bon moment per revisar si la teva mascota t\u00e9 sobrep\u00e8s, ja que pot afectar seriosament a la seva salut.<\/p>\n<p>\u200bA\u00a0<\/span><span>Els Llops\u00a0<\/span><span>Cl\u00ednica Veterin\u00e0ria de Castelldefels ajudem a la teva mascota a mantenir la seva l\u00ednia perqu\u00e8 estigui en bona forma i saludable. T&#8217;ajudem a tractar aquest aspecte tan important de la teva mascota.\u00a0<\/span><\/div>\n<div class=\"paragraph\"><\/div>\n<p>[\/et_pb_text][\/et_pb_column][\/et_pb_row][et_pb_row _builder_version=&#8221;4.3.4&#8243;][et_pb_column type=&#8221;4_4&#8243; _builder_version=&#8221;4.3.4&#8243;][et_pb_text _builder_version=&#8221;4.4.0&#8243; custom_margin=&#8221;||-4px|||&#8221; custom_padding=&#8221;||6px|||&#8221; hover_enabled=&#8221;0&#8243;]<\/p>\n<h2 class=\"wsite-content-title\" style=\"text-align: center;\"><span style=\"color: #008c95;\">La salut de la teva mascota \u00e9s el m\u00e9s important:\u00a0<\/span><\/h2>\n<p>[\/et_pb_text][\/et_pb_column][\/et_pb_row][et_pb_row column_structure=&#8221;1_3,1_3,1_3&#8243; _builder_version=&#8221;4.3.4&#8243;][et_pb_column type=&#8221;1_3&#8243; _builder_version=&#8221;4.3.4&#8243;][et_pb_text _builder_version=&#8221;4.4.0&#8243; custom_margin=&#8221;||-2px|||&#8221; custom_padding=&#8221;||20px|||&#8221; hover_enabled=&#8221;0&#8243;]<\/p>\n<p><span><img loading=\"lazy\" decoding=\"async\" src=\"http:\/\/clinicaveterinariaelsllops.com\/wp-content\/uploads\/2019\/10\/Elsllops_icono_lupa-300x300.jpg\" width=\"50\" height=\"50\" alt=\"\" class=\"wp-image-383 alignnone size-medium\" style=\"float: left;\" \/><\/span><\/p>\n<p><span>Revisi\u00f3 i An\u00e0lisi<\/span><\/p>\n<p>[\/et_pb_text][\/et_pb_column][et_pb_column type=&#8221;1_3&#8243; _builder_version=&#8221;4.3.4&#8243;][et_pb_text _builder_version=&#8221;4.4.0&#8243; custom_margin=&#8221;||-2px|||&#8221; custom_padding=&#8221;||17px|||&#8221; hover_enabled=&#8221;0&#8243;]<\/p>\n<p><span><img loading=\"lazy\" decoding=\"async\" src=\"http:\/\/clinicaveterinariaelsllops.com\/wp-content\/uploads\/2019\/10\/ElsLlops_icono_tes-300x300.jpg\" width=\"52\" height=\"52\" alt=\"\" class=\"wp-image-385 alignnone size-medium\" style=\"float: left;\" \/><\/span><\/p>\n<p><span>Diagn\u00f2stic<\/span><\/p>\n<p>[\/et_pb_text][\/et_pb_column][et_pb_column type=&#8221;1_3&#8243; _builder_version=&#8221;4.3.4&#8243;][et_pb_text _builder_version=&#8221;4.4.0&#8243; custom_margin=&#8221;||-2px|||&#8221; custom_padding=&#8221;||17px|||&#8221; hover_enabled=&#8221;0&#8243;]<\/p>\n<p><img loading=\"lazy\" decoding=\"async\" src=\"http:\/\/clinicaveterinariaelsllops.com\/wp-content\/uploads\/2019\/10\/ElsLlops_Food-300x300.jpg\" width=\"56\" height=\"56\" alt=\"\" class=\"wp-image-387 alignnone size-medium\" style=\"float: left;\" \/><span style=\"font-size: 14px;\"><\/span><\/p>\n<p><span style=\"font-size: 14px;\">Dieta Veterin\u00e0ria<\/span><\/p>\n<p>[\/et_pb_text][\/et_pb_column][\/et_pb_row][\/et_pb_section][et_pb_section fb_built=&#8221;1&#8243; _builder_version=&#8221;4.0.3&#8243; background_color=&#8221;#ebecec&#8221;][et_pb_row _builder_version=&#8221;4.0.3&#8243;][et_pb_column type=&#8221;4_4&#8243; _builder_version=&#8221;4.0.3&#8243;][et_pb_text _builder_version=&#8221;4.0.3&#8243;]<\/p>\n<h2 class=\"wsite-content-title\" style=\"text-align: center;\"><span style=\"color: #008c95;\">Per qu\u00e8 la teva mascota t\u00e9 sobrep\u00e8s?<\/span><\/h2>\n<div>\n<div class=\"wsite-multicol\">\n<div class=\"wsite-multicol-table-wrap\"><\/div>\n<\/div>\n<\/div>\n<p>[\/et_pb_text][\/et_pb_column][\/et_pb_row][et_pb_row column_structure=&#8221;1_2,1_2&#8243; _builder_version=&#8221;4.0.3&#8243;][et_pb_column type=&#8221;1_2&#8243; _builder_version=&#8221;4.0.3&#8243;][et_pb_text _builder_version=&#8221;4.0.3&#8243;]<\/p>\n<p><span>Recon\u00e8ixer que la teva mascota t\u00e9 uns quilos de m\u00e9s \u00e9s el primer pas per posar-li remei. \u00c9s important perqu\u00e8 els animals amb exc\u00e9s de pes tenen m\u00e9s probabilitats de patir malalties com poden ser la diabetis o l&#8217;artrosi.\u00a0<\/span><br \/><span>\u200b<\/span><br \/><span>L&#8217;obesitat pot tenir el seu origen en una dieta inadequada. Si la teva mascota presenta un exc\u00e9s de calories, vol dir que ingereix m\u00e9s de les que consumeix. Per aix\u00f2 \u00e9s convenient que augmenti la seva activitat i exercici.<\/span><\/p>\n<p><span>La predisposici\u00f3 gen\u00e8tica \u00e9s un altre factor a tenir en compte. Has de saber que certes races s\u00f3n m\u00e9s propenses a ser obeses mentre que altres guanyen pes amb m\u00e9s facilitat. \u00c9s el cas dels Cocker, Beagle o Llaurador.\u00a0<\/span><br \/><span>\u200b<\/span><br \/><span>D&#8217;altra banda, els desequilibris hormonals tamb\u00e9 tenen un impacte en el pes corporal del teu gos o gat. I si la teva mascota est\u00e0 esterilitzada, tamb\u00e9 \u00e9s probable que augmenti de pes.<\/span><\/p>\n<p>[\/et_pb_text][\/et_pb_column][et_pb_column type=&#8221;1_2&#8243; _builder_version=&#8221;4.0.3&#8243;][et_pb_image src=&#8221;http:\/\/clinicaveterinariaelsllops.com\/wp-content\/uploads\/2019\/10\/shutterstock-398519896-7_orig.jpg&#8221; _builder_version=&#8221;4.0.3&#8243;][\/et_pb_image][et_pb_text _builder_version=&#8221;4.0.3&#8243;]<\/p>\n<p><span style=\"color: #008c95; font-size: x-large;\"><strong><span>Al nostre centre veterinari de Castelldefels t&#8217;ajudem a prevenir i combatre el sobrep\u00e8s en la teva mascota.<\/span><\/strong><\/span><\/p>\n<p>[\/et_pb_text][\/et_pb_column][\/et_pb_row][et_pb_row _builder_version=&#8221;4.0.3&#8243;][et_pb_column type=&#8221;4_4&#8243; _builder_version=&#8221;4.0.3&#8243;][et_pb_button button_url=&#8221;@ET-DC@eyJkeW5hbWljIjp0cnVlLCJjb250ZW50IjoicG9zdF9saW5rX3VybF9wb3N0Iiwic2V0dGluZ3MiOnsicG9zdF9pZCI6IjgwIn19@&#8221; button_text=&#8221;Llegir m\u00e9s sobre dietes veterin\u00e0ries i mascotes&#8221; button_alignment=&#8221;center&#8221; _builder_version=&#8221;4.4.0&#8243; _dynamic_attributes=&#8221;button_url&#8221; hover_enabled=&#8221;0&#8243;][\/et_pb_button][\/et_pb_column][\/et_pb_row][et_pb_row _builder_version=&#8221;4.0.3&#8243; custom_padding=&#8221;||40px|||&#8221;][et_pb_column type=&#8221;4_4&#8243; _builder_version=&#8221;4.0.3&#8243;][et_pb_divider _builder_version=&#8221;4.0.3&#8243;][\/et_pb_divider][et_pb_text _builder_version=&#8221;4.0.3&#8243;]<\/p>\n<div class=\"paragraph\" style=\"text-align: center;\">\n<div class=\"paragraph\"><span>Ara tenir cura de la teva mascota \u00e9s m\u00e9s f\u00e0cil. Ja pots fraccionar els pagaments dels productes i serveis veterinaris que facis al nostre centre. T&#8217;ajudem a cuidar de la teva mascota amb el\u00a0<\/span><strong>PAGAMENT FRACCIONAT FRAKMENTA.\u00a0<\/strong>\u200b<\/div>\n<div><\/div>\n<\/div>\n<div><\/div>\n<p>[\/et_pb_text][et_pb_button button_url=&#8221;@ET-DC@eyJkeW5hbWljIjp0cnVlLCJjb250ZW50IjoicG9zdF9saW5rX3VybF9wYWdlIiwic2V0dGluZ3MiOnsicG9zdF9pZCI6IjI2NyJ9fQ==@&#8221; button_text=&#8221;Frakmenta&#8221; button_alignment=&#8221;center&#8221; _builder_version=&#8221;4.4.0&#8243; hover_enabled=&#8221;0&#8243; _dynamic_attributes=&#8221;button_url&#8221;][\/et_pb_button][\/et_pb_column][\/et_pb_row][\/et_pb_section]<\/p>\n","protected":false},"excerpt":{"rendered":"<p>Ajudem la teva mascota a reduir l&#8217;exc\u00e9s de pes i estar en bona forma Si has detectat que el teu animal de companyia li sobren alguns quilos, posa remei durant aquests mesos. \u00c9s un bon moment per revisar si la teva mascota t\u00e9 sobrep\u00e8s, ja que pot afectar seriosament a la seva salut.\u200bA\u00a0Els Llops\u00a0Cl\u00ednica Veterin\u00e0ria [&hellip;]<\/p>\n","protected":false},"author":4,"featured_media":0,"parent":0,"menu_order":0,"comment_status":"closed","ping_status":"closed","template":"","meta":{"_et_pb_use_builder":"on","_et_pb_old_content":"","_et_gb_content_width":"","footnotes":""},"class_list":["post-1121","page","type-page","status-publish","hentry"],"yoast_head":"<!-- This site is optimized with the Yoast SEO plugin v27.4 - https:\/\/yoast.com\/product\/yoast-seo-wordpress\/ -->\n<title>Sobrep\u00e8s mascotes - Els Llops Cl\u00ednica Veterin\u00e0ria<\/title>\n<meta name=\"robots\" content=\"index, follow, max-snippet:-1, max-image-preview:large, max-video-preview:-1\" \/>\n<link rel=\"canonical\" href=\"https:\/\/clinicaveterinariaelsllops.com\/ca\/sobrepes-mascotes\/\" \/>\n<meta property=\"og:locale\" content=\"ca_ES\" \/>\n<meta property=\"og:type\" content=\"article\" \/>\n<meta property=\"og:title\" content=\"Sobrep\u00e8s mascotes - Els Llops Cl\u00ednica Veterin\u00e0ria\" \/>\n<meta property=\"og:description\" content=\"Ajudem la teva mascota a reduir l&#039;exc\u00e9s de pes i estar en bona forma Si has detectat que el teu animal de companyia li sobren alguns quilos, posa remei durant aquests mesos. \u00c9s un bon moment per revisar si la teva mascota t\u00e9 sobrep\u00e8s, ja que pot afectar seriosament a la seva salut.\u200bA\u00a0Els Llops\u00a0Cl\u00ednica Veterin\u00e0ria [&hellip;]\" \/>\n<meta property=\"og:url\" content=\"https:\/\/clinicaveterinariaelsllops.com\/ca\/sobrepes-mascotes\/\" \/>\n<meta property=\"og:site_name\" content=\"Els Llops Cl\u00ednica Veterin\u00e0ria\" \/>\n<meta property=\"article:modified_time\" content=\"2020-03-17T23:42:44+00:00\" \/>\n<meta property=\"og:image\" content=\"http:\/\/clinicaveterinariaelsllops.com\/wp-content\/uploads\/2019\/10\/Elsllops_icono_lupa-300x300.jpg\" \/>\n<meta name=\"twitter:card\" content=\"summary_large_image\" \/>\n<meta name=\"twitter:label1\" content=\"Temps estimat de lectura\" \/>\n\t<meta name=\"twitter:data1\" content=\"4 minuts\" \/>\n<script type=\"application\/ld+json\" class=\"yoast-schema-graph\">{\"@context\":\"https:\\\/\\\/schema.org\",\"@graph\":[{\"@type\":\"WebPage\",\"@id\":\"https:\\\/\\\/clinicaveterinariaelsllops.com\\\/ca\\\/sobrepes-mascotes\\\/\",\"url\":\"https:\\\/\\\/clinicaveterinariaelsllops.com\\\/ca\\\/sobrepes-mascotes\\\/\",\"name\":\"Sobrep\u00e8s mascotes - Els Llops Cl\u00ednica Veterin\u00e0ria\",\"isPartOf\":{\"@id\":\"https:\\\/\\\/clinicaveterinariaelsllops.com\\\/ca\\\/#website\"},\"primaryImageOfPage\":{\"@id\":\"https:\\\/\\\/clinicaveterinariaelsllops.com\\\/ca\\\/sobrepes-mascotes\\\/#primaryimage\"},\"image\":{\"@id\":\"https:\\\/\\\/clinicaveterinariaelsllops.com\\\/ca\\\/sobrepes-mascotes\\\/#primaryimage\"},\"thumbnailUrl\":\"http:\\\/\\\/clinicaveterinariaelsllops.com\\\/wp-content\\\/uploads\\\/2019\\\/10\\\/Elsllops_icono_lupa-300x300.jpg\",\"datePublished\":\"2019-10-30T13:58:33+00:00\",\"dateModified\":\"2020-03-17T23:42:44+00:00\",\"breadcrumb\":{\"@id\":\"https:\\\/\\\/clinicaveterinariaelsllops.com\\\/ca\\\/sobrepes-mascotes\\\/#breadcrumb\"},\"inLanguage\":\"ca\",\"potentialAction\":[{\"@type\":\"ReadAction\",\"target\":[\"https:\\\/\\\/clinicaveterinariaelsllops.com\\\/ca\\\/sobrepes-mascotes\\\/\"]}]},{\"@type\":\"ImageObject\",\"inLanguage\":\"ca\",\"@id\":\"https:\\\/\\\/clinicaveterinariaelsllops.com\\\/ca\\\/sobrepes-mascotes\\\/#primaryimage\",\"url\":\"http:\\\/\\\/clinicaveterinariaelsllops.com\\\/wp-content\\\/uploads\\\/2019\\\/10\\\/Elsllops_icono_lupa-300x300.jpg\",\"contentUrl\":\"http:\\\/\\\/clinicaveterinariaelsllops.com\\\/wp-content\\\/uploads\\\/2019\\\/10\\\/Elsllops_icono_lupa-300x300.jpg\"},{\"@type\":\"BreadcrumbList\",\"@id\":\"https:\\\/\\\/clinicaveterinariaelsllops.com\\\/ca\\\/sobrepes-mascotes\\\/#breadcrumb\",\"itemListElement\":[{\"@type\":\"ListItem\",\"position\":1,\"name\":\"Home\",\"item\":\"https:\\\/\\\/clinicaveterinariaelsllops.com\\\/ca\\\/\"},{\"@type\":\"ListItem\",\"position\":2,\"name\":\"Sobrep\u00e8s mascotes\"}]},{\"@type\":\"WebSite\",\"@id\":\"https:\\\/\\\/clinicaveterinariaelsllops.com\\\/ca\\\/#website\",\"url\":\"https:\\\/\\\/clinicaveterinariaelsllops.com\\\/ca\\\/\",\"name\":\"Els Llops Cl\u00ednica Veterin\u00e0ria\",\"description\":\"Els Llops Cl\u00ednica Veterin\u00e0ria de Castelldefels\",\"potentialAction\":[{\"@type\":\"SearchAction\",\"target\":{\"@type\":\"EntryPoint\",\"urlTemplate\":\"https:\\\/\\\/clinicaveterinariaelsllops.com\\\/ca\\\/?s={search_term_string}\"},\"query-input\":{\"@type\":\"PropertyValueSpecification\",\"valueRequired\":true,\"valueName\":\"search_term_string\"}}],\"inLanguage\":\"ca\"}]}<\/script>\n<!-- \/ Yoast SEO plugin. -->","yoast_head_json":{"title":"Sobrep\u00e8s mascotes - Els Llops Cl\u00ednica Veterin\u00e0ria","robots":{"index":"index","follow":"follow","max-snippet":"max-snippet:-1","max-image-preview":"max-image-preview:large","max-video-preview":"max-video-preview:-1"},"canonical":"https:\/\/clinicaveterinariaelsllops.com\/ca\/sobrepes-mascotes\/","og_locale":"ca_ES","og_type":"article","og_title":"Sobrep\u00e8s mascotes - Els Llops Cl\u00ednica Veterin\u00e0ria","og_description":"Ajudem la teva mascota a reduir l'exc\u00e9s de pes i estar en bona forma Si has detectat que el teu animal de companyia li sobren alguns quilos, posa remei durant aquests mesos. \u00c9s un bon moment per revisar si la teva mascota t\u00e9 sobrep\u00e8s, ja que pot afectar seriosament a la seva salut.\u200bA\u00a0Els Llops\u00a0Cl\u00ednica Veterin\u00e0ria [&hellip;]","og_url":"https:\/\/clinicaveterinariaelsllops.com\/ca\/sobrepes-mascotes\/","og_site_name":"Els Llops Cl\u00ednica Veterin\u00e0ria","article_modified_time":"2020-03-17T23:42:44+00:00","og_image":[{"url":"http:\/\/clinicaveterinariaelsllops.com\/wp-content\/uploads\/2019\/10\/Elsllops_icono_lupa-300x300.jpg","type":"","width":"","height":""}],"twitter_card":"summary_large_image","twitter_misc":{"Temps estimat de lectura":"4 minuts"},"schema":{"@context":"https:\/\/schema.org","@graph":[{"@type":"WebPage","@id":"https:\/\/clinicaveterinariaelsllops.com\/ca\/sobrepes-mascotes\/","url":"https:\/\/clinicaveterinariaelsllops.com\/ca\/sobrepes-mascotes\/","name":"Sobrep\u00e8s mascotes - Els Llops Cl\u00ednica Veterin\u00e0ria","isPartOf":{"@id":"https:\/\/clinicaveterinariaelsllops.com\/ca\/#website"},"primaryImageOfPage":{"@id":"https:\/\/clinicaveterinariaelsllops.com\/ca\/sobrepes-mascotes\/#primaryimage"},"image":{"@id":"https:\/\/clinicaveterinariaelsllops.com\/ca\/sobrepes-mascotes\/#primaryimage"},"thumbnailUrl":"http:\/\/clinicaveterinariaelsllops.com\/wp-content\/uploads\/2019\/10\/Elsllops_icono_lupa-300x300.jpg","datePublished":"2019-10-30T13:58:33+00:00","dateModified":"2020-03-17T23:42:44+00:00","breadcrumb":{"@id":"https:\/\/clinicaveterinariaelsllops.com\/ca\/sobrepes-mascotes\/#breadcrumb"},"inLanguage":"ca","potentialAction":[{"@type":"ReadAction","target":["https:\/\/clinicaveterinariaelsllops.com\/ca\/sobrepes-mascotes\/"]}]},{"@type":"ImageObject","inLanguage":"ca","@id":"https:\/\/clinicaveterinariaelsllops.com\/ca\/sobrepes-mascotes\/#primaryimage","url":"http:\/\/clinicaveterinariaelsllops.com\/wp-content\/uploads\/2019\/10\/Elsllops_icono_lupa-300x300.jpg","contentUrl":"http:\/\/clinicaveterinariaelsllops.com\/wp-content\/uploads\/2019\/10\/Elsllops_icono_lupa-300x300.jpg"},{"@type":"BreadcrumbList","@id":"https:\/\/clinicaveterinariaelsllops.com\/ca\/sobrepes-mascotes\/#breadcrumb","itemListElement":[{"@type":"ListItem","position":1,"name":"Home","item":"https:\/\/clinicaveterinariaelsllops.com\/ca\/"},{"@type":"ListItem","position":2,"name":"Sobrep\u00e8s mascotes"}]},{"@type":"WebSite","@id":"https:\/\/clinicaveterinariaelsllops.com\/ca\/#website","url":"https:\/\/clinicaveterinariaelsllops.com\/ca\/","name":"Els Llops Cl\u00ednica Veterin\u00e0ria","description":"Els Llops Cl\u00ednica Veterin\u00e0ria de Castelldefels","potentialAction":[{"@type":"SearchAction","target":{"@type":"EntryPoint","urlTemplate":"https:\/\/clinicaveterinariaelsllops.com\/ca\/?s={search_term_string}"},"query-input":{"@type":"PropertyValueSpecification","valueRequired":true,"valueName":"search_term_string"}}],"inLanguage":"ca"}]}},"_links":{"self":[{"href":"https:\/\/clinicaveterinariaelsllops.com\/ca\/wp-json\/wp\/v2\/pages\/1121","targetHints":{"allow":["GET"]}}],"collection":[{"href":"https:\/\/clinicaveterinariaelsllops.com\/ca\/wp-json\/wp\/v2\/pages"}],"about":[{"href":"https:\/\/clinicaveterinariaelsllops.com\/ca\/wp-json\/wp\/v2\/types\/page"}],"author":[{"embeddable":true,"href":"https:\/\/clinicaveterinariaelsllops.com\/ca\/wp-json\/wp\/v2\/users\/4"}],"replies":[{"embeddable":true,"href":"https:\/\/clinicaveterinariaelsllops.com\/ca\/wp-json\/wp\/v2\/comments?post=1121"}],"version-history":[{"count":0,"href":"https:\/\/clinicaveterinariaelsllops.com\/ca\/wp-json\/wp\/v2\/pages\/1121\/revisions"}],"wp:attachment":[{"href":"https:\/\/clinicaveterinariaelsllops.com\/ca\/wp-json\/wp\/v2\/media?parent=1121"}],"wp:term":[{"taxonomy":"status","embeddable":true,"href":"https:\/\/clinicaveterinariaelsllops.com\/ca\/wp-json\/wp\/v2\/status?post=1121"}],"curies":[{"name":"wp","href":"https:\/\/api.w.org\/{rel}","templated":true}]}}