{"id":1071,"date":"2019-10-29T17:29:44","date_gmt":"2019-10-29T16:29:44","guid":{"rendered":"http:\/\/clinicaveterinariaelsllops.com\/frakmenta\/"},"modified":"2022-06-01T10:34:28","modified_gmt":"2022-06-01T08:34:28","slug":"frakmenta","status":[],"type":"page","link":"https:\/\/clinicaveterinariaelsllops.com\/ca\/frakmenta\/","title":{"rendered":"Frakmenta"},"content":{"rendered":"<p>[et_pb_section fb_built=&#8221;1&#8243; next_background_color=&#8221;#ffffff&#8221; _builder_version=&#8221;4.16&#8243; use_background_color_gradient=&#8221;on&#8221; background_color_gradient_direction=&#8221;100deg&#8221; background_color_gradient_stops=&#8221;#686868 0%|rgba(0,0,0,0) 82%&#8221; background_color_gradient_overlays_image=&#8221;on&#8221; background_color_gradient_start=&#8221;#686868&#8243; background_color_gradient_end=&#8221;rgba(0,0,0,0)&#8221; background_color_gradient_end_position=&#8221;82%&#8221; background_image=&#8221;http:\/\/clinicaveterinariaelsllops.com\/wp-content\/uploads\/2020\/02\/els_llops_noticias_recortado-1.jpg&#8221; background_position=&#8221;top_center&#8221; min_height=&#8221;250px&#8221; bottom_divider_style=&#8221;wave&#8221; bottom_divider_height=&#8221;60px&#8221; locked=&#8221;off&#8221; global_colors_info=&#8221;{}&#8221;][et_pb_row _builder_version=&#8221;4.16&#8243; global_colors_info=&#8221;{}&#8221;][et_pb_column type=&#8221;4_4&#8243; _builder_version=&#8221;4.16&#8243; global_colors_info=&#8221;{}&#8221;][et_pb_text _builder_version=&#8221;4.16&#8243; header_text_color=&#8221;#ffffff&#8221; header_font_size=&#8221;50px&#8221; global_colors_info=&#8221;{}&#8221;]<\/p>\n<h1 class=\"raleway default-transform desktop\" style=\"text-align: center\">Frakmenta<\/h1>\n<p>[\/et_pb_text][\/et_pb_column][\/et_pb_row][\/et_pb_section][et_pb_section fb_built=&#8221;1&#8243; _builder_version=&#8221;4.16&#8243; custom_padding=&#8221;||48px|||&#8221; global_colors_info=&#8221;{}&#8221;][et_pb_row _builder_version=&#8221;4.16&#8243; custom_margin=&#8221;-19px|auto||auto||&#8221; custom_padding=&#8221;||28px|||&#8221; global_colors_info=&#8221;{}&#8221;][et_pb_column type=&#8221;4_4&#8243; _builder_version=&#8221;4.16&#8243; global_colors_info=&#8221;{}&#8221;][et_pb_text _builder_version=&#8221;4.16&#8243; global_colors_info=&#8221;{}&#8221;]<\/p>\n<h2 style=\"text-align: center\"><span style=\"color: #008c95\">Ahora cuidar de tu mascota es m\u00e1s f\u00e1cil<\/span><\/h2>\n<p>[\/et_pb_text][et_pb_text _builder_version=&#8221;4.16&#8243; global_colors_info=&#8221;{}&#8221;]<\/p>\n<div class=\"paragraph\" style=\"text-align: center\">\n<div class=\"paragraph\"><strong><span>Ya puedes fraccionar los pagos de los productos y servicios veterinarios que realices en nuestro centro.<\/span><\/strong><\/div>\n<div><\/div>\n<\/div>\n<div><\/div>\n<p>[\/et_pb_text][et_pb_image src=&#8221;http:\/\/clinicaveterinariaelsllops.com\/wp-content\/uploads\/2019\/10\/Separador-els-llops-scaled.jpg&#8221; _builder_version=&#8221;4.17.3&#8243; hover_enabled=&#8221;0&#8243; global_colors_info=&#8221;{}&#8221; align=&#8221;center&#8221; sticky_enabled=&#8221;0&#8243;][\/et_pb_image][\/et_pb_column][\/et_pb_row][et_pb_row column_structure=&#8221;1_2,1_2&#8243; _builder_version=&#8221;4.16&#8243; global_colors_info=&#8221;{}&#8221;][et_pb_column type=&#8221;1_2&#8243; _builder_version=&#8221;4.16&#8243; global_colors_info=&#8221;{}&#8221;][et_pb_text _builder_version=&#8221;4.16&#8243; custom_padding=&#8221;||3px|||&#8221; global_colors_info=&#8221;{}&#8221;]<\/p>\n<p><span>\u200bEn\u00a0<\/span><span>Els Llops\u00a0<\/span><span><span style=\"color: #008f98\">Cl\u00ednica Veterinaria de Castelldefels<\/span><\/span><span>\u00a0nos preocupamos por la salud de tu mascota, pero tambi\u00e9n sabemos que las necesidades sanitarias de vuestro perro o gato pueden hacer mella en la econom\u00eda dom\u00e9stica. Por ese motivo, hemos buscado una herramienta financiera para ayudaros a cuidar de ellos sin que os suponga un esfuerzo econ\u00f3mico excesivo.<\/span><\/p>\n<p><span><\/span><\/p>\n<div class=\"paragraph\">Esta herramienta se llama Frakmenta y es tan f\u00e1cil como pagar con tu tarjeta. Te permite fraccionar pagos entre 59\u20ac y 1000\u20ac hasta en 12 meses, sin n\u00f3minas ni papeleo. Puedes elegir el n\u00famero de cuotas, la carencia, conocer\u00e1s el coste exacto por recibo&#8230; Recibir\u00e1s un sms en tu m\u00f3vil con todas las condiciones.\u00a0 \u00a0\u00a0<\/div>\n<div><\/div>\n<p>[\/et_pb_text][et_pb_image src=&#8221;http:\/\/clinicaveterinariaelsllops.com\/wp-content\/uploads\/2020\/02\/els_llops_servicios_general.jpg&#8221; _builder_version=&#8221;4.16&#8243; global_colors_info=&#8221;{}&#8221;][\/et_pb_image][\/et_pb_column][et_pb_column type=&#8221;1_2&#8243; _builder_version=&#8221;4.16&#8243; global_colors_info=&#8221;{}&#8221;][et_pb_text _builder_version=&#8221;4.16&#8243; text_font_size=&#8221;20px&#8221; global_colors_info=&#8221;{}&#8221;]<\/p>\n<p><span>Es\u00a0<\/span><span style=\"color: #008f98\">muy f\u00e1cil, seguro y r\u00e1pido<\/span><span>. Solo tienes que elegir el\/los servicios que vas a pagar a plazos, y seguiremos los siguientes pasos:<\/span><\/p>\n<p>[\/et_pb_text][et_pb_text _builder_version=&#8221;4.16&#8243; text_font_size=&#8221;20px&#8221; min_height=&#8221;109px&#8221; custom_margin=&#8221;||47px|||&#8221; global_colors_info=&#8221;{}&#8221;]<\/p>\n<div class=\"paragraph\"><span><img loading=\"lazy\" decoding=\"async\" src=\"http:\/\/clinicaveterinariaelsllops.com\/wp-content\/uploads\/2019\/10\/frakmenta1.jpg\" width=\"140\" height=\"126\" alt=\"\" class=\"wp-image-279 alignnone size-full\" style=\"float: left\" \/>\u200b<\/span><\/div>\n<div class=\"paragraph\"><span><\/span><\/div>\n<div class=\"paragraph\"><span><\/span><\/div>\n<div class=\"paragraph\"><span><\/span><\/div>\n<div class=\"paragraph\"><span><\/span><\/div>\n<div class=\"paragraph\"><span><\/span><\/div>\n<div class=\"paragraph\"><span style=\"font-size: 20px\"><span>Introducimos tu tarjeta,\u00a0<\/span><span>eliges los plazos en los que deseas pagar<\/span><span>\u00a0y tecleamos tu n\u00famero de m\u00f3vil.<\/span> <\/span><\/div>\n<p>[\/et_pb_text][et_pb_text _builder_version=&#8221;4.16&#8243; text_font_size=&#8221;20px&#8221; min_height=&#8221;135px&#8221; custom_padding=&#8221;||0px|||&#8221; global_colors_info=&#8221;{}&#8221;]<\/p>\n<div class=\"paragraph\"><span><img loading=\"lazy\" decoding=\"async\" src=\"http:\/\/clinicaveterinariaelsllops.com\/wp-content\/uploads\/2019\/10\/frakmenta2.jpg\" width=\"131\" height=\"118\" alt=\"\" class=\"wp-image-277 alignnone size-full\" style=\"float: left\" \/>\u200b<\/span><\/div>\n<div class=\"paragraph\"><span><\/span><\/div>\n<div class=\"paragraph\"><span><\/span><\/div>\n<div class=\"paragraph\"><span><\/span><\/div>\n<div class=\"paragraph\"><span><\/span><\/div>\n<div class=\"paragraph\"><span><\/span><\/div>\n<div class=\"paragraph\"><span>Recibir\u00e1s en tu m\u00f3vil\u00a0<\/span>informaci\u00f3n inmediata de tu compra, valida tu DNI y acepta la compra.<\/div>\n<p>&nbsp;<\/p>\n<p>[\/et_pb_text][et_pb_text _builder_version=&#8221;4.16&#8243; text_font_size=&#8221;20px&#8221; global_colors_info=&#8221;{}&#8221;]<\/p>\n<p><span><img loading=\"lazy\" decoding=\"async\" src=\"http:\/\/clinicaveterinariaelsllops.com\/wp-content\/uploads\/2019\/10\/frakmenta3.jpg\" width=\"118\" height=\"111\" alt=\"\" class=\"wp-image-275 alignnone size-full\" style=\"float: left\" \/><\/span><\/p>\n<p><span>Nosotros recibiremos la confirmaci\u00f3n del pago y t\u00fa un\u00a0<\/span><span>sms en tu m\u00f3vil con todas la condiciones.<\/span><\/p>\n<p>[\/et_pb_text][\/et_pb_column][\/et_pb_row][et_pb_row column_structure=&#8221;1_3,1_3,1_3&#8243; _builder_version=&#8221;4.16&#8243; global_colors_info=&#8221;{}&#8221;][et_pb_column type=&#8221;1_3&#8243; _builder_version=&#8221;4.16&#8243; global_colors_info=&#8221;{}&#8221;][et_pb_text _builder_version=&#8221;4.16&#8243; text_font_size=&#8221;20px&#8221; min_height=&#8221;60px&#8221; global_colors_info=&#8221;{}&#8221;]<\/p>\n<p><span style=\"color: #008f98\"><span>\u00a0<img loading=\"lazy\" decoding=\"async\" src=\"http:\/\/clinicaveterinariaelsllops.com\/wp-content\/uploads\/2019\/10\/ElsLlops_fracciona-pagos-300x281.jpg\" width=\"83\" height=\"78\" alt=\"\" class=\"wp-image-287 alignnone size-medium\" style=\"float: left\" \/>Fracciona pagos<\/span>\u00a0<\/span><span style=\"color: #555555\">entre 59 \u20ac y 1.000 \u20ac hasta en 12 meses.<\/span><\/p>\n<p>[\/et_pb_text][\/et_pb_column][et_pb_column type=&#8221;1_3&#8243; _builder_version=&#8221;4.16&#8243; global_colors_info=&#8221;{}&#8221;][et_pb_text _builder_version=&#8221;4.16&#8243; text_font_size=&#8221;20px&#8221; global_colors_info=&#8221;{}&#8221;]<\/p>\n<p><span><img loading=\"lazy\" decoding=\"async\" src=\"http:\/\/clinicaveterinariaelsllops.com\/wp-content\/uploads\/2019\/10\/ElsLlops_cualquier-tarjeta-300x281.jpg\" width=\"86\" height=\"81\" alt=\"\" class=\"wp-image-285 alignnone size-medium\" style=\"float: left\" \/>Funciona con\u00a0<\/span><span style=\"color: #008f98\">cualquier tarjeta<\/span><span>\u00a0de cr\u00e9dito o d\u00e9bito.<\/span><\/p>\n<p>[\/et_pb_text][\/et_pb_column][et_pb_column type=&#8221;1_3&#8243; _builder_version=&#8221;4.16&#8243; global_colors_info=&#8221;{}&#8221;][et_pb_text _builder_version=&#8221;4.16&#8243; text_font_size=&#8221;20px&#8221; global_colors_info=&#8221;{}&#8221;]<\/p>\n<p><span><img loading=\"lazy\" decoding=\"async\" src=\"http:\/\/clinicaveterinariaelsllops.com\/wp-content\/uploads\/2019\/10\/ElsLlops_sin-papeleos-300x281.jpg\" width=\"79\" height=\"74\" alt=\"\" class=\"wp-image-289 alignnone size-medium\" style=\"float: left\" \/><\/span><span>R\u00e1pido, transparente seguro\u00a0<\/span><span style=\"color: #008f98\">y\u00a0<span>sin papeleo<\/span><\/span><span>.<\/span><\/p>\n<p>[\/et_pb_text][\/et_pb_column][\/et_pb_row][et_pb_row _builder_version=&#8221;4.16&#8243; global_colors_info=&#8221;{}&#8221;][et_pb_column type=&#8221;4_4&#8243; _builder_version=&#8221;4.16&#8243; global_colors_info=&#8221;{}&#8221;][et_pb_image src=&#8221;http:\/\/clinicaveterinariaelsllops.com\/wp-content\/uploads\/2019\/10\/ElsLlops_recuadro_frakmenta_ESP.jpg&#8221; _builder_version=&#8221;4.16&#8243; global_colors_info=&#8221;{}&#8221;][\/et_pb_image][et_pb_text _builder_version=&#8221;4.16&#8243; global_colors_info=&#8221;{}&#8221;]<\/p>\n<p style=\"text-align: center\"><em><span>\u200bSe cobrar\u00e1 en la primera cuota la comisi\u00f3n financiera total = coste por recibo multiplicado por el numero de recibos*<\/span><\/em><br \/><em><span>* Cuota m\u00ednima 10\u20ac. Por ejemplo, 60\u20ac s\u00f3lo podr\u00e1n ser aplazados, como m\u00e1ximo, en 6 plazos de 10\u20ac cada uno<\/span><\/em><\/p>\n<p>[\/et_pb_text][et_pb_text _builder_version=&#8221;4.16&#8243; global_colors_info=&#8221;{}&#8221;]<\/p>\n<h2 class=\"wsite-content-title\" style=\"text-align: center\"><span style=\"color: #008c95\">Te ayudamos a cuidar de tu mascota con el mejor servicio veterinario en Castelldefells.<\/span><\/h2>\n<div>\n<div id=\"181519593175919087\" align=\"left\" class=\"wcustomhtml\"><\/div>\n<\/div>\n<p>[\/et_pb_text][\/et_pb_column][\/et_pb_row][et_pb_row _builder_version=&#8221;4.16&#8243; global_colors_info=&#8221;{}&#8221;][et_pb_column type=&#8221;4_4&#8243; _builder_version=&#8221;4.16&#8243; global_colors_info=&#8221;{}&#8221;][et_pb_social_media_follow _builder_version=&#8221;4.16&#8243; text_orientation=&#8221;center&#8221; global_colors_info=&#8221;{}&#8221;][et_pb_social_media_follow_network social_network=&#8221;facebook&#8221; _builder_version=&#8221;4.16&#8243; background_color=&#8221;#3b5998&#8243; global_colors_info=&#8221;{}&#8221; follow_button=&#8221;off&#8221; url_new_window=&#8221;on&#8221;]facebook[\/et_pb_social_media_follow_network][et_pb_social_media_follow_network social_network=&#8221;twitter&#8221; _builder_version=&#8221;4.16&#8243; background_color=&#8221;#00aced&#8221; global_colors_info=&#8221;{}&#8221; follow_button=&#8221;off&#8221; url_new_window=&#8221;on&#8221;]twitter[\/et_pb_social_media_follow_network][et_pb_social_media_follow_network social_network=&#8221;pinterest&#8221; _builder_version=&#8221;4.16&#8243; background_color=&#8221;#cb2027&#8243; global_colors_info=&#8221;{}&#8221; follow_button=&#8221;off&#8221; url_new_window=&#8221;on&#8221;]pinterest[\/et_pb_social_media_follow_network][et_pb_social_media_follow_network social_network=&#8221;rss&#8221; _builder_version=&#8221;4.16&#8243; background_color=&#8221;#ff8a3c&#8221; global_colors_info=&#8221;{}&#8221; follow_button=&#8221;off&#8221; url_new_window=&#8221;on&#8221;]rss[\/et_pb_social_media_follow_network][\/et_pb_social_media_follow][\/et_pb_column][\/et_pb_row][\/et_pb_section]<\/p>\n","protected":false},"excerpt":{"rendered":"<p>FrakmentaAhora cuidar de tu mascota es m\u00e1s f\u00e1cil Ya puedes fraccionar los pagos de los productos y servicios veterinarios que realices en nuestro centro. \u200bEn\u00a0Els Llops\u00a0Cl\u00ednica Veterinaria de Castelldefels\u00a0nos preocupamos por la salud de tu mascota, pero tambi\u00e9n sabemos que las necesidades sanitarias de vuestro perro o gato pueden hacer mella en la econom\u00eda dom\u00e9stica. [&hellip;]<\/p>\n","protected":false},"author":4,"featured_media":0,"parent":0,"menu_order":0,"comment_status":"closed","ping_status":"closed","template":"","meta":{"_et_pb_use_builder":"on","_et_pb_old_content":"","_et_gb_content_width":"","footnotes":""},"class_list":["post-1071","page","type-page","status-publish","hentry"],"yoast_head":"<!-- This site is optimized with the Yoast SEO plugin v27.4 - https:\/\/yoast.com\/product\/yoast-seo-wordpress\/ -->\n<title>Frakmenta - Els Llops Cl\u00ednica Veterin\u00e0ria<\/title>\n<meta name=\"robots\" content=\"index, follow, max-snippet:-1, max-image-preview:large, max-video-preview:-1\" \/>\n<link rel=\"canonical\" href=\"https:\/\/clinicaveterinariaelsllops.com\/ca\/frakmenta\/\" \/>\n<meta property=\"og:locale\" content=\"ca_ES\" \/>\n<meta property=\"og:type\" content=\"article\" \/>\n<meta property=\"og:title\" content=\"Frakmenta - Els Llops Cl\u00ednica Veterin\u00e0ria\" \/>\n<meta property=\"og:description\" content=\"FrakmentaAhora cuidar de tu mascota es m\u00e1s f\u00e1cil Ya puedes fraccionar los pagos de los productos y servicios veterinarios que realices en nuestro centro. \u200bEn\u00a0Els Llops\u00a0Cl\u00ednica Veterinaria de Castelldefels\u00a0nos preocupamos por la salud de tu mascota, pero tambi\u00e9n sabemos que las necesidades sanitarias de vuestro perro o gato pueden hacer mella en la econom\u00eda dom\u00e9stica. [&hellip;]\" \/>\n<meta property=\"og:url\" content=\"https:\/\/clinicaveterinariaelsllops.com\/ca\/frakmenta\/\" \/>\n<meta property=\"og:site_name\" content=\"Els Llops Cl\u00ednica Veterin\u00e0ria\" \/>\n<meta property=\"article:modified_time\" content=\"2022-06-01T08:34:28+00:00\" \/>\n<meta property=\"og:image\" content=\"http:\/\/clinicaveterinariaelsllops.com\/wp-content\/uploads\/2019\/10\/frakmenta1.jpg\" \/>\n<meta name=\"twitter:card\" content=\"summary_large_image\" \/>\n<meta name=\"twitter:label1\" content=\"Temps estimat de lectura\" \/>\n\t<meta name=\"twitter:data1\" content=\"5 minuts\" \/>\n<script type=\"application\/ld+json\" class=\"yoast-schema-graph\">{\"@context\":\"https:\\\/\\\/schema.org\",\"@graph\":[{\"@type\":\"WebPage\",\"@id\":\"https:\\\/\\\/clinicaveterinariaelsllops.com\\\/ca\\\/frakmenta\\\/\",\"url\":\"https:\\\/\\\/clinicaveterinariaelsllops.com\\\/ca\\\/frakmenta\\\/\",\"name\":\"Frakmenta - Els Llops Cl\u00ednica Veterin\u00e0ria\",\"isPartOf\":{\"@id\":\"https:\\\/\\\/clinicaveterinariaelsllops.com\\\/ca\\\/#website\"},\"primaryImageOfPage\":{\"@id\":\"https:\\\/\\\/clinicaveterinariaelsllops.com\\\/ca\\\/frakmenta\\\/#primaryimage\"},\"image\":{\"@id\":\"https:\\\/\\\/clinicaveterinariaelsllops.com\\\/ca\\\/frakmenta\\\/#primaryimage\"},\"thumbnailUrl\":\"http:\\\/\\\/clinicaveterinariaelsllops.com\\\/wp-content\\\/uploads\\\/2019\\\/10\\\/frakmenta1.jpg\",\"datePublished\":\"2019-10-29T16:29:44+00:00\",\"dateModified\":\"2022-06-01T08:34:28+00:00\",\"breadcrumb\":{\"@id\":\"https:\\\/\\\/clinicaveterinariaelsllops.com\\\/ca\\\/frakmenta\\\/#breadcrumb\"},\"inLanguage\":\"ca\",\"potentialAction\":[{\"@type\":\"ReadAction\",\"target\":[\"https:\\\/\\\/clinicaveterinariaelsllops.com\\\/ca\\\/frakmenta\\\/\"]}]},{\"@type\":\"ImageObject\",\"inLanguage\":\"ca\",\"@id\":\"https:\\\/\\\/clinicaveterinariaelsllops.com\\\/ca\\\/frakmenta\\\/#primaryimage\",\"url\":\"http:\\\/\\\/clinicaveterinariaelsllops.com\\\/wp-content\\\/uploads\\\/2019\\\/10\\\/frakmenta1.jpg\",\"contentUrl\":\"http:\\\/\\\/clinicaveterinariaelsllops.com\\\/wp-content\\\/uploads\\\/2019\\\/10\\\/frakmenta1.jpg\"},{\"@type\":\"BreadcrumbList\",\"@id\":\"https:\\\/\\\/clinicaveterinariaelsllops.com\\\/ca\\\/frakmenta\\\/#breadcrumb\",\"itemListElement\":[{\"@type\":\"ListItem\",\"position\":1,\"name\":\"Home\",\"item\":\"https:\\\/\\\/clinicaveterinariaelsllops.com\\\/ca\\\/\"},{\"@type\":\"ListItem\",\"position\":2,\"name\":\"Frakmenta\"}]},{\"@type\":\"WebSite\",\"@id\":\"https:\\\/\\\/clinicaveterinariaelsllops.com\\\/ca\\\/#website\",\"url\":\"https:\\\/\\\/clinicaveterinariaelsllops.com\\\/ca\\\/\",\"name\":\"Els Llops Cl\u00ednica Veterin\u00e0ria\",\"description\":\"Els Llops Cl\u00ednica Veterin\u00e0ria de Castelldefels\",\"potentialAction\":[{\"@type\":\"SearchAction\",\"target\":{\"@type\":\"EntryPoint\",\"urlTemplate\":\"https:\\\/\\\/clinicaveterinariaelsllops.com\\\/ca\\\/?s={search_term_string}\"},\"query-input\":{\"@type\":\"PropertyValueSpecification\",\"valueRequired\":true,\"valueName\":\"search_term_string\"}}],\"inLanguage\":\"ca\"}]}<\/script>\n<!-- \/ Yoast SEO plugin. -->","yoast_head_json":{"title":"Frakmenta - Els Llops Cl\u00ednica Veterin\u00e0ria","robots":{"index":"index","follow":"follow","max-snippet":"max-snippet:-1","max-image-preview":"max-image-preview:large","max-video-preview":"max-video-preview:-1"},"canonical":"https:\/\/clinicaveterinariaelsllops.com\/ca\/frakmenta\/","og_locale":"ca_ES","og_type":"article","og_title":"Frakmenta - Els Llops Cl\u00ednica Veterin\u00e0ria","og_description":"FrakmentaAhora cuidar de tu mascota es m\u00e1s f\u00e1cil Ya puedes fraccionar los pagos de los productos y servicios veterinarios que realices en nuestro centro. \u200bEn\u00a0Els Llops\u00a0Cl\u00ednica Veterinaria de Castelldefels\u00a0nos preocupamos por la salud de tu mascota, pero tambi\u00e9n sabemos que las necesidades sanitarias de vuestro perro o gato pueden hacer mella en la econom\u00eda dom\u00e9stica. [&hellip;]","og_url":"https:\/\/clinicaveterinariaelsllops.com\/ca\/frakmenta\/","og_site_name":"Els Llops Cl\u00ednica Veterin\u00e0ria","article_modified_time":"2022-06-01T08:34:28+00:00","og_image":[{"url":"http:\/\/clinicaveterinariaelsllops.com\/wp-content\/uploads\/2019\/10\/frakmenta1.jpg","type":"","width":"","height":""}],"twitter_card":"summary_large_image","twitter_misc":{"Temps estimat de lectura":"5 minuts"},"schema":{"@context":"https:\/\/schema.org","@graph":[{"@type":"WebPage","@id":"https:\/\/clinicaveterinariaelsllops.com\/ca\/frakmenta\/","url":"https:\/\/clinicaveterinariaelsllops.com\/ca\/frakmenta\/","name":"Frakmenta - Els Llops Cl\u00ednica Veterin\u00e0ria","isPartOf":{"@id":"https:\/\/clinicaveterinariaelsllops.com\/ca\/#website"},"primaryImageOfPage":{"@id":"https:\/\/clinicaveterinariaelsllops.com\/ca\/frakmenta\/#primaryimage"},"image":{"@id":"https:\/\/clinicaveterinariaelsllops.com\/ca\/frakmenta\/#primaryimage"},"thumbnailUrl":"http:\/\/clinicaveterinariaelsllops.com\/wp-content\/uploads\/2019\/10\/frakmenta1.jpg","datePublished":"2019-10-29T16:29:44+00:00","dateModified":"2022-06-01T08:34:28+00:00","breadcrumb":{"@id":"https:\/\/clinicaveterinariaelsllops.com\/ca\/frakmenta\/#breadcrumb"},"inLanguage":"ca","potentialAction":[{"@type":"ReadAction","target":["https:\/\/clinicaveterinariaelsllops.com\/ca\/frakmenta\/"]}]},{"@type":"ImageObject","inLanguage":"ca","@id":"https:\/\/clinicaveterinariaelsllops.com\/ca\/frakmenta\/#primaryimage","url":"http:\/\/clinicaveterinariaelsllops.com\/wp-content\/uploads\/2019\/10\/frakmenta1.jpg","contentUrl":"http:\/\/clinicaveterinariaelsllops.com\/wp-content\/uploads\/2019\/10\/frakmenta1.jpg"},{"@type":"BreadcrumbList","@id":"https:\/\/clinicaveterinariaelsllops.com\/ca\/frakmenta\/#breadcrumb","itemListElement":[{"@type":"ListItem","position":1,"name":"Home","item":"https:\/\/clinicaveterinariaelsllops.com\/ca\/"},{"@type":"ListItem","position":2,"name":"Frakmenta"}]},{"@type":"WebSite","@id":"https:\/\/clinicaveterinariaelsllops.com\/ca\/#website","url":"https:\/\/clinicaveterinariaelsllops.com\/ca\/","name":"Els Llops Cl\u00ednica Veterin\u00e0ria","description":"Els Llops Cl\u00ednica Veterin\u00e0ria de Castelldefels","potentialAction":[{"@type":"SearchAction","target":{"@type":"EntryPoint","urlTemplate":"https:\/\/clinicaveterinariaelsllops.com\/ca\/?s={search_term_string}"},"query-input":{"@type":"PropertyValueSpecification","valueRequired":true,"valueName":"search_term_string"}}],"inLanguage":"ca"}]}},"_links":{"self":[{"href":"https:\/\/clinicaveterinariaelsllops.com\/ca\/wp-json\/wp\/v2\/pages\/1071","targetHints":{"allow":["GET"]}}],"collection":[{"href":"https:\/\/clinicaveterinariaelsllops.com\/ca\/wp-json\/wp\/v2\/pages"}],"about":[{"href":"https:\/\/clinicaveterinariaelsllops.com\/ca\/wp-json\/wp\/v2\/types\/page"}],"author":[{"embeddable":true,"href":"https:\/\/clinicaveterinariaelsllops.com\/ca\/wp-json\/wp\/v2\/users\/4"}],"replies":[{"embeddable":true,"href":"https:\/\/clinicaveterinariaelsllops.com\/ca\/wp-json\/wp\/v2\/comments?post=1071"}],"version-history":[{"count":0,"href":"https:\/\/clinicaveterinariaelsllops.com\/ca\/wp-json\/wp\/v2\/pages\/1071\/revisions"}],"wp:attachment":[{"href":"https:\/\/clinicaveterinariaelsllops.com\/ca\/wp-json\/wp\/v2\/media?parent=1071"}],"wp:term":[{"taxonomy":"status","embeddable":true,"href":"https:\/\/clinicaveterinariaelsllops.com\/ca\/wp-json\/wp\/v2\/status?post=1071"}],"curies":[{"name":"wp","href":"https:\/\/api.w.org\/{rel}","templated":true}]}}